{"id":595505,"date":"2025-03-05T00:24:56","date_gmt":"2025-03-04T23:24:56","guid":{"rendered":"https:\/\/shop.kustom.ch\/?post_type=product&#038;p=595505"},"modified":"2026-03-31T08:58:57","modified_gmt":"2026-03-31T07:58:57","slug":"high-vis-jacke-3","status":"publish","type":"product","link":"https:\/\/shop.kustom.ch\/fr\/produit\/high-vis-jacke-3\/","title":{"rendered":"Veste haute visibilit\u00e9"},"content":{"rendered":"<p>Cette veste haute visibilit\u00e9 a \u00e9t\u00e9 con\u00e7ue pour \u00eatre bien visible de tous les c\u00f4t\u00e9s, m\u00eame lorsque vous vous penchez. Le tissu r\u00e9sistant, l\u00e9ger et d\u00e9perlant vous offre un haut niveau de confort et de fonctionnalit\u00e9. Le devant est l\u00e9g\u00e8rement plus court pour garantir la libert\u00e9 de mouvement, le dos est plus long pour vous prot\u00e9ger des courants d'air et du froid. Certifi\u00e9 selon la norme EN ISO 20471, classe 3.<\/p>\n<p>FERMETURE : Dos rallong\u00e9. Poignets r\u00e9glables avec fermeture velcro. D\u00c9TAILS : Poche pour carte d'identit\u00e9 amovible. Soufflet dans le dos. Col haut avec fermeture \u00e0 glissi\u00e8re. FERMETURE FRONTALE : Fermeture \u00e0 glissi\u00e8re invisible en plastique. FONCTIONNALIT\u00c9 : Champs de couleur fonc\u00e9e dans les zones expos\u00e9es \u00e0 la salet\u00e9. CARACT\u00c9RISTIQUES PRINCIPALES : Artisan. EN ISO 20471. REFLEX : Mat\u00e9riau r\u00e9fl\u00e9chissant sur le torse, les manches et les \u00e9paules. TISSU : Disponible pour hommes et femmes. bleu. L\u00e9ger. Protection haute visibilit\u00e9. POCHES : Poche de poitrine avec fermeture \u00e0 glissi\u00e8re. Poche pour t\u00e9l\u00e9phone portable \u00e0 l'int\u00e9rieur. Poches int\u00e9rieures. Poches avant avec fermetures \u00e0 glissi\u00e8re. INSTRUCTIONS DE LAVAGE : Lavage \u00e0 la maison X 50. Ne pas nettoyer \u00e0 sec. LAVAGE : Lavage industriel EN ISO 15797. CERTIFICATION : Classe 2 et 3 Les v\u00eatements en orange sont conformes \u00e0 la norme RIS-3279-TOM Issue 2.<\/p>\n<p>65% polyester, 35% coton, serg\u00e9, ext\u00e9rieur hydrofuge, 240g\/m<\/p>","protected":false},"excerpt":{"rendered":"<p>Diese High-Vis Bundjacke wurde entwickelt um von allen Richtungen gut sichtbar zu sein, sogar wenn sie sich b\u00fccken. Der strapazierf\u00e4hige, leichte und wasserabweisende Stoff gibt Ihnen ein hohes Mass an Komfort und Funktionalit\u00e4t. Die Vorderseite ist etwas k\u00fcrzer geschnitten, um Bewegungsfreiheit zu garantieren, der R\u00fccken ist l\u00e4nger geschnitten, um Sie vor Zugluft und K\u00e4lte zu [&hellip;]<\/p>\n","protected":false},"featured_media":595565,"template":"","meta":[],"product_brand":[],"product_cat":[4186],"product_tag":[],"class_list":{"0":"post-595505","1":"product","2":"type-product","3":"status-publish","4":"has-post-thumbnail","6":"product_cat-jacken","7":"pa_brand-blaklaeder","8":"pa_brand-type-workwear","9":"pa_filter-color-blau","10":"pa_filter-color-gelb","11":"pa_filter-color-grau","12":"pa_filter-color-orange","13":"pa_filter-color-rot","14":"pa_filter-color-schwarz","16":"first","17":"instock","18":"sale","19":"taxable","20":"shipping-taxable","21":"purchasable","22":"product-type-variable","23":"add-to-wishlist-before_image"},"exclude_global_add_ons":[],"addons":[],"acf":[],"_links":{"self":[{"href":"https:\/\/shop.kustom.ch\/fr\/wp-json\/wp\/v2\/product\/595505"}],"collection":[{"href":"https:\/\/shop.kustom.ch\/fr\/wp-json\/wp\/v2\/product"}],"about":[{"href":"https:\/\/shop.kustom.ch\/fr\/wp-json\/wp\/v2\/types\/product"}],"wp:featuredmedia":[{"embeddable":true,"href":"https:\/\/shop.kustom.ch\/fr\/wp-json\/wp\/v2\/media\/595565"}],"wp:attachment":[{"href":"https:\/\/shop.kustom.ch\/fr\/wp-json\/wp\/v2\/media?parent=595505"}],"wp:term":[{"taxonomy":"product_brand","embeddable":true,"href":"https:\/\/shop.kustom.ch\/fr\/wp-json\/wp\/v2\/product_brand?post=595505"},{"taxonomy":"product_cat","embeddable":true,"href":"https:\/\/shop.kustom.ch\/fr\/wp-json\/wp\/v2\/product_cat?post=595505"},{"taxonomy":"product_tag","embeddable":true,"href":"https:\/\/shop.kustom.ch\/fr\/wp-json\/wp\/v2\/product_tag?post=595505"}],"curies":[{"name":"wp","href":"https:\/\/api.w.org\/{rel}","templated":true}]}}