{"id":595490,"date":"2025-03-05T00:24:53","date_gmt":"2025-03-04T23:24:53","guid":{"rendered":"https:\/\/shop.kustom.ch\/?post_type=product&#038;p=595490"},"modified":"2026-03-31T08:58:51","modified_gmt":"2026-03-31T07:58:51","slug":"flammschutzjacke","status":"publish","type":"product","link":"https:\/\/shop.kustom.ch\/fr\/produit\/flammschutzjacke\/","title":{"rendered":"Veste ignifug\u00e9e"},"content":{"rendered":"<p>Veste ignifuge r\u00e9sistante \u00e0 l'huile, \u00e0 la salet\u00e9 et \u00e0 l'eau avec une fermeture \u00e9clair m\u00e9tallique robuste et cach\u00e9e et des poches pratiques. Soufflet d'aisance au dos et coudes pr\u00e9form\u00e9s pour un meilleur confort. D\u00e9tails r\u00e9fl\u00e9chissants pour une meilleure visibilit\u00e9. Convient au lavage industriel. Le tissu a une r\u00e9sistance \u00e0 l'arc \u00e9lectrique de EN 61482-1-1 ATPV 16,0 cal\/cm2. Certifi\u00e9 selon les normes EN 1149-5, EN ISO 11611, EN 13034, EN ISO 11612, IEC 61482-2. ATPV : 16,0 cal\/cm\u00b2.<\/p>\n<p>FERMETURE : Ceinture r\u00e9glable avec boutons-pression. Poignets r\u00e9glables avec boutons-pression. D\u00c9TAILS : Soufflet au dos. \u00c9tiquettes de certification ext\u00e9rieures. Col haut avec fermeture \u00e0 glissi\u00e8re dissimul\u00e9e. FERMETURE FRONTALE : Fermeture \u00e0 glissi\u00e8re m\u00e9tallique renforc\u00e9e et dissimul\u00e9e. FONCTIONNALIT\u00c9 : R\u00e9sistant \u00e0 l'huile, \u00e0 la salet\u00e9 et \u00e0 l'eau. CARACTERISTIQUES PRINCIPALES : Soudeur. IEC 61482-2. REFLEX : D\u00e9tails r\u00e9fl\u00e9chissants. TISSU : Disponible pour hommes et femmes. noir. Protection contre les flammes. POCHES : Poches poitrine avec fermeture \u00e9clair cach\u00e9e. Poche pour t\u00e9l\u00e9phone portable \u00e0 l'int\u00e9rieur. Poche int\u00e9rieure. Poches ins\u00e9r\u00e9es avec rabats. INSTRUCTIONS DE LAVAGE : Ne pas nettoyer \u00e0 sec. LAVAGE : Lavage industriel EN ISO 15797. CERTIFICATION : EN 1149-5. EN 13034 PB (6). EN ISO 11611, classe 1 A1+A2. EN ISO 11612 A1, A2, B1, C1, E3, F1. IEC 61482-2, APC 1<\/p>\n<p>85% coton, 14% polyester, 1% antistatique, serg\u00e9, ignifug\u00e9, antistatique, 350 g\/m<\/p>","protected":false},"excerpt":{"rendered":"<p>\u00d6l-, schmutz- und wasserabweisende Flammschutzjacke mit robustem, verstecktem Metall Reissverschluss und praktischen Taschen. Bewegungsfalte am R\u00fccken und vorgeformte Ellbogen f\u00fcr besseren Komfort. Reflexdetails f\u00fcr h\u00f6here Sichtbarkeit. Industriew\u00e4sche geeignet. Der Stoff hat eine Lichtbogenfestigkeit von EN 61482-1-1 ATPV 16,0 cal\/cm2. Zertifiziert nach EN 1149-5, EN ISO 11611, EN 13034, EN ISO 11612, IEC 61482-2. ATPV: 16,0 [&hellip;]<\/p>\n","protected":false},"featured_media":595549,"template":"","meta":[],"product_brand":[],"product_cat":[4186],"product_tag":[],"class_list":{"0":"post-595490","1":"product","2":"type-product","3":"status-publish","4":"has-post-thumbnail","6":"product_cat-jacken","7":"pa_brand-blaklaeder","8":"pa_brand-type-workwear","9":"pa_filter-color-grau","10":"pa_filter-color-schwarz","12":"first","13":"instock","14":"sale","15":"taxable","16":"shipping-taxable","17":"purchasable","18":"product-type-variable","19":"add-to-wishlist-before_image"},"exclude_global_add_ons":[],"addons":[],"acf":[],"_links":{"self":[{"href":"https:\/\/shop.kustom.ch\/fr\/wp-json\/wp\/v2\/product\/595490"}],"collection":[{"href":"https:\/\/shop.kustom.ch\/fr\/wp-json\/wp\/v2\/product"}],"about":[{"href":"https:\/\/shop.kustom.ch\/fr\/wp-json\/wp\/v2\/types\/product"}],"wp:featuredmedia":[{"embeddable":true,"href":"https:\/\/shop.kustom.ch\/fr\/wp-json\/wp\/v2\/media\/595549"}],"wp:attachment":[{"href":"https:\/\/shop.kustom.ch\/fr\/wp-json\/wp\/v2\/media?parent=595490"}],"wp:term":[{"taxonomy":"product_brand","embeddable":true,"href":"https:\/\/shop.kustom.ch\/fr\/wp-json\/wp\/v2\/product_brand?post=595490"},{"taxonomy":"product_cat","embeddable":true,"href":"https:\/\/shop.kustom.ch\/fr\/wp-json\/wp\/v2\/product_cat?post=595490"},{"taxonomy":"product_tag","embeddable":true,"href":"https:\/\/shop.kustom.ch\/fr\/wp-json\/wp\/v2\/product_tag?post=595490"}],"curies":[{"name":"wp","href":"https:\/\/api.w.org\/{rel}","templated":true}]}}