{"id":595468,"date":"2025-03-05T00:24:19","date_gmt":"2025-03-04T23:24:19","guid":{"rendered":"https:\/\/shop.kustom.ch\/?post_type=product&#038;p=595468"},"modified":"2026-03-31T08:58:50","modified_gmt":"2026-03-31T07:58:50","slug":"kniepolster-2","status":"publish","type":"product","link":"https:\/\/shop.kustom.ch\/fr\/produit\/kniepolster-2\/","title":{"rendered":"Genouill\u00e8res"},"content":{"rendered":"<p>La genouill\u00e8re professionnelle est fabriqu\u00e9e en EVA et a \u00e9t\u00e9 sp\u00e9cialement con\u00e7ue pour les artisans qui travaillent longtemps \u00e0 genoux. Le c\u00f4t\u00e9 dur offre une protection efficace contre les objets tranchants. L'int\u00e9rieur de la genouill\u00e8re est souple afin d'\u00eatre confortable et elle a une coupe extra large pour s'assurer que les genoux sont dans la bonne position.<\/p>\n<p>CARACT\u00c9RISTIQUES PRINCIPALES : Unisexe. EN 14004. COMPATIBLE : Voir les certifications et les recommandations du pantalon. S\u00c9CURIT\u00c9 : Genouill\u00e8res standard 250x170x20 mm. INSTRUCTIONS DE LAVAGE : Retirer du pantalon avant le lavage. CONDITIONNEMENT : Livr\u00e9 par paire. CERTIFICATION : Certifi\u00e9 avec les pantalons marqu\u00e9s M1G et H1G.<\/p>\n<p>Poly\u00e9thyl\u00e8ne<\/p>","protected":false},"excerpt":{"rendered":"<p>Das professionelle Kniepolster besteht aus EVA Material und ist speziell entwickelt f\u00fcr Handwerker, die lange Zeit auf den Knien arbeiten. Die harte Seite bietet effektiven Schutz vor scharfen Gegenst\u00e4nden. Das Polster ist an der Innenseite weich, damit es bequem sitzt und es hat eine extra breite Passform um sicher zu stellen, dass die Knie in [&hellip;]<\/p>\n","protected":false},"featured_media":595538,"template":"","meta":[],"product_brand":[],"product_cat":[9643,4209],"product_tag":[],"class_list":{"0":"post-595468","1":"product","2":"type-product","3":"status-publish","4":"has-post-thumbnail","6":"product_cat-equipment","7":"product_cat-zubehoer","8":"pa_brand-blaklaeder","9":"pa_brand-type-workwear","10":"pa_filter-color-rot","11":"pa_filter-color-schwarz","13":"first","14":"instock","15":"sale","16":"taxable","17":"shipping-taxable","18":"purchasable","19":"product-type-variable","20":"add-to-wishlist-before_image"},"exclude_global_add_ons":[],"addons":[],"acf":[],"_links":{"self":[{"href":"https:\/\/shop.kustom.ch\/fr\/wp-json\/wp\/v2\/product\/595468"}],"collection":[{"href":"https:\/\/shop.kustom.ch\/fr\/wp-json\/wp\/v2\/product"}],"about":[{"href":"https:\/\/shop.kustom.ch\/fr\/wp-json\/wp\/v2\/types\/product"}],"wp:featuredmedia":[{"embeddable":true,"href":"https:\/\/shop.kustom.ch\/fr\/wp-json\/wp\/v2\/media\/595538"}],"wp:attachment":[{"href":"https:\/\/shop.kustom.ch\/fr\/wp-json\/wp\/v2\/media?parent=595468"}],"wp:term":[{"taxonomy":"product_brand","embeddable":true,"href":"https:\/\/shop.kustom.ch\/fr\/wp-json\/wp\/v2\/product_brand?post=595468"},{"taxonomy":"product_cat","embeddable":true,"href":"https:\/\/shop.kustom.ch\/fr\/wp-json\/wp\/v2\/product_cat?post=595468"},{"taxonomy":"product_tag","embeddable":true,"href":"https:\/\/shop.kustom.ch\/fr\/wp-json\/wp\/v2\/product_tag?post=595468"}],"curies":[{"name":"wp","href":"https:\/\/api.w.org\/{rel}","templated":true}]}}