{"id":595392,"date":"2025-03-05T00:22:09","date_gmt":"2025-03-04T23:22:09","guid":{"rendered":"https:\/\/shop.kustom.ch\/?post_type=product&#038;p=595392"},"modified":"2026-03-31T08:58:48","modified_gmt":"2026-03-31T07:58:48","slug":"bundjacke-industrie","status":"publish","type":"product","link":"https:\/\/shop.kustom.ch\/fr\/produit\/bundjacke-industrie\/","title":{"rendered":"Veste industrielle"},"content":{"rendered":"<p>Dans notre collection industrielle, des d\u00e9tails astucieux et l'accent mis sur la fonctionnalit\u00e9 permettent aux v\u00eatements de r\u00e9sister \u00e0 des conditions difficiles. La veste 4054 est un mod\u00e8le de base dot\u00e9 des fonctions les plus importantes. La veste poss\u00e8de deux poches poitrine \u00e0 rabat, dont l'une est une poche \u00e0 crayons en deux parties avec des sangles pour des outils suppl\u00e9mentaires. Elle poss\u00e8de un pli de mouvement dans le dos pour une plus grande libert\u00e9 de mouvement.<\/p>\n<p>FERMETURE : Poignets r\u00e9glables. D\u00c9TAILS : Poche pour carte d'identit\u00e9 amovible. Soufflet au dos. \u00c9paules de couleur contrast\u00e9e. FERMETURE FRONTALE : Fermeture \u00e0 glissi\u00e8re invisible en plastique. CARACT\u00c9RISTIQUES PRINCIPALES : Pouvoir nettoyant. TISSU : Hommes. Bleu. Industrie \/ Service. POSITIONS : Poches poitrine \u00e0 soufflet et rabat, dont une avec poche double pour stylos. Poches int\u00e9rieures, dont une avec poche pour t\u00e9l\u00e9phone portable. Deux poches avant. INSTRUCTIONS DE LAVAGE : Nettoyage \u00e0 sec - normal P<\/p>\n<p>100% Coton, serg\u00e9, 320 g\/m<\/p>","protected":false},"excerpt":{"rendered":"<p>Clevere Details und der Fokus auf Funktionalit\u00e4t sorgen in unserer Industriekollektion daf\u00fcr, dass die Kleidungsst\u00fccke auch harten Bedingungen standhalten. Die Jacke 4054 ist ein Basismodell mit den wichtigsten Funktionen. Die Jacke hat zwei Brusttaschen mit Patte, eine davon als zweiteilige Stifttasche mit Riemen f\u00fcr extra Werkzeug. Sie hat eine Bewegungsfalte am R\u00fccken f\u00fcr mehr Bewegungsfreiheit. [&hellip;]<\/p>\n","protected":false},"featured_media":595478,"template":"","meta":[],"product_brand":[],"product_cat":[4186],"product_tag":[],"class_list":{"0":"post-595392","1":"product","2":"type-product","3":"status-publish","4":"has-post-thumbnail","6":"product_cat-jacken","7":"pa_brand-blaklaeder","8":"pa_brand-type-workwear","9":"pa_filter-color-beige","10":"pa_filter-color-blau","11":"pa_filter-color-grau","12":"pa_filter-color-rot","13":"pa_filter-color-schwarz","15":"first","16":"instock","17":"sale","18":"taxable","19":"shipping-taxable","20":"purchasable","21":"product-type-variable","22":"add-to-wishlist-before_image"},"exclude_global_add_ons":[],"addons":[],"acf":[],"_links":{"self":[{"href":"https:\/\/shop.kustom.ch\/fr\/wp-json\/wp\/v2\/product\/595392"}],"collection":[{"href":"https:\/\/shop.kustom.ch\/fr\/wp-json\/wp\/v2\/product"}],"about":[{"href":"https:\/\/shop.kustom.ch\/fr\/wp-json\/wp\/v2\/types\/product"}],"wp:featuredmedia":[{"embeddable":true,"href":"https:\/\/shop.kustom.ch\/fr\/wp-json\/wp\/v2\/media\/595478"}],"wp:attachment":[{"href":"https:\/\/shop.kustom.ch\/fr\/wp-json\/wp\/v2\/media?parent=595392"}],"wp:term":[{"taxonomy":"product_brand","embeddable":true,"href":"https:\/\/shop.kustom.ch\/fr\/wp-json\/wp\/v2\/product_brand?post=595392"},{"taxonomy":"product_cat","embeddable":true,"href":"https:\/\/shop.kustom.ch\/fr\/wp-json\/wp\/v2\/product_cat?post=595392"},{"taxonomy":"product_tag","embeddable":true,"href":"https:\/\/shop.kustom.ch\/fr\/wp-json\/wp\/v2\/product_tag?post=595392"}],"curies":[{"name":"wp","href":"https:\/\/api.w.org\/{rel}","templated":true}]}}