{"id":595373,"date":"2025-03-05T00:21:32","date_gmt":"2025-03-04T23:21:32","guid":{"rendered":"https:\/\/shop.kustom.ch\/?post_type=product&#038;p=595373"},"modified":"2026-03-31T08:58:39","modified_gmt":"2026-03-31T07:58:39","slug":"high-vis-jacke-2","status":"publish","type":"product","link":"https:\/\/shop.kustom.ch\/fr\/produit\/high-vis-jacke-2\/","title":{"rendered":"Veste haute visibilit\u00e9"},"content":{"rendered":"<p>Veste haute visibilit\u00e9 pratique avec bras pr\u00e9form\u00e9s, largeur r\u00e9glable \u00e0 la taille et dos pliss\u00e9 en mat\u00e9riau hydrofuge. La combinaison de couleurs jaune\/noir 3399 est certifi\u00e9e selon la norme EN ISO 20471 classe 2.<\/p>\n<p>FERMETURE : Dos rallong\u00e9. Poignets r\u00e9glables avec fermeture velcro. D\u00c9TAILS : Poche pour carte d'identit\u00e9. Soufflet dans le dos. Col doubl\u00e9 en polaire. FERMETURE FRONTALE : Fermeture \u00e0 glissi\u00e8re en plastique renforc\u00e9e et dissimul\u00e9e. CARACT\u00c9RISTIQUES PRINCIPALES : Artisan. EN ISO 20471. REFLEX : Passepoil r\u00e9fl\u00e9chissant. TISSU : Homme. Noir. Transport. POCHES : Poches poitrine avec soufflet et rabat. Poche Napol\u00e9on \u00e0 l'int\u00e9rieur du rabat. Poches avant avec fermetures \u00e0 glissi\u00e8re. Poche sur la manche avec poche pour stylo. INSTRUCTIONS DE LAVAGE : Lavage industriel X 50. PRO : convient au s\u00e9chage en tambour. LAVAGE : lavage industriel EN ISO 15797. CERTIFICATION : EN ISO 20471, classe 2.<\/p>\n<p>65% polyester, 35% coton, serg\u00e9, ext\u00e9rieur hydrofuge, 240g\/m<\/p>","protected":false},"excerpt":{"rendered":"<p>Praktische High Vis Jacke mit vorgeformten Armen, einstellbarer Weite an der Taille und plissiertem R\u00fccken aus wasserabweisendem Material. Die Farbkombination 3399 Gelb\/Schwarz ist zertifiziert nach EN ISO 20471 Klasse 2. ABSCHLUSS: Verl\u00e4ngerter R\u00fccken. Verstellbare \u00c4rmelb\u00fcndchen mit Klettverschluss. DETAILS: Ausweistasche. Balg am R\u00fccken. Fleecegef\u00fctterter Kragen. FRONTVERSCHLUSS: Verdeckter, verst\u00e4rkter Reissverschluss aus Kunststoff. HAUPTEIGENSCHAFTEN: Handwerker. EN ISO 20471. [&hellip;]<\/p>\n","protected":false},"featured_media":595443,"template":"","meta":[],"product_brand":[],"product_cat":[4186],"product_tag":[],"class_list":{"0":"post-595373","1":"product","2":"type-product","3":"status-publish","4":"has-post-thumbnail","6":"product_cat-jacken","7":"pa_brand-blaklaeder","8":"pa_brand-type-workwear","9":"pa_filter-color-gelb","10":"pa_filter-color-schwarz","12":"first","13":"instock","14":"sale","15":"taxable","16":"shipping-taxable","17":"purchasable","18":"product-type-variable","19":"add-to-wishlist-before_image"},"exclude_global_add_ons":[],"addons":[],"acf":[],"_links":{"self":[{"href":"https:\/\/shop.kustom.ch\/fr\/wp-json\/wp\/v2\/product\/595373"}],"collection":[{"href":"https:\/\/shop.kustom.ch\/fr\/wp-json\/wp\/v2\/product"}],"about":[{"href":"https:\/\/shop.kustom.ch\/fr\/wp-json\/wp\/v2\/types\/product"}],"wp:featuredmedia":[{"embeddable":true,"href":"https:\/\/shop.kustom.ch\/fr\/wp-json\/wp\/v2\/media\/595443"}],"wp:attachment":[{"href":"https:\/\/shop.kustom.ch\/fr\/wp-json\/wp\/v2\/media?parent=595373"}],"wp:term":[{"taxonomy":"product_brand","embeddable":true,"href":"https:\/\/shop.kustom.ch\/fr\/wp-json\/wp\/v2\/product_brand?post=595373"},{"taxonomy":"product_cat","embeddable":true,"href":"https:\/\/shop.kustom.ch\/fr\/wp-json\/wp\/v2\/product_cat?post=595373"},{"taxonomy":"product_tag","embeddable":true,"href":"https:\/\/shop.kustom.ch\/fr\/wp-json\/wp\/v2\/product_tag?post=595373"}],"curies":[{"name":"wp","href":"https:\/\/api.w.org\/{rel}","templated":true}]}}