{"id":595312,"date":"2025-03-05T00:19:43","date_gmt":"2025-03-04T23:19:43","guid":{"rendered":"https:\/\/shop.kustom.ch\/?post_type=product&#038;p=595312"},"modified":"2026-03-31T08:58:33","modified_gmt":"2026-03-31T07:58:33","slug":"kniepolster-gel-25-mm","status":"publish","type":"product","link":"https:\/\/shop.kustom.ch\/fr\/produit\/kniepolster-gel-25-mm\/","title":{"rendered":"Genouill\u00e8res en gel 25 mm"},"content":{"rendered":"<p>Une genouill\u00e8re stable pour tous ceux qui travaillent beaucoup au sol. Le rembourrage est confortable et flexible. Il est compos\u00e9 d'un mat\u00e9riau en gel de 25 mm avec une coupe extra large qui am\u00e9liore \u00e0 la fois le confort et offre une protection efficace en cas de temps prolong\u00e9 sur les genoux. Le rembourrage est souple \u00e0 l'int\u00e9rieur pour un meilleur confort et s'adapte parfaitement \u00e0 la forme du pantalon.<\/p>\n<p>CARACT\u00c9RISTIQUES PRINCIPALES : Unisexe. EN 14004. COMPATIBLE : Voir les certifications et les recommandations du pantalon. S\u00c9CURIT\u00c9 : Genouill\u00e8res standard 245x170x25 mm. INSTRUCTIONS DE LAVAGE : Retirer du pantalon avant le lavage. CONDITIONNEMENT : Livr\u00e9 par paire. CERTIFICATION : Certifi\u00e9 avec les pantalons marqu\u00e9s M1G et H1G.<\/p>\n<p>100% Caoutchouc synth\u00e9tique<\/p>","protected":false},"excerpt":{"rendered":"<p>Ein stabiles Kniepolster f\u00fcr alle, die viel auf dem Boden arbeiten. Das Polster ist bequem und flexibel. Es besteht aus 25mm Gel-Material mit extra breiter Passform, die sowohl den Komfort erh\u00f6ht, als auch effektiven Schutz bei l\u00e4ngerer Zeit auf den Knien bietet. Das Polster ist f\u00fcr einen besseren Komfort an der Innenseite weich und passt [&hellip;]<\/p>\n","protected":false},"featured_media":595356,"template":"","meta":[],"product_brand":[],"product_cat":[9643,4209],"product_tag":[],"class_list":{"0":"post-595312","1":"product","2":"type-product","3":"status-publish","4":"has-post-thumbnail","6":"product_cat-equipment","7":"product_cat-zubehoer","8":"pa_brand-blaklaeder","9":"pa_brand-type-workwear","10":"pa_filter-color-schwarz","12":"first","13":"instock","14":"sale","15":"taxable","16":"shipping-taxable","17":"purchasable","18":"product-type-variable","19":"add-to-wishlist-before_image"},"exclude_global_add_ons":[],"addons":[],"acf":[],"_links":{"self":[{"href":"https:\/\/shop.kustom.ch\/fr\/wp-json\/wp\/v2\/product\/595312"}],"collection":[{"href":"https:\/\/shop.kustom.ch\/fr\/wp-json\/wp\/v2\/product"}],"about":[{"href":"https:\/\/shop.kustom.ch\/fr\/wp-json\/wp\/v2\/types\/product"}],"wp:featuredmedia":[{"embeddable":true,"href":"https:\/\/shop.kustom.ch\/fr\/wp-json\/wp\/v2\/media\/595356"}],"wp:attachment":[{"href":"https:\/\/shop.kustom.ch\/fr\/wp-json\/wp\/v2\/media?parent=595312"}],"wp:term":[{"taxonomy":"product_brand","embeddable":true,"href":"https:\/\/shop.kustom.ch\/fr\/wp-json\/wp\/v2\/product_brand?post=595312"},{"taxonomy":"product_cat","embeddable":true,"href":"https:\/\/shop.kustom.ch\/fr\/wp-json\/wp\/v2\/product_cat?post=595312"},{"taxonomy":"product_tag","embeddable":true,"href":"https:\/\/shop.kustom.ch\/fr\/wp-json\/wp\/v2\/product_tag?post=595312"}],"curies":[{"name":"wp","href":"https:\/\/api.w.org\/{rel}","templated":true}]}}