{"id":595311,"date":"2025-03-05T00:19:42","date_gmt":"2025-03-04T23:19:42","guid":{"rendered":"https:\/\/shop.kustom.ch\/?post_type=product&#038;p=595311"},"modified":"2026-03-31T08:58:33","modified_gmt":"2026-03-31T07:58:33","slug":"kniepolster","status":"publish","type":"product","link":"https:\/\/shop.kustom.ch\/fr\/produit\/kniepolster\/","title":{"rendered":"Genouill\u00e8res"},"content":{"rendered":"<p>Genouill\u00e8res mall\u00e9ables, sp\u00e9cialement con\u00e7ues pour les sp\u00e9cialistes qui travaillent souvent en position agenouill\u00e9e. La face avant stable prot\u00e8ge des objets tranchants et la face int\u00e9rieure souple assure un confort maximal.<\/p>\n<p>CARACT\u00c9RISTIQUES PRINCIPALES : Unisexe. EN 14004. COMPATIBLE : Voir les certifications et les recommandations du pantalon. S\u00c9CURIT\u00c9 : Genouill\u00e8res standard - 155x250x20 mm. INSTRUCTIONS DE LAVAGE : Retirer du pantalon avant le lavage. CONDITIONNEMENT : Livr\u00e9 par paire. CERTIFICATION : Certifi\u00e9 avec les pantalons marqu\u00e9s F1G et M1G.<\/p>\n<p>Poly\u00e9thyl\u00e8ne<\/p>","protected":false},"excerpt":{"rendered":"<p>Formbare Kniepolster, speziell entwickelt f\u00fcr Spezialisten, die oft in kniender Position arbeiten. Die stabile Vorderseite sch\u00fctzt vor scharfen Objekten und die weiche Innenseite sorgt f\u00fcr maximalen Komfort. HAUPTEIGENSCHAFTEN: Unisex. EN 14004. PASST ZU: Siehe Zertifizierungen und Empfehlungen der Hose. SICHERHEIT: Standard Kniepolster &#8211; 155x250x20 mm. WASCHANLEITUNG: Vor dem Waschen von der Hose entfernen. VERPACKUNG: Lieferung [&hellip;]<\/p>\n","protected":false},"featured_media":595355,"template":"","meta":[],"product_brand":[],"product_cat":[9643,4209],"product_tag":[],"class_list":{"0":"post-595311","1":"product","2":"type-product","3":"status-publish","4":"has-post-thumbnail","6":"product_cat-equipment","7":"product_cat-zubehoer","8":"pa_brand-blaklaeder","9":"pa_brand-type-workwear","10":"pa_filter-color-rot","11":"pa_filter-color-schwarz","13":"first","14":"instock","15":"sale","16":"taxable","17":"shipping-taxable","18":"purchasable","19":"product-type-variable","20":"add-to-wishlist-before_image"},"exclude_global_add_ons":[],"addons":[],"acf":[],"_links":{"self":[{"href":"https:\/\/shop.kustom.ch\/fr\/wp-json\/wp\/v2\/product\/595311"}],"collection":[{"href":"https:\/\/shop.kustom.ch\/fr\/wp-json\/wp\/v2\/product"}],"about":[{"href":"https:\/\/shop.kustom.ch\/fr\/wp-json\/wp\/v2\/types\/product"}],"wp:featuredmedia":[{"embeddable":true,"href":"https:\/\/shop.kustom.ch\/fr\/wp-json\/wp\/v2\/media\/595355"}],"wp:attachment":[{"href":"https:\/\/shop.kustom.ch\/fr\/wp-json\/wp\/v2\/media?parent=595311"}],"wp:term":[{"taxonomy":"product_brand","embeddable":true,"href":"https:\/\/shop.kustom.ch\/fr\/wp-json\/wp\/v2\/product_brand?post=595311"},{"taxonomy":"product_cat","embeddable":true,"href":"https:\/\/shop.kustom.ch\/fr\/wp-json\/wp\/v2\/product_cat?post=595311"},{"taxonomy":"product_tag","embeddable":true,"href":"https:\/\/shop.kustom.ch\/fr\/wp-json\/wp\/v2\/product_tag?post=595311"}],"curies":[{"name":"wp","href":"https:\/\/api.w.org\/{rel}","templated":true}]}}