{"id":595274,"date":"2025-03-05T00:19:11","date_gmt":"2025-03-04T23:19:11","guid":{"rendered":"https:\/\/shop.kustom.ch\/?post_type=product&#038;p=595274"},"modified":"2026-03-31T08:58:32","modified_gmt":"2026-03-31T07:58:32","slug":"high-vis-jacke","status":"publish","type":"product","link":"https:\/\/shop.kustom.ch\/fr\/produit\/high-vis-jacke\/","title":{"rendered":"Veste haute visibilit\u00e9"},"content":{"rendered":"<p>Veste haute visibilit\u00e9 confortable en quatre combinaisons de couleurs diff\u00e9rentes. Coupe ergonomique pour une bonne libert\u00e9 de mouvement. Nombreuses poches astucieuses, y compris une poche poitrine, des poches lat\u00e9rales et une poche pour t\u00e9l\u00e9phone portable. Certifi\u00e9e selon EN ISO 20471, XS-S classe 2 M-XXXL.<\/p>\n<p>FERMETURE : Dos rallong\u00e9. Poignets r\u00e9glables avec bouton-pression. D\u00c9TAILS : Poche pour carte d'identit\u00e9 escamotable. Soufflet au dos. Couture de selle \u00e0 l'arri\u00e8re. FERMETURE AVANT : Fermeture \u00e0 glissi\u00e8re m\u00e9tallique dissimul\u00e9e. TRAVAILLEURS PRINCIPAUX : Travailleurs de la route et du b\u00e2timent. RIS-3279-TOM . REFLEX : Mat\u00e9riau r\u00e9fl\u00e9chissant sur le torse, les manches et les \u00e9paules. TISSU : pour hommes. Jaune haute visibilit\u00e9. Haute visibilit\u00e9 . POCHES : Poches poitrine avec rabats et bouton-pression. Poche pour t\u00e9l\u00e9phone portable \u00e0 l'int\u00e9rieur. Poches avant \u00e0 rabat et poches lat\u00e9rales. INSTRUCTIONS DE LAVAGE : Lavage industriel X 50. PRO : convient au s\u00e9chage en tambour. LAVAGE : lavage industriel EN ISO 15797. CERTIFICATION : groupe de certification B -&gt;M<\/p>\n<p>85% polyester, 15% coton, satin, 300g\/m<\/p>","protected":false},"excerpt":{"rendered":"<p>Komfortable High Vis Jacke in vier verschiedenen Farbkombinationen. Ergonomische Passform f\u00fcr eine gute Bewegungsfreiheit. Viele clevere Taschen, inklusive Brusttasche, Seitentaschen und Handytasche. Zertifiziert nach EN ISO 20471, XS-S Klasse 2 M-XXXL. ABSCHLUSS: Verl\u00e4ngerter R\u00fccken. Verstellbare \u00c4rmelb\u00fcndchen mit Druckknopf. DETAILS: Ausweistasche versenkbar. Balg am R\u00fccken. Sattelnaht hinten. FRONTVERSCHLUSS: Verdeckter Reissverschluss aus Metall. HAUPTEIGENSCHAFTEN: Strassen- und Bauarbeiter. [&hellip;]<\/p>\n","protected":false},"featured_media":595342,"template":"","meta":[],"product_brand":[],"product_cat":[4186],"product_tag":[],"class_list":{"0":"post-595274","1":"product","2":"type-product","3":"status-publish","4":"has-post-thumbnail","6":"product_cat-jacken","7":"pa_brand-blaklaeder","8":"pa_brand-type-workwear","9":"pa_filter-color-blau","10":"pa_filter-color-gelb","11":"pa_filter-color-orange","12":"pa_filter-color-schwarz","14":"first","15":"instock","16":"sale","17":"taxable","18":"shipping-taxable","19":"purchasable","20":"product-type-variable","21":"add-to-wishlist-before_image"},"exclude_global_add_ons":[],"addons":[],"acf":[],"_links":{"self":[{"href":"https:\/\/shop.kustom.ch\/fr\/wp-json\/wp\/v2\/product\/595274"}],"collection":[{"href":"https:\/\/shop.kustom.ch\/fr\/wp-json\/wp\/v2\/product"}],"about":[{"href":"https:\/\/shop.kustom.ch\/fr\/wp-json\/wp\/v2\/types\/product"}],"wp:featuredmedia":[{"embeddable":true,"href":"https:\/\/shop.kustom.ch\/fr\/wp-json\/wp\/v2\/media\/595342"}],"wp:attachment":[{"href":"https:\/\/shop.kustom.ch\/fr\/wp-json\/wp\/v2\/media?parent=595274"}],"wp:term":[{"taxonomy":"product_brand","embeddable":true,"href":"https:\/\/shop.kustom.ch\/fr\/wp-json\/wp\/v2\/product_brand?post=595274"},{"taxonomy":"product_cat","embeddable":true,"href":"https:\/\/shop.kustom.ch\/fr\/wp-json\/wp\/v2\/product_cat?post=595274"},{"taxonomy":"product_tag","embeddable":true,"href":"https:\/\/shop.kustom.ch\/fr\/wp-json\/wp\/v2\/product_tag?post=595274"}],"curies":[{"name":"wp","href":"https:\/\/api.w.org\/{rel}","templated":true}]}}