{"id":595273,"date":"2025-03-05T00:19:11","date_gmt":"2025-03-04T23:19:11","guid":{"rendered":"https:\/\/shop.kustom.ch\/?post_type=product&#038;p=595273"},"modified":"2026-03-31T08:58:20","modified_gmt":"2026-03-31T07:58:20","slug":"hammerhalter-3","status":"publish","type":"product","link":"https:\/\/shop.kustom.ch\/fr\/produit\/hammerhalter-3\/","title":{"rendered":"Porte-marteau"},"content":{"rendered":"<p>Boucle marteau enduite avec fermeture velcro pour l'attacher \u00e0 la ceinture. S'adapte aux pantalons 1567, 1568, 1960 et 1961.<\/p>\n<p>FONCTIONNALIT\u00c9 : Fix\u00e9 aux boucles pour porte marteau. CARACT\u00c9RISTIQUES PRINCIPALES : Unisexe. COMPATIBILIT\u00c9 : Pantalon avec sangles pour porte-marteau. INSTRUCTIONS DE LAVAGE : enlever les genouill\u00e8res avant le lavage.<\/p>","protected":false},"excerpt":{"rendered":"<p>Beschichtete Hammerschlaufe mit Klettverschluss zum Anbringen am G\u00fcrtel. Passt zu den Hosen 1567, 1568, 1960 und 1961. FUNKTIONALIT\u00c4T: Befestigt an den Schlaufen f\u00fcr Hammerhalter. HAUPTEIGENSCHAFTEN: Unisex. PASST ZU: Hose mit Riemen f\u00fcr Hammerhalter. WASCHANLEITUNG: Kniepolster vor dem Waschen entfernen<\/p>","protected":false},"featured_media":595341,"template":"","meta":[],"product_brand":[],"product_cat":[9643,4209],"product_tag":[],"class_list":{"0":"post-595273","1":"product","2":"type-product","3":"status-publish","4":"has-post-thumbnail","6":"product_cat-equipment","7":"product_cat-zubehoer","8":"pa_brand-blaklaeder","9":"pa_brand-type-workwear","10":"pa_filter-color-schwarz","12":"first","13":"instock","14":"sale","15":"taxable","16":"shipping-taxable","17":"purchasable","18":"product-type-variable","19":"add-to-wishlist-before_image"},"exclude_global_add_ons":[],"addons":[],"acf":[],"_links":{"self":[{"href":"https:\/\/shop.kustom.ch\/fr\/wp-json\/wp\/v2\/product\/595273"}],"collection":[{"href":"https:\/\/shop.kustom.ch\/fr\/wp-json\/wp\/v2\/product"}],"about":[{"href":"https:\/\/shop.kustom.ch\/fr\/wp-json\/wp\/v2\/types\/product"}],"wp:featuredmedia":[{"embeddable":true,"href":"https:\/\/shop.kustom.ch\/fr\/wp-json\/wp\/v2\/media\/595341"}],"wp:attachment":[{"href":"https:\/\/shop.kustom.ch\/fr\/wp-json\/wp\/v2\/media?parent=595273"}],"wp:term":[{"taxonomy":"product_brand","embeddable":true,"href":"https:\/\/shop.kustom.ch\/fr\/wp-json\/wp\/v2\/product_brand?post=595273"},{"taxonomy":"product_cat","embeddable":true,"href":"https:\/\/shop.kustom.ch\/fr\/wp-json\/wp\/v2\/product_cat?post=595273"},{"taxonomy":"product_tag","embeddable":true,"href":"https:\/\/shop.kustom.ch\/fr\/wp-json\/wp\/v2\/product_tag?post=595273"}],"curies":[{"name":"wp","href":"https:\/\/api.w.org\/{rel}","templated":true}]}}