{"id":595272,"date":"2025-03-05T00:19:10","date_gmt":"2025-03-04T23:19:10","guid":{"rendered":"https:\/\/shop.kustom.ch\/?post_type=product&#038;p=595272"},"modified":"2025-03-05T22:40:39","modified_gmt":"2025-03-05T21:40:39","slug":"lange-kniepolster","status":"publish","type":"product","link":"https:\/\/shop.kustom.ch\/fr\/produit\/lange-kniepolster\/","title":{"rendered":"genouill\u00e8res longues"},"content":{"rendered":"<p>Prot\u00e9gez vos genoux par rapport \u00e0 la norme EN 14404 - certification de type 2, niveau 1 (taille 290x145x20 mm).<\/p>\n<p>CARACT\u00c9RISTIQUES PRINCIPALES : Unisexe. COMPATIBILIT\u00c9 : Voir les certifications et les recommandations du pantalon. S\u00c9CURIT\u00c9 : genouill\u00e8res standard - 290x145x20 mm. INSTRUCTIONS DE LAVAGE : Retirer du pantalon avant le lavage. CONDITIONNEMENT : Livr\u00e9 par paire<\/p>\n<p>Poly\u00e9thyl\u00e8ne<\/p>","protected":false},"excerpt":{"rendered":"<p>Sch\u00fctzen Sie Ihre Knie in Bezug auf EN 14404 &#8211; Zertifikation Typ 2, Stufe 1 (Gr\u00f6sse 290x145x20 mm). HAUPTEIGENSCHAFTEN: Unisex. PASST ZU: Siehe Zertifizierungen und Empfehlungen der Hose. SICHERHEIT: Standard Kniepolster &#8211; 290x145x20 mm. WASCHANLEITUNG: Vor dem Waschen von der Hose entfernen. VERPACKUNG: Lieferung paarweise Polyethylen<\/p>","protected":false},"featured_media":595325,"template":"","meta":[],"product_brand":[],"product_cat":[9643,4209],"product_tag":[],"class_list":{"0":"post-595272","1":"product","2":"type-product","3":"status-publish","4":"has-post-thumbnail","6":"product_cat-equipment","7":"product_cat-zubehoer","8":"pa_brand-blaklaeder","9":"pa_brand-type-workwear","10":"pa_filter-color-schwarz","12":"first","13":"instock","14":"sale","15":"taxable","16":"shipping-taxable","17":"purchasable","18":"product-type-variable","19":"add-to-wishlist-before_image"},"exclude_global_add_ons":[],"addons":[],"acf":[],"_links":{"self":[{"href":"https:\/\/shop.kustom.ch\/fr\/wp-json\/wp\/v2\/product\/595272"}],"collection":[{"href":"https:\/\/shop.kustom.ch\/fr\/wp-json\/wp\/v2\/product"}],"about":[{"href":"https:\/\/shop.kustom.ch\/fr\/wp-json\/wp\/v2\/types\/product"}],"wp:featuredmedia":[{"embeddable":true,"href":"https:\/\/shop.kustom.ch\/fr\/wp-json\/wp\/v2\/media\/595325"}],"wp:attachment":[{"href":"https:\/\/shop.kustom.ch\/fr\/wp-json\/wp\/v2\/media?parent=595272"}],"wp:term":[{"taxonomy":"product_brand","embeddable":true,"href":"https:\/\/shop.kustom.ch\/fr\/wp-json\/wp\/v2\/product_brand?post=595272"},{"taxonomy":"product_cat","embeddable":true,"href":"https:\/\/shop.kustom.ch\/fr\/wp-json\/wp\/v2\/product_cat?post=595272"},{"taxonomy":"product_tag","embeddable":true,"href":"https:\/\/shop.kustom.ch\/fr\/wp-json\/wp\/v2\/product_tag?post=595272"}],"curies":[{"name":"wp","href":"https:\/\/api.w.org\/{rel}","templated":true}]}}