{"id":595215,"date":"2025-03-05T00:18:30","date_gmt":"2025-03-04T23:18:30","guid":{"rendered":"https:\/\/shop.kustom.ch\/?post_type=product&#038;p=595215"},"modified":"2026-03-31T08:57:58","modified_gmt":"2026-03-31T07:57:58","slug":"high-vis-winterweste","status":"publish","type":"product","link":"https:\/\/shop.kustom.ch\/fr\/produit\/high-vis-winterweste\/","title":{"rendered":"Gilet d'hiver haute visibilit\u00e9"},"content":{"rendered":"<p>Gilet d'hiver High-Vis chaud et confortable avec doublure Pile. Le gilet d'hiver poss\u00e8de une surface hydrofuge et antisalissante et une fermeture \u00e9clair cach\u00e9e. De nombreuses poches pratiques avec fermeture \u00e9clair et une poche kangourou dans le dos pour les gants. Pour un confort suppl\u00e9mentaire, le dos est allong\u00e9 et la fermeture est r\u00e9glable.<\/p>\n<p>FERMETURE : Dos rallong\u00e9. D\u00c9TAILS : Anneau en D. Col haut. FERMETURE AVANT : Patte de boutonnage avec fermeture velcro. FONCTIONNALIT\u00c9 : Tissu ext\u00e9rieur r\u00e9sistant \u00e0 l'eau et \u00e0 la salet\u00e9. CARACT\u00c9RISTIQUES PRINCIPALES : Conducteur. EN ISO 20471. REFLEX : r\u00e9flecteurs sur les \u00e9paules et le corps. TISSU : pour hommes. Jaune haute visibilit\u00e9. Doublure en fourrure de fibres. Protection haute visibilit\u00e9. POCHES : Poche de poitrine avec fermeture \u00e0 glissi\u00e8re. Poche kangourou dans le dos pour les gants et autre mat\u00e9riel. Poche pour t\u00e9l\u00e9phone portable \u00e0 l'int\u00e9rieur. Poches avant avec fermetures \u00e0 glissi\u00e8re. INSTRUCTIONS DE LAVAGE : Nombre de lavages : 40. Ne pas blanchir. CERTIFICATION : Groupe de certification A<\/p>\n<p>70% polyester, 30% coton, serg\u00e9, ext\u00e9rieur hydrofuge, 230g\/m<\/p>","protected":false},"excerpt":{"rendered":"<p>Warme und komfortable High-Vis Winterweste mit Pile-Innenfutter. Die Winterweste besitzt eine wasser- und schmutzabweisende Oberfl\u00e4che und eine verdeckte Reissverschlussleiste. Viele praktische Taschen mit Reissverschluss und eine K\u00e4ngurutasche am R\u00fccken f\u00fcr die Handschuhe. F\u00fcr zus\u00e4tzlichen Tragekomfort sorgt der verl\u00e4ngerte R\u00fccken und der einstellbare Abschluss. ABSCHLUSS: Verl\u00e4ngerter R\u00fccken. DETAILS: D-Ring. Hoher Kragen. FRONTVERSCHLUSS: Windleiste mit Klettverschluss. FUNKTIONALIT\u00c4T: [&hellip;]<\/p>\n","protected":false},"featured_media":595250,"template":"","meta":[],"product_brand":[],"product_cat":[4208],"product_tag":[],"class_list":{"0":"post-595215","1":"product","2":"type-product","3":"status-publish","4":"has-post-thumbnail","6":"product_cat-westen","7":"pa_brand-blaklaeder","8":"pa_brand-type-workwear","9":"pa_filter-color-gelb","10":"pa_filter-color-orange","12":"first","13":"instock","14":"sale","15":"taxable","16":"shipping-taxable","17":"purchasable","18":"product-type-variable","19":"add-to-wishlist-before_image"},"exclude_global_add_ons":[],"addons":[],"acf":[],"_links":{"self":[{"href":"https:\/\/shop.kustom.ch\/fr\/wp-json\/wp\/v2\/product\/595215"}],"collection":[{"href":"https:\/\/shop.kustom.ch\/fr\/wp-json\/wp\/v2\/product"}],"about":[{"href":"https:\/\/shop.kustom.ch\/fr\/wp-json\/wp\/v2\/types\/product"}],"wp:featuredmedia":[{"embeddable":true,"href":"https:\/\/shop.kustom.ch\/fr\/wp-json\/wp\/v2\/media\/595250"}],"wp:attachment":[{"href":"https:\/\/shop.kustom.ch\/fr\/wp-json\/wp\/v2\/media?parent=595215"}],"wp:term":[{"taxonomy":"product_brand","embeddable":true,"href":"https:\/\/shop.kustom.ch\/fr\/wp-json\/wp\/v2\/product_brand?post=595215"},{"taxonomy":"product_cat","embeddable":true,"href":"https:\/\/shop.kustom.ch\/fr\/wp-json\/wp\/v2\/product_cat?post=595215"},{"taxonomy":"product_tag","embeddable":true,"href":"https:\/\/shop.kustom.ch\/fr\/wp-json\/wp\/v2\/product_tag?post=595215"}],"curies":[{"name":"wp","href":"https:\/\/api.w.org\/{rel}","templated":true}]}}