{"id":595003,"date":"2025-03-05T00:14:54","date_gmt":"2025-03-04T23:14:54","guid":{"rendered":"https:\/\/shop.kustom.ch\/?post_type=product&#038;p=595003"},"modified":"2026-03-31T08:57:45","modified_gmt":"2026-03-31T07:57:45","slug":"softshell-weste-2","status":"publish","type":"product","link":"https:\/\/shop.kustom.ch\/fr\/produit\/softshell-weste-2\/","title":{"rendered":"Gilet softshell"},"content":{"rendered":"<p>Gilet softshell l\u00e9ger et bicolore, fabriqu\u00e9 dans un mat\u00e9riau coupe-vent et extr\u00eamement respirant. Les inserts stretch dans le dos augmentent la libert\u00e9 de mouvement et la respirabilit\u00e9. Pour un confort optimal, le gilet est dot\u00e9 d'un dos rallong\u00e9, d'une polaire dans le col et d'une taille r\u00e9glable. Parfait pour les conditions de travail plus fra\u00eeches, \u00e0 l'int\u00e9rieur comme \u00e0 l'ext\u00e9rieur. <\/p>\n<p>FERMETURE : Dos rallong\u00e9. D\u00c9TAILS : col doubl\u00e9 en polaire. FERMETURE FRONTALE : Fermeture \u00e0 glissi\u00e8re en plastique. FONCTIONNALIT\u00c9 : Empi\u00e8cement stretch dans le dos. CARACTERISTIQUES PRINCIPALES : Artisan. TISSU : Disponible pour hommes et femmes. Vert. Insert en stretch. Vent \/ humidit\u00e9 \/ froid. POCHES : Poches int\u00e9rieures. Poche pour stylo. Poches avant avec fermetures \u00e0 glissi\u00e8re. INSTRUCTIONS DE LAVAGE : Ne pas repasser.<\/p>\n<p>100% Polyester, 2 couches, softshell, scell\u00e9, hydrofuge 255 g\/m<\/p>","protected":false},"excerpt":{"rendered":"<p>Leichte, zweifarbige Softshell Weste, hergestellt aus windabweisendem, extrem atmungsaktiven Material. Die Stretcheins\u00e4tze am R\u00fccken vergr\u00f6ssern die Bewegungsfreiheit und Atmungsaktivit\u00e4t. F\u00fcr optimalen Tragekomfort hat die Weste einen verl\u00e4ngerten R\u00fccken, Fleece im Kragen und einen einstellbaren Bund. Perfekt f\u00fcr k\u00fchlere Arbeitsbedingungen, Innen wie Aussen. ABSCHLUSS: Verl\u00e4ngerter R\u00fccken. DETAILS: Fleecegef\u00fctterter Kragen. FRONTVERSCHLUSS: Reissverschluss aus Kunststoff. FUNKTIONALIT\u00c4T: Stretch-Einsatz am [&hellip;]<\/p>\n","protected":false},"featured_media":595053,"template":"","meta":[],"product_brand":[],"product_cat":[4208],"product_tag":[],"class_list":{"0":"post-595003","1":"product","2":"type-product","3":"status-publish","4":"has-post-thumbnail","6":"product_cat-westen","7":"pa_brand-blaklaeder","8":"pa_brand-type-workwear","9":"pa_filter-color-blau","10":"pa_filter-color-gelb","11":"pa_filter-color-grau","12":"pa_filter-color-gruen","13":"pa_filter-color-rot","14":"pa_filter-color-schwarz","16":"first","17":"instock","18":"sale","19":"taxable","20":"shipping-taxable","21":"purchasable","22":"product-type-variable","23":"add-to-wishlist-before_image"},"exclude_global_add_ons":[],"addons":[],"acf":[],"_links":{"self":[{"href":"https:\/\/shop.kustom.ch\/fr\/wp-json\/wp\/v2\/product\/595003"}],"collection":[{"href":"https:\/\/shop.kustom.ch\/fr\/wp-json\/wp\/v2\/product"}],"about":[{"href":"https:\/\/shop.kustom.ch\/fr\/wp-json\/wp\/v2\/types\/product"}],"wp:featuredmedia":[{"embeddable":true,"href":"https:\/\/shop.kustom.ch\/fr\/wp-json\/wp\/v2\/media\/595053"}],"wp:attachment":[{"href":"https:\/\/shop.kustom.ch\/fr\/wp-json\/wp\/v2\/media?parent=595003"}],"wp:term":[{"taxonomy":"product_brand","embeddable":true,"href":"https:\/\/shop.kustom.ch\/fr\/wp-json\/wp\/v2\/product_brand?post=595003"},{"taxonomy":"product_cat","embeddable":true,"href":"https:\/\/shop.kustom.ch\/fr\/wp-json\/wp\/v2\/product_cat?post=595003"},{"taxonomy":"product_tag","embeddable":true,"href":"https:\/\/shop.kustom.ch\/fr\/wp-json\/wp\/v2\/product_tag?post=595003"}],"curies":[{"name":"wp","href":"https:\/\/api.w.org\/{rel}","templated":true}]}}