{"id":594985,"date":"2025-03-05T00:14:50","date_gmt":"2025-03-04T23:14:50","guid":{"rendered":"https:\/\/shop.kustom.ch\/?post_type=product&#038;p=594985"},"modified":"2026-03-31T08:57:39","modified_gmt":"2026-03-31T07:57:39","slug":"pile-weste","status":"publish","type":"product","link":"https:\/\/shop.kustom.ch\/fr\/produit\/pile-weste\/","title":{"rendered":"Gilet Pile"},"content":{"rendered":"<p>La version gilet de la veste Pile 4729 de Bl\u00e5kl\u00e4der a un col haut et est un compagnon imbattable en termes de chaleur et de souplesse lorsque les temp\u00e9ratures commencent \u00e0 baisser. Elle poss\u00e8de une fermeture \u00e9clair \u00e0 double sens et des poches sur les c\u00f4t\u00e9s et sur la poitrine.<\/p>\n<p>FERMETURE : Dos rallong\u00e9. FERMETURE FRONTALE : Fermeture \u00e0 glissi\u00e8re plastique \u00e0 double sens. CARACTERISTIQUES PRINCIPALES : Conducteur. TISSU : Unisexe. Vert. Vent \/ humidit\u00e9 \/ froid. POCHES : Poche de poitrine avec fermeture \u00e0 glissi\u00e8re. Poches lat\u00e9rales avec fermeture \u00e9clair. INSTRUCTIONS DE LAVAGE : Ne pas repasser.<\/p>\n<p>100% velours polyester, 350g\/m<\/p>","protected":false},"excerpt":{"rendered":"<p>Bl\u00e5kl\u00e4ders Westenversion der Pile Jacke 4729 hat einen hohen Kragen und ist ein unschlagbar w\u00e4rmender, geschmeidiger Begleiter, wenn die Temperaturen zu sinken beginnen. Sie besitzt einen Zwei-Wege-Reissverschluss und Taschen an den Seiten und auf der Brust. ABSCHLUSS: Verl\u00e4ngerter R\u00fccken. FRONTVERSCHLUSS: Zwei-Wege-Reissverschluss aus Kunststoff. HAUPTEIGENSCHAFTEN: Fahrer. STOFF: Unisex. gr\u00fcn. Wind \/ N\u00e4sse \/ K\u00e4lte. TASCHEN: Brusttasche [&hellip;]<\/p>\n","protected":false},"featured_media":595019,"template":"","meta":[],"product_brand":[],"product_cat":[4208],"product_tag":[],"class_list":{"0":"post-594985","1":"product","2":"type-product","3":"status-publish","4":"has-post-thumbnail","6":"product_cat-westen","7":"pa_brand-blaklaeder","8":"pa_brand-type-workwear","9":"pa_filter-color-gruen","10":"pa_filter-color-schwarz","12":"first","13":"instock","14":"sale","15":"taxable","16":"shipping-taxable","17":"purchasable","18":"product-type-variable","19":"add-to-wishlist-before_image"},"exclude_global_add_ons":[],"addons":[],"acf":[],"_links":{"self":[{"href":"https:\/\/shop.kustom.ch\/fr\/wp-json\/wp\/v2\/product\/594985"}],"collection":[{"href":"https:\/\/shop.kustom.ch\/fr\/wp-json\/wp\/v2\/product"}],"about":[{"href":"https:\/\/shop.kustom.ch\/fr\/wp-json\/wp\/v2\/types\/product"}],"wp:featuredmedia":[{"embeddable":true,"href":"https:\/\/shop.kustom.ch\/fr\/wp-json\/wp\/v2\/media\/595019"}],"wp:attachment":[{"href":"https:\/\/shop.kustom.ch\/fr\/wp-json\/wp\/v2\/media?parent=594985"}],"wp:term":[{"taxonomy":"product_brand","embeddable":true,"href":"https:\/\/shop.kustom.ch\/fr\/wp-json\/wp\/v2\/product_brand?post=594985"},{"taxonomy":"product_cat","embeddable":true,"href":"https:\/\/shop.kustom.ch\/fr\/wp-json\/wp\/v2\/product_cat?post=594985"},{"taxonomy":"product_tag","embeddable":true,"href":"https:\/\/shop.kustom.ch\/fr\/wp-json\/wp\/v2\/product_tag?post=594985"}],"curies":[{"name":"wp","href":"https:\/\/api.w.org\/{rel}","templated":true}]}}