{"id":594903,"date":"2025-03-05T00:13:33","date_gmt":"2025-03-04T23:13:33","guid":{"rendered":"https:\/\/shop.kustom.ch\/?post_type=product&#038;p=594903"},"modified":"2026-03-31T08:57:14","modified_gmt":"2026-03-31T07:57:14","slug":"pullover-gestrickt","status":"publish","type":"product","link":"https:\/\/shop.kustom.ch\/fr\/produit\/pullover-gestrickt\/","title":{"rendered":"Pull-over tricot\u00e9"},"content":{"rendered":"<p>Pull tricot\u00e9 \u00e0 col en V, parfaitement assorti au chino 1465 de Bl\u00e5kl\u00e4der, pour un look business \u00e9l\u00e9gant au travail.<\/p>\n<p>FERMETURE : Ceinture c\u00f4tel\u00e9e. Poignets en maille c\u00f4tel\u00e9e. D\u00c9TAILS : Encolure en V. CARACTERISTIQUES PRINCIPALES : Manutentionnaire. Homme. TISSU : hommes. bleu. INSTRUCTIONS DE LAVAGE : utiliser une lessive pour laine. Ne pas blanchir.<\/p>\n<p>60% Laine, 40% Polyacrylique<\/p>","protected":false},"excerpt":{"rendered":"<p>Gestrickter V-Ausschnitt Pullover, der perfekt zu den Bl\u00e5kl\u00e4der Chinos 1465 passt, f\u00fcr einen stilvollen Business-Look bei der Arbeit. ABSCHLUSS: Gerippter Taillenbund. Rippstrickb\u00fcndchen. DETAILS: V-Ausschnitt. HAUPTEIGENSCHAFTEN: Lagerarbeiter. Herren. STOFF: Herren. blau. WASCHANLEITUNG: Wollwaschmittel nutzen. Nicht bleichen 60% Wolle, 40% Polyacryl<\/p>","protected":false},"featured_media":594965,"template":"","meta":[],"product_brand":[],"product_cat":[4184],"product_tag":[],"class_list":{"0":"post-594903","1":"product","2":"type-product","3":"status-publish","4":"has-post-thumbnail","6":"product_cat-hoodies-pullover","7":"pa_brand-blaklaeder","8":"pa_brand-type-workwear","9":"pa_filter-color-blau","10":"pa_filter-color-schwarz","12":"first","13":"instock","14":"sale","15":"taxable","16":"shipping-taxable","17":"purchasable","18":"product-type-variable","19":"add-to-wishlist-before_image"},"exclude_global_add_ons":[],"addons":[],"acf":[],"_links":{"self":[{"href":"https:\/\/shop.kustom.ch\/fr\/wp-json\/wp\/v2\/product\/594903"}],"collection":[{"href":"https:\/\/shop.kustom.ch\/fr\/wp-json\/wp\/v2\/product"}],"about":[{"href":"https:\/\/shop.kustom.ch\/fr\/wp-json\/wp\/v2\/types\/product"}],"wp:featuredmedia":[{"embeddable":true,"href":"https:\/\/shop.kustom.ch\/fr\/wp-json\/wp\/v2\/media\/594965"}],"wp:attachment":[{"href":"https:\/\/shop.kustom.ch\/fr\/wp-json\/wp\/v2\/media?parent=594903"}],"wp:term":[{"taxonomy":"product_brand","embeddable":true,"href":"https:\/\/shop.kustom.ch\/fr\/wp-json\/wp\/v2\/product_brand?post=594903"},{"taxonomy":"product_cat","embeddable":true,"href":"https:\/\/shop.kustom.ch\/fr\/wp-json\/wp\/v2\/product_cat?post=594903"},{"taxonomy":"product_tag","embeddable":true,"href":"https:\/\/shop.kustom.ch\/fr\/wp-json\/wp\/v2\/product_tag?post=594903"}],"curies":[{"name":"wp","href":"https:\/\/api.w.org\/{rel}","templated":true}]}}