{"id":594841,"date":"2025-03-05T00:12:53","date_gmt":"2025-03-04T23:12:53","guid":{"rendered":"https:\/\/shop.kustom.ch\/?post_type=product&#038;p=594841"},"modified":"2026-03-31T08:57:08","modified_gmt":"2026-03-31T07:57:08","slug":"kapuzenpullover","status":"publish","type":"product","link":"https:\/\/shop.kustom.ch\/fr\/produit\/kapuzenpullover\/","title":{"rendered":"Sweat \u00e0 capuche"},"content":{"rendered":"<p>Un sweat \u00e0 capuche doux et tr\u00e8s confortable avec un int\u00e9rieur bross\u00e9 et des poignets c\u00f4tel\u00e9s. \u00c0 porter aussi bien au travail que pendant les loisirs avec une sensation de d\u00e9tente.<\/p>\n<p>FERMETURE : Ceinture \u00e0 c\u00f4tes. Finition des manches avec poignets. D\u00c9TAILS : Capuche fixe. CARACTERISTIQUES PRINCIPALES : Constructeur de b\u00e9ton. Homme. TISSU : Hommes. Bleu. Profil. POCHE : Poche kangourou. INSTRUCTIONS DE LAVAGE : 40\u00b0 C<\/p>\n<p>60% coton, 40% polyester, polaire bross\u00e9e d'un c\u00f4t\u00e9, 280 g\/m<\/p>","protected":false},"excerpt":{"rendered":"<p>Ein weicher und sehr bequemer Hoodie mit geb\u00fcrsteter Innenseite und gerippten B\u00fcndchen. Sowohl bei der Arbeit als auch in der Freizeit mit einem entspannten Gef\u00fchl zu tragen. ABSCHLUSS: Gerippter Bund. Armabschluss mit B\u00fcndchen. DETAILS: Feste Kapuze. HAUPTEIGENSCHAFTEN: Betonbauer. Herren. STOFF: Herren. blau. Profil. TASCHEN: K\u00e4ngurutasche. WASCHANLEITUNG: 40\u00b0 C 60% Baumwolle, 40% Polyester, Fleece einseitig geb\u00fcrstet, [&hellip;]<\/p>\n","protected":false},"featured_media":594871,"template":"","meta":[],"product_brand":[],"product_cat":[4184],"product_tag":[],"class_list":{"0":"post-594841","1":"product","2":"type-product","3":"status-publish","4":"has-post-thumbnail","6":"product_cat-hoodies-pullover","7":"pa_brand-blaklaeder","8":"pa_brand-type-workwear","9":"pa_filter-color-blau","10":"pa_filter-color-grau","11":"pa_filter-color-schwarz","13":"first","14":"instock","15":"sale","16":"taxable","17":"shipping-taxable","18":"purchasable","19":"product-type-variable","20":"add-to-wishlist-before_image"},"exclude_global_add_ons":[],"addons":[],"acf":[],"_links":{"self":[{"href":"https:\/\/shop.kustom.ch\/fr\/wp-json\/wp\/v2\/product\/594841"}],"collection":[{"href":"https:\/\/shop.kustom.ch\/fr\/wp-json\/wp\/v2\/product"}],"about":[{"href":"https:\/\/shop.kustom.ch\/fr\/wp-json\/wp\/v2\/types\/product"}],"wp:featuredmedia":[{"embeddable":true,"href":"https:\/\/shop.kustom.ch\/fr\/wp-json\/wp\/v2\/media\/594871"}],"wp:attachment":[{"href":"https:\/\/shop.kustom.ch\/fr\/wp-json\/wp\/v2\/media?parent=594841"}],"wp:term":[{"taxonomy":"product_brand","embeddable":true,"href":"https:\/\/shop.kustom.ch\/fr\/wp-json\/wp\/v2\/product_brand?post=594841"},{"taxonomy":"product_cat","embeddable":true,"href":"https:\/\/shop.kustom.ch\/fr\/wp-json\/wp\/v2\/product_cat?post=594841"},{"taxonomy":"product_tag","embeddable":true,"href":"https:\/\/shop.kustom.ch\/fr\/wp-json\/wp\/v2\/product_tag?post=594841"}],"curies":[{"name":"wp","href":"https:\/\/api.w.org\/{rel}","templated":true}]}}