{"id":594657,"date":"2025-03-05T00:10:02","date_gmt":"2025-03-04T23:10:02","guid":{"rendered":"https:\/\/shop.kustom.ch\/?post_type=product&#038;p=594657"},"modified":"2026-03-31T08:56:40","modified_gmt":"2026-03-31T07:56:40","slug":"high-vis-sweatjacke-2","status":"publish","type":"product","link":"https:\/\/shop.kustom.ch\/fr\/produit\/high-vis-sweatjacke-2\/","title":{"rendered":"Veste sweat haute visibilit\u00e9"},"content":{"rendered":"<p>Une veste sweat de classe 3 haute visibilit\u00e9 avec des bandes r\u00e9fl\u00e9chissantes discontinues pour une visibilit\u00e9 suppl\u00e9mentaire. Le mat\u00e9riau de la veste sweat haute visibilit\u00e9 est une polaire douce et agr\u00e9able qui offre une combinaison imbattable de s\u00e9curit\u00e9 et de confort. Elle est dot\u00e9e d'un col, d'une fermeture \u00e0 glissi\u00e8re sur toute la longueur, de poches avant, d'une poche poitrine et de poignets en tricot c\u00f4tel\u00e9. Elle peut \u00eatre lav\u00e9e industriellement. Certifi\u00e9 EN ISO 20471 classe 3. Lavage industriel EN ISO 15797.<\/p>\n<p>FERMETURE : Ceinture \u00e0 c\u00f4tes. Finition des manches avec poignets. D\u00c9TAILS : Col haut avec fermeture \u00e0 glissi\u00e8re. FERMETURE FRONTALE : Fermeture \u00e0 glissi\u00e8re en plastique. CARACTERISTIQUES PRINCIPALES : Conducteur. Hommes . EN ISO 20471. REFLEX : bandes r\u00e9fl\u00e9chissantes de transfert de 50 mm de large. TISSU : Hommes. Jaune haute visibilit\u00e9. Protection haute visibilit\u00e9. Lavage industriel EN ISO 15797. POCHES : Poche de poitrine avec fermeture \u00e0 glissi\u00e8re et anneau en D. Poches avant avec fermetures \u00e0 glissi\u00e8re. INSTRUCTIONS DE LAVAGE : Lavage industriel X 50. PRO : convient au s\u00e9chage en tambour. LAVAGE : lavage industriel EN ISO 15797. CERTIFICATION : groupe de certification C -&gt;S<\/p>\n<p>100% Polyester, polaire piqu\u00e9e, bross\u00e9e d'un c\u00f4t\u00e9, 240 g\/m<\/p>","protected":false},"excerpt":{"rendered":"<p>Eine Sweatjacke in High Vis Klasse 3 mit unterbrochenen Reflexstreifen f\u00fcr zus\u00e4tzliche Sichtbarkeit. Das Material der High Vis Sweatjacke ist ein weiches und angenehmes Fleece, das eine unschlagbare Kombination aus Sicherheit und Komfort bietet. Sie hat einen Kragen, einen durchgehenden Reissverschluss, Vordertaschen, eine Brusttasche und Rippstrickb\u00fcndchen. Sie kann industriell gewaschen werden. Zertifiziert nach EN ISO [&hellip;]<\/p>\n","protected":false},"featured_media":594696,"template":"","meta":[],"product_brand":[],"product_cat":[4184],"product_tag":[],"class_list":{"0":"post-594657","1":"product","2":"type-product","3":"status-publish","4":"has-post-thumbnail","6":"product_cat-hoodies-pullover","7":"pa_brand-blaklaeder","8":"pa_brand-type-workwear","9":"pa_filter-color-gelb","10":"pa_filter-color-orange","11":"pa_filter-color-rot","13":"first","14":"instock","15":"sale","16":"taxable","17":"shipping-taxable","18":"purchasable","19":"product-type-variable","20":"add-to-wishlist-before_image"},"exclude_global_add_ons":[],"addons":[],"acf":[],"_links":{"self":[{"href":"https:\/\/shop.kustom.ch\/fr\/wp-json\/wp\/v2\/product\/594657"}],"collection":[{"href":"https:\/\/shop.kustom.ch\/fr\/wp-json\/wp\/v2\/product"}],"about":[{"href":"https:\/\/shop.kustom.ch\/fr\/wp-json\/wp\/v2\/types\/product"}],"wp:featuredmedia":[{"embeddable":true,"href":"https:\/\/shop.kustom.ch\/fr\/wp-json\/wp\/v2\/media\/594696"}],"wp:attachment":[{"href":"https:\/\/shop.kustom.ch\/fr\/wp-json\/wp\/v2\/media?parent=594657"}],"wp:term":[{"taxonomy":"product_brand","embeddable":true,"href":"https:\/\/shop.kustom.ch\/fr\/wp-json\/wp\/v2\/product_brand?post=594657"},{"taxonomy":"product_cat","embeddable":true,"href":"https:\/\/shop.kustom.ch\/fr\/wp-json\/wp\/v2\/product_cat?post=594657"},{"taxonomy":"product_tag","embeddable":true,"href":"https:\/\/shop.kustom.ch\/fr\/wp-json\/wp\/v2\/product_tag?post=594657"}],"curies":[{"name":"wp","href":"https:\/\/api.w.org\/{rel}","templated":true}]}}