{"id":594569,"date":"2025-03-05T00:08:21","date_gmt":"2025-03-04T23:08:21","guid":{"rendered":"https:\/\/shop.kustom.ch\/?post_type=product&#038;p=594569"},"modified":"2026-03-31T08:56:33","modified_gmt":"2026-03-31T07:56:33","slug":"damen-kapuzensweater-3d","status":"publish","type":"product","link":"https:\/\/shop.kustom.ch\/fr\/produit\/damen-kapuzensweater-3d\/","title":{"rendered":"Sweat \u00e0 capuche 3D pour femmes"},"content":{"rendered":"<p>Hoodie styl\u00e9 et agr\u00e9ablement chaud en jersey doux avec une coupe f\u00e9minine, id\u00e9al pour le travail et les loisirs. \u00c9quip\u00e9 d'une poche pour t\u00e9l\u00e9phone portable avec fermeture \u00e9clair et d'ouvertures pour les \u00e9couteurs dans la poche. Le sweat \u00e0 capuche est orn\u00e9 d'une impression 3D tr\u00e8s voyante sur la poitrine avec l'inscription \u201aBl\u00e5kl\u00e4der\u2018, qui montre que votre c\u0153ur est \u00e0 la bonne place en mati\u00e8re de v\u00eatements de travail. \u00c9galement disponible en mod\u00e8le homme 3530.<\/p>\n<p>FERMETURE : Ceinture \u00e0 c\u00f4tes. Finition des manches avec poignets. D\u00c9TAILS : Imprim\u00e9 - Bl\u00e5kl\u00e4der 3D. Capuche fixe et ajustable. FONCTIONNALIT\u00c9 : Taille femme. CARACTERISTIQUES PRINCIPALES : Artisan. Femmes. TISSU : Disponible pour femmes et hommes. gris. Profil\u00e9 . PORTEFEUILLE : Support pour c\u00e2ble de t\u00e9l\u00e9phone portable. Poche kangourou avec poche int\u00e9rieure pour t\u00e9l\u00e9phone portable. INSTRUCTIONS DE LAVAGE : Ne pas blanchir.<\/p>\n<p>55% coton, 45% polyester, tricot \u00e9ponge, bross\u00e9 d'un c\u00f4t\u00e9, 320 g\/m<\/p>","protected":false},"excerpt":{"rendered":"<p>Stylischer, angenehm warmer Hoodie aus weichem Jersey mit femininem Schnitt, ideal f\u00fcr die Arbeit und Freizeit. Ausgestattet mit einer Handytasche mit Reissverschluss und \u00d6ffnungen f\u00fcr Kopfh\u00f6rer in der Tasche. Der Kapuzensweater ist mit einem sehr auff\u00e4lligen 3D-Druck auf der Brust mit der Aufschrift &#8218;Bl\u00e5kl\u00e4der&#8216; verziert, der zeigt, dass Ihr Herz in Sachen Arbeitskleidung an der [&hellip;]<\/p>\n","protected":false},"featured_media":594612,"template":"","meta":[],"product_brand":[],"product_cat":[4184],"product_tag":[],"class_list":{"0":"post-594569","1":"product","2":"type-product","3":"status-publish","4":"has-post-thumbnail","6":"product_cat-hoodies-pullover","7":"pa_brand-blaklaeder","8":"pa_brand-type-workwear","9":"pa_filter-color-beige","10":"pa_filter-color-blau","11":"pa_filter-color-grau","12":"pa_filter-color-gruen","13":"pa_filter-color-orange","14":"pa_filter-color-rot","15":"pa_filter-color-schwarz","17":"first","18":"instock","19":"sale","20":"taxable","21":"shipping-taxable","22":"purchasable","23":"product-type-variable","24":"add-to-wishlist-before_image"},"exclude_global_add_ons":[],"addons":[],"acf":[],"_links":{"self":[{"href":"https:\/\/shop.kustom.ch\/fr\/wp-json\/wp\/v2\/product\/594569"}],"collection":[{"href":"https:\/\/shop.kustom.ch\/fr\/wp-json\/wp\/v2\/product"}],"about":[{"href":"https:\/\/shop.kustom.ch\/fr\/wp-json\/wp\/v2\/types\/product"}],"wp:featuredmedia":[{"embeddable":true,"href":"https:\/\/shop.kustom.ch\/fr\/wp-json\/wp\/v2\/media\/594612"}],"wp:attachment":[{"href":"https:\/\/shop.kustom.ch\/fr\/wp-json\/wp\/v2\/media?parent=594569"}],"wp:term":[{"taxonomy":"product_brand","embeddable":true,"href":"https:\/\/shop.kustom.ch\/fr\/wp-json\/wp\/v2\/product_brand?post=594569"},{"taxonomy":"product_cat","embeddable":true,"href":"https:\/\/shop.kustom.ch\/fr\/wp-json\/wp\/v2\/product_cat?post=594569"},{"taxonomy":"product_tag","embeddable":true,"href":"https:\/\/shop.kustom.ch\/fr\/wp-json\/wp\/v2\/product_tag?post=594569"}],"curies":[{"name":"wp","href":"https:\/\/api.w.org\/{rel}","templated":true}]}}