{"id":594532,"date":"2025-03-05T00:08:14","date_gmt":"2025-03-04T23:08:14","guid":{"rendered":"https:\/\/shop.kustom.ch\/?post_type=product&#038;p=594532"},"modified":"2026-03-31T08:56:29","modified_gmt":"2026-03-31T07:56:29","slug":"high-vis-sweatshirt-mit-reissverschluss","status":"publish","type":"product","link":"https:\/\/shop.kustom.ch\/fr\/produit\/high-vis-sweatshirt-mit-reissverschluss\/","title":{"rendered":"Sweat-shirt haute visibilit\u00e9 avec fermeture \u00e9clair"},"content":{"rendered":"<p>Un sweat-shirt avec une fermeture \u00e9clair sur le devant et une poche kangourou. Sweat-shirt bicolore avec des zones plus fonc\u00e9es aux endroits expos\u00e9s aux salissures. Des fonctions pratiques comme une ouverture dans la poche pour les \u00e9couteurs et une poche zipp\u00e9e pour le t\u00e9l\u00e9phone portable. Le sweat-shirt est bien visible de toutes les directions. Certifi\u00e9 selon la norme EN ISO 20471, classe 2.<\/p>\n<p>FERMETURE : Ceinture \u00e0 c\u00f4tes. Finition des manches avec poignets. D\u00c9TAILS : Bonnes surfaces pour les finitions. Anneau en D. Col \u00e0 c\u00f4tes. FERMETURE FRONTALE : Fermeture \u00e0 glissi\u00e8re robuste en m\u00e9tal. FONCTIONNALIT\u00c9 : Champs de couleur fonc\u00e9e dans les zones expos\u00e9es \u00e0 la salet\u00e9. CARACT\u00c9RISTIQUES PRINCIPALES : Conducteur. Disponible pour hommes et femmes. EN ISO 20471. REFLEX : Mat\u00e9riau r\u00e9fl\u00e9chissant sur le torse, les manches et les \u00e9paules. TISSU : pour hommes. Jaune haute visibilit\u00e9. Protection haute visibilit\u00e9. POCHE : Support pour c\u00e2ble de t\u00e9l\u00e9phone portable. Poche kangourou, poche pour t\u00e9l\u00e9phone portable \u00e0 l'int\u00e9rieur avec fermeture \u00e9clair. INSTRUCTIONS DE LAVAGE : Nombre de lavages : 25. 40\u00b0 C. CERTIFICATION : EN ISO 20471, classe 2<\/p>\n<p>100% polyester, jersey, int\u00e9rieur gratt\u00e9, 270 g\/m<\/p>","protected":false},"excerpt":{"rendered":"<p>Ein Sweatshirt mit Reissverschluss vorne und einer K\u00e4ngurutasche. Zweifarbiges Sweatshirt mit dunkleren Bereichen an schmutzgef\u00e4hrdeten Stellen. Praktische Funktionen wie eine \u00d6ffnung in der Tasche f\u00fcr Kopfh\u00f6rer und eine Handytasche mit Reissverschluss. Das Sweatshirt ist aus allen Richtungen gut sichtbar. Zertifziert nach EN ISO 20471, Klasse 2. ABSCHLUSS: Gerippter Bund. Armabschluss mit B\u00fcndchen. DETAILS: Gute Oberfl\u00e4chen [&hellip;]<\/p>\n","protected":false},"featured_media":594572,"template":"","meta":[],"product_brand":[],"product_cat":[4184],"product_tag":[],"class_list":{"0":"post-594532","1":"product","2":"type-product","3":"status-publish","4":"has-post-thumbnail","6":"product_cat-hoodies-pullover","7":"pa_brand-blaklaeder","8":"pa_brand-type-workwear","9":"pa_filter-color-blau","10":"pa_filter-color-gelb","11":"pa_filter-color-orange","12":"pa_filter-color-rot","13":"pa_filter-color-schwarz","15":"first","16":"instock","17":"sale","18":"taxable","19":"shipping-taxable","20":"purchasable","21":"product-type-variable","22":"add-to-wishlist-before_image"},"exclude_global_add_ons":[],"addons":[],"acf":[],"_links":{"self":[{"href":"https:\/\/shop.kustom.ch\/fr\/wp-json\/wp\/v2\/product\/594532"}],"collection":[{"href":"https:\/\/shop.kustom.ch\/fr\/wp-json\/wp\/v2\/product"}],"about":[{"href":"https:\/\/shop.kustom.ch\/fr\/wp-json\/wp\/v2\/types\/product"}],"wp:featuredmedia":[{"embeddable":true,"href":"https:\/\/shop.kustom.ch\/fr\/wp-json\/wp\/v2\/media\/594572"}],"wp:attachment":[{"href":"https:\/\/shop.kustom.ch\/fr\/wp-json\/wp\/v2\/media?parent=594532"}],"wp:term":[{"taxonomy":"product_brand","embeddable":true,"href":"https:\/\/shop.kustom.ch\/fr\/wp-json\/wp\/v2\/product_brand?post=594532"},{"taxonomy":"product_cat","embeddable":true,"href":"https:\/\/shop.kustom.ch\/fr\/wp-json\/wp\/v2\/product_cat?post=594532"},{"taxonomy":"product_tag","embeddable":true,"href":"https:\/\/shop.kustom.ch\/fr\/wp-json\/wp\/v2\/product_tag?post=594532"}],"curies":[{"name":"wp","href":"https:\/\/api.w.org\/{rel}","templated":true}]}}