{"id":594428,"date":"2025-03-05T00:06:25","date_gmt":"2025-03-04T23:06:25","guid":{"rendered":"https:\/\/shop.kustom.ch\/?post_type=product&#038;p=594428"},"modified":"2026-03-31T08:56:21","modified_gmt":"2026-03-31T07:56:21","slug":"high-vis-kapuzenjacke","status":"publish","type":"product","link":"https:\/\/shop.kustom.ch\/fr\/produit\/high-vis-kapuzenjacke\/","title":{"rendered":"Veste \u00e0 capuche haute visibilit\u00e9"},"content":{"rendered":"<p>Une veste \u00e0 capuche douce et confortable en haute visibilit\u00e9 avec une grande qualit\u00e9 de coton. Elle est dot\u00e9e de bandes r\u00e9fl\u00e9chissantes discontinues pour une meilleure \u00e9lasticit\u00e9 et une meilleure respirabilit\u00e9. La veste poss\u00e8de des poches sur les c\u00f4t\u00e9s, un col haut, une fermeture \u00e9clair sur toute la longueur \u00e0 l'avant et des poignets en bas et aux extr\u00e9mit\u00e9s des manches pour plus de confort. La partie sombre de la veste \u00e0 capuche est en 100 % coton et la partie haute visibilit\u00e9 est en 100 % polyester. Certifi\u00e9 selon la norme EN ISO 20471, classe 1.<\/p>\n<p>FERMETURE : Finition des manches avec poignets. D\u00c9TAILS : Impression Bl\u00e5kl\u00e4der sur l'\u00e9paule. Capuche fixe et r\u00e9glable. FERMETURE FRONTALE : Fermeture \u00e0 glissi\u00e8re en plastique. CARACTERISTIQUES PRINCIPALES : Conducteur. Hommes. EN ISO 20471. REFLEX : bandes r\u00e9fl\u00e9chissantes de transfert de 50 mm de large. TISSU : Hommes. Jaune. Haute visibilit\u00e9. Coton 100%. POCHES : Poche int\u00e9rieure avec poche zipp\u00e9e cach\u00e9e. CONSEILS DE LAVAGE : Nombre de lavages : 25. Ne pas nettoyer \u00e0 sec. CERTIFICATION : EN ISO 20471, classe 1<\/p>\n<p>100% Coton, French Terry, 320 g\/m<\/p>","protected":false},"excerpt":{"rendered":"<p>Eine weiche und bequeme Kapuzenjacke in High Vis mit einer grossartigen Baumwollqualit\u00e4t. Sie hat unterbrochene Reflexstreifen f\u00fcr besonders gute Stretch-F\u00e4higkeit und Atmungsaktivit\u00e4t. Die Jacke besitzt Taschen an den Seiten, einen hohen Kragen, einen durchgehenden Reissverschluss an der Vorderseite und B\u00fcndchen an der Unterseite und den \u00c4rmelenden f\u00fcr h\u00f6heren Komfort. Der dunkle Teil der Kapuzenjacke besteht [&hellip;]<\/p>\n","protected":false},"featured_media":594486,"template":"","meta":[],"product_brand":[],"product_cat":[4184],"product_tag":[],"class_list":{"0":"post-594428","1":"product","2":"type-product","3":"status-publish","4":"has-post-thumbnail","6":"product_cat-hoodies-pullover","7":"pa_brand-blaklaeder","8":"pa_brand-type-workwear","9":"pa_filter-color-blau","10":"pa_filter-color-gelb","11":"pa_filter-color-orange","12":"pa_filter-color-rot","13":"pa_filter-color-schwarz","15":"first","16":"instock","17":"sale","18":"taxable","19":"shipping-taxable","20":"purchasable","21":"product-type-variable","22":"add-to-wishlist-before_image"},"exclude_global_add_ons":[],"addons":[],"acf":[],"_links":{"self":[{"href":"https:\/\/shop.kustom.ch\/fr\/wp-json\/wp\/v2\/product\/594428"}],"collection":[{"href":"https:\/\/shop.kustom.ch\/fr\/wp-json\/wp\/v2\/product"}],"about":[{"href":"https:\/\/shop.kustom.ch\/fr\/wp-json\/wp\/v2\/types\/product"}],"wp:featuredmedia":[{"embeddable":true,"href":"https:\/\/shop.kustom.ch\/fr\/wp-json\/wp\/v2\/media\/594486"}],"wp:attachment":[{"href":"https:\/\/shop.kustom.ch\/fr\/wp-json\/wp\/v2\/media?parent=594428"}],"wp:term":[{"taxonomy":"product_brand","embeddable":true,"href":"https:\/\/shop.kustom.ch\/fr\/wp-json\/wp\/v2\/product_brand?post=594428"},{"taxonomy":"product_cat","embeddable":true,"href":"https:\/\/shop.kustom.ch\/fr\/wp-json\/wp\/v2\/product_cat?post=594428"},{"taxonomy":"product_tag","embeddable":true,"href":"https:\/\/shop.kustom.ch\/fr\/wp-json\/wp\/v2\/product_tag?post=594428"}],"curies":[{"name":"wp","href":"https:\/\/api.w.org\/{rel}","templated":true}]}}