{"id":594386,"date":"2025-03-05T00:05:48","date_gmt":"2025-03-04T23:05:48","guid":{"rendered":"https:\/\/shop.kustom.ch\/?post_type=product&#038;p=594386"},"modified":"2026-03-31T08:56:21","modified_gmt":"2026-03-31T07:56:21","slug":"high-vis-sweatjacke","status":"publish","type":"product","link":"https:\/\/shop.kustom.ch\/fr\/produit\/high-vis-sweatjacke\/","title":{"rendered":"Veste sweat haute visibilit\u00e9"},"content":{"rendered":"<p>Une veste sweat haute visibilit\u00e9 douce et confortable dans une qualit\u00e9 de coton exceptionnelle avec des bandes r\u00e9fl\u00e9chissantes discontinues pour une \u00e9lasticit\u00e9 et une respirabilit\u00e9 exceptionnelles. Elle poss\u00e8de des poches sur les c\u00f4t\u00e9s, un col haut, une fermeture \u00e0 glissi\u00e8re sur toute la longueur du devant et des poignets en bas et aux extr\u00e9mit\u00e9s des manches pour plus de confort. La partie sombre de la veste est en 100 % coton et la partie haute visibilit\u00e9 est en 100 % polyester. Certifi\u00e9 selon la norme EN ISO 20471, classe 1.<\/p>\n<p>FERMETURE : Finition des manches avec poignets. D\u00c9TAILS : imprim\u00e9 Bl\u00e5kl\u00e4der sur l'\u00e9paule. Col haut avec fermeture \u00e0 glissi\u00e8re. FERMETURE FRONTALE : Fermeture \u00e0 glissi\u00e8re en plastique. CARACTERISTIQUES PRINCIPALES : Conducteur. Hommes. EN ISO 20471. REFLEX : bandes r\u00e9fl\u00e9chissantes de transfert de 50 mm de large. TISSU : jaune. Transport. Coton 100%. POCHES : poche int\u00e9rieure avec poche zipp\u00e9e cach\u00e9e. CONSEILS DE LAVAGE : nombre de lavages : 25. Ne pas blanchir. CERTIFICATION : Groupe de certification D<\/p>\n<p>100% Coton, French Terry, 320 g\/m<\/p>","protected":false},"excerpt":{"rendered":"<p>Eine weiche und bequeme High Vis Sweatjacke in einer grossartigen Baumwollqualit\u00e4t mit unterbrochenen Reflexstreifen f\u00fcr besonders gute Stretch-F\u00e4higkeit und Atmungsaktivit\u00e4t. Sie hat Taschen an den Seiten, einen hohen Kragen, einen durchgehenden Reissverschluss an der Vorderseite und B\u00fcndchen an der Unterseite und den \u00c4rmelenden f\u00fcr h\u00f6heren Komfort. Der dunkle Teil der Sweatjacke besteht aus 100 Prozent [&hellip;]<\/p>\n","protected":false},"featured_media":594437,"template":"","meta":[],"product_brand":[],"product_cat":[4184],"product_tag":[],"class_list":{"0":"post-594386","1":"product","2":"type-product","3":"status-publish","4":"has-post-thumbnail","6":"product_cat-hoodies-pullover","7":"pa_brand-blaklaeder","8":"pa_brand-type-workwear","9":"pa_filter-color-blau","10":"pa_filter-color-gelb","11":"pa_filter-color-orange","12":"pa_filter-color-rot","13":"pa_filter-color-schwarz","15":"first","16":"instock","17":"sale","18":"taxable","19":"shipping-taxable","20":"purchasable","21":"product-type-variable","22":"add-to-wishlist-before_image"},"exclude_global_add_ons":[],"addons":[],"acf":[],"_links":{"self":[{"href":"https:\/\/shop.kustom.ch\/fr\/wp-json\/wp\/v2\/product\/594386"}],"collection":[{"href":"https:\/\/shop.kustom.ch\/fr\/wp-json\/wp\/v2\/product"}],"about":[{"href":"https:\/\/shop.kustom.ch\/fr\/wp-json\/wp\/v2\/types\/product"}],"wp:featuredmedia":[{"embeddable":true,"href":"https:\/\/shop.kustom.ch\/fr\/wp-json\/wp\/v2\/media\/594437"}],"wp:attachment":[{"href":"https:\/\/shop.kustom.ch\/fr\/wp-json\/wp\/v2\/media?parent=594386"}],"wp:term":[{"taxonomy":"product_brand","embeddable":true,"href":"https:\/\/shop.kustom.ch\/fr\/wp-json\/wp\/v2\/product_brand?post=594386"},{"taxonomy":"product_cat","embeddable":true,"href":"https:\/\/shop.kustom.ch\/fr\/wp-json\/wp\/v2\/product_cat?post=594386"},{"taxonomy":"product_tag","embeddable":true,"href":"https:\/\/shop.kustom.ch\/fr\/wp-json\/wp\/v2\/product_tag?post=594386"}],"curies":[{"name":"wp","href":"https:\/\/api.w.org\/{rel}","templated":true}]}}