{"id":593830,"date":"2025-03-04T23:58:21","date_gmt":"2025-03-04T22:58:21","guid":{"rendered":"https:\/\/shop.kustom.ch\/?post_type=product&#038;p=593830"},"modified":"2026-03-31T08:55:05","modified_gmt":"2026-03-31T07:55:05","slug":"high-vis-t-shirt-5","status":"publish","type":"product","link":"https:\/\/shop.kustom.ch\/fr\/produit\/high-vis-t-shirt-5\/","title":{"rendered":"T-shirt haute visibilit\u00e9"},"content":{"rendered":"<p>Un t-shirt haute visibilit\u00e9 avec des bandes r\u00e9fl\u00e9chissantes discontinues pour une visibilit\u00e9 suppl\u00e9mentaire. Le mat\u00e9riau du T-shirt a une grande capacit\u00e9 d'absorption, ce qui signifie que la sueur est transport\u00e9e de l'int\u00e9rieur du T-shirt vers l'ext\u00e9rieur o\u00f9 elle se d\u00e9pose. Une fois sur place, le mat\u00e9riau permet \u00e0 l'humidit\u00e9 de s\u00e9cher rapidement et cr\u00e9e un climat agr\u00e9able pour le corps. Il ne peut pas \u00eatre lav\u00e9 de mani\u00e8re industrielle. Il peut \u00eatre lav\u00e9 \u00e0 60 degr\u00e9s. Il est certifi\u00e9 selon la norme EN ISO 20471, XS-M classe 2, L-&gt; classe 3.<\/p>\n<p>DETAILS : Col rond. FONCTIONNALIT\u00c9 : Coupe d\u00e9contract\u00e9e. PRINCIPALES CARACT\u00c9RISTIQUES : Travailleurs de la route et du b\u00e2timent. EN ISO 20471. REFLEX : bandes r\u00e9fl\u00e9chissantes de transfert de 50 mm de large. TISSU : pour hommes. Jaune haute visibilit\u00e9. Protection haute visibilit\u00e9. CONSEILS DE LAVAGE : Nombre de lavages : 50. S\u00e8che-linge - bas. CERTIFICATION : Groupe de certification B -&gt;L<\/p>\n<p>55% polyester, 45% polypropyl\u00e8ne, interlock, 160g\/m<\/p>","protected":false},"excerpt":{"rendered":"<p>Ein High Vis T-Shirt mit unterbrochenen Reflexstreifen f\u00fcr zus\u00e4tzliche Sichtbarkeit. Das Material des T-Shirts hat eine hohe Absorptionsf\u00e4higkeit, was bedeutet, dass der Schweiss von der Innenseite des Shirts nach aussen transportiert wird und sich dort ablagert. Dort angekommen, l\u00e4sst das Material die Feuchtigkeit schnell trocknen und schafft ein angenehmes Klima f\u00fcr den K\u00f6rper. Es kann [&hellip;]<\/p>\n","protected":false},"featured_media":593873,"template":"","meta":[],"product_brand":[],"product_cat":[4201],"product_tag":[],"class_list":{"0":"post-593830","1":"product","2":"type-product","3":"status-publish","4":"has-post-thumbnail","6":"product_cat-t-shirts","7":"pa_brand-blaklaeder","8":"pa_brand-type-workwear","9":"pa_filter-color-gelb","10":"pa_filter-color-orange","11":"pa_filter-color-rot","13":"first","14":"instock","15":"sale","16":"taxable","17":"shipping-taxable","18":"purchasable","19":"product-type-variable","20":"add-to-wishlist-before_image"},"exclude_global_add_ons":[],"addons":[],"acf":[],"_links":{"self":[{"href":"https:\/\/shop.kustom.ch\/fr\/wp-json\/wp\/v2\/product\/593830"}],"collection":[{"href":"https:\/\/shop.kustom.ch\/fr\/wp-json\/wp\/v2\/product"}],"about":[{"href":"https:\/\/shop.kustom.ch\/fr\/wp-json\/wp\/v2\/types\/product"}],"wp:featuredmedia":[{"embeddable":true,"href":"https:\/\/shop.kustom.ch\/fr\/wp-json\/wp\/v2\/media\/593873"}],"wp:attachment":[{"href":"https:\/\/shop.kustom.ch\/fr\/wp-json\/wp\/v2\/media?parent=593830"}],"wp:term":[{"taxonomy":"product_brand","embeddable":true,"href":"https:\/\/shop.kustom.ch\/fr\/wp-json\/wp\/v2\/product_brand?post=593830"},{"taxonomy":"product_cat","embeddable":true,"href":"https:\/\/shop.kustom.ch\/fr\/wp-json\/wp\/v2\/product_cat?post=593830"},{"taxonomy":"product_tag","embeddable":true,"href":"https:\/\/shop.kustom.ch\/fr\/wp-json\/wp\/v2\/product_tag?post=593830"}],"curies":[{"name":"wp","href":"https:\/\/api.w.org\/{rel}","templated":true}]}}