{"id":593767,"date":"2025-03-04T23:57:42","date_gmt":"2025-03-04T22:57:42","guid":{"rendered":"https:\/\/shop.kustom.ch\/?post_type=product&#038;p=593767"},"modified":"2026-03-31T08:54:58","modified_gmt":"2026-03-31T07:54:58","slug":"t-shirt-4","status":"publish","type":"product","link":"https:\/\/shop.kustom.ch\/fr\/produit\/t-shirt-4\/","title":{"rendered":"T-shirt"},"content":{"rendered":"<p>Le T-shirt \u00e0 manches raglan en haute visibilit\u00e9 est disponible en deux combinaisons de couleurs diff\u00e9rentes. Le T-shirt est compos\u00e9 \u00e0 100% de coton, \u00e0 l'exception des manches, ce qui donne un beau confort lors de l'utilisation. L'int\u00e9rieur des manches est en coton afin de maintenir le confort.<\/p>\n<p>DETAILS : Col rond. Manches raglan. FONCTIONNALIT\u00c9 : Coupe normale. CARACTERISTIQUES PRINCIPALES : Conducteur. TISSU : Hommes. Jaune haute visibilit\u00e9. Visible. CONDITION DE LAVAGE : S\u00e8che-linge - bas. CERTIFICATION : Non certifi\u00e9 High Vis.<\/p>\n<p>100% Coton, jersey, 180 g\/m<\/p>","protected":false},"excerpt":{"rendered":"<p>Das T-Shirt mit Raglan\u00e4rmeln aus High Vis ist in zwei verschiedenen Farbkombinationen erh\u00e4ltlich. Das T-Shirt besteht zu 100% aus Baumwolle, ausser den \u00c4rmeln, was bei der Nutzung ein sch\u00f6nes Tragegef\u00fchl gibt. Die Innenseite der \u00c4rmel besteht aus Baumwolle, um den Komfort bei zu behalten. DETAILS: Rundhals. Raglan-\u00c4rmel. FUNKTIONALIT\u00c4T: Normale Passform. HAUPTEIGENSCHAFTEN: Fahrer. STOFF: Herren. High-Vis [&hellip;]<\/p>\n","protected":false},"featured_media":593808,"template":"","meta":[],"product_brand":[],"product_cat":[4201],"product_tag":[],"class_list":{"0":"post-593767","1":"product","2":"type-product","3":"status-publish","4":"has-post-thumbnail","6":"product_cat-t-shirts","7":"pa_brand-blaklaeder","8":"pa_brand-type-workwear","9":"pa_filter-color-blau","10":"pa_filter-color-gelb","11":"pa_filter-color-schwarz","13":"first","14":"instock","15":"sale","16":"taxable","17":"shipping-taxable","18":"purchasable","19":"product-type-variable","20":"add-to-wishlist-before_image"},"exclude_global_add_ons":[],"addons":[],"acf":[],"_links":{"self":[{"href":"https:\/\/shop.kustom.ch\/fr\/wp-json\/wp\/v2\/product\/593767"}],"collection":[{"href":"https:\/\/shop.kustom.ch\/fr\/wp-json\/wp\/v2\/product"}],"about":[{"href":"https:\/\/shop.kustom.ch\/fr\/wp-json\/wp\/v2\/types\/product"}],"wp:featuredmedia":[{"embeddable":true,"href":"https:\/\/shop.kustom.ch\/fr\/wp-json\/wp\/v2\/media\/593808"}],"wp:attachment":[{"href":"https:\/\/shop.kustom.ch\/fr\/wp-json\/wp\/v2\/media?parent=593767"}],"wp:term":[{"taxonomy":"product_brand","embeddable":true,"href":"https:\/\/shop.kustom.ch\/fr\/wp-json\/wp\/v2\/product_brand?post=593767"},{"taxonomy":"product_cat","embeddable":true,"href":"https:\/\/shop.kustom.ch\/fr\/wp-json\/wp\/v2\/product_cat?post=593767"},{"taxonomy":"product_tag","embeddable":true,"href":"https:\/\/shop.kustom.ch\/fr\/wp-json\/wp\/v2\/product_tag?post=593767"}],"curies":[{"name":"wp","href":"https:\/\/api.w.org\/{rel}","templated":true}]}}