{"id":593742,"date":"2025-03-04T23:57:12","date_gmt":"2025-03-04T22:57:12","guid":{"rendered":"https:\/\/shop.kustom.ch\/?post_type=product&#038;p=593742"},"modified":"2026-03-31T08:54:49","modified_gmt":"2026-03-31T07:54:49","slug":"high-vis-shirt-langaermelig","status":"publish","type":"product","link":"https:\/\/shop.kustom.ch\/fr\/produit\/high-vis-shirt-langaermelig\/","title":{"rendered":"T-shirt haute visibilit\u00e9 \u00e0 manches longues"},"content":{"rendered":"<p>Un t-shirt \u00e0 manches longues en coton 100%, certifi\u00e9 classe 1. Ce v\u00eatement combine des d\u00e9tails haute visibilit\u00e9 avec des bandes r\u00e9fl\u00e9chissantes discontinues qui offrent une bonne visibilit\u00e9 dans un environnement non prot\u00e9g\u00e9. Certifi\u00e9 selon la norme EN ISO 20471, classe 1.<\/p>\n<p>DETAILS : Impression - Bl\u00e5kl\u00e4der. Col rond. Coutures renforc\u00e9es au cou. CARACT\u00c9RISTIQUES PRINCIPALES : Artisan. EN ISO 20471. REFLEX : bandes r\u00e9fl\u00e9chissantes de transfert de 50 mm de large. TISSU : Hommes. Noir. Transport. Tissu fluorescent en polyester haute visibilit\u00e9 100%. CONSEILS DE LAVAGE : Nombre de lavages : 50. Ne pas essorer. CERTIFICATION : Groupe de certification D<\/p>\n<p>100% Coton, jersey, 180 g\/m<\/p>","protected":false},"excerpt":{"rendered":"<p>Ein lang\u00e4rmeliges Shirt aus 100% Baumwolle, das nach Klasse 1 zertifiziert ist. Das Kleidungsst\u00fcck kombiniert High Vis Details mit unterbrochenen Reflexstreifen, die gute Sichtbarkeit in ungesch\u00fctzter Umgebung bieten. Zertifiziert nach EN ISO 20471, Klasse 1. DETAILS: Aufdruck &#8211; Bl\u00e5kl\u00e4der. Rundhals. Verst\u00e4rkte Halsn\u00e4hte. HAUPTEIGENSCHAFTEN: Handwerker. EN ISO 20471. REFLEX: 50 mm breite Transferreflexstreifen. STOFF: Herren. schwarz. [&hellip;]<\/p>\n","protected":false},"featured_media":593806,"template":"","meta":[],"product_brand":[],"product_cat":[4201],"product_tag":[],"class_list":{"0":"post-593742","1":"product","2":"type-product","3":"status-publish","4":"has-post-thumbnail","6":"product_cat-t-shirts","7":"pa_brand-blaklaeder","8":"pa_brand-type-workwear","9":"pa_filter-color-rot","10":"pa_filter-color-schwarz","12":"first","13":"instock","14":"sale","15":"taxable","16":"shipping-taxable","17":"purchasable","18":"product-type-variable","19":"add-to-wishlist-before_image"},"exclude_global_add_ons":[],"addons":[],"acf":[],"_links":{"self":[{"href":"https:\/\/shop.kustom.ch\/fr\/wp-json\/wp\/v2\/product\/593742"}],"collection":[{"href":"https:\/\/shop.kustom.ch\/fr\/wp-json\/wp\/v2\/product"}],"about":[{"href":"https:\/\/shop.kustom.ch\/fr\/wp-json\/wp\/v2\/types\/product"}],"wp:featuredmedia":[{"embeddable":true,"href":"https:\/\/shop.kustom.ch\/fr\/wp-json\/wp\/v2\/media\/593806"}],"wp:attachment":[{"href":"https:\/\/shop.kustom.ch\/fr\/wp-json\/wp\/v2\/media?parent=593742"}],"wp:term":[{"taxonomy":"product_brand","embeddable":true,"href":"https:\/\/shop.kustom.ch\/fr\/wp-json\/wp\/v2\/product_brand?post=593742"},{"taxonomy":"product_cat","embeddable":true,"href":"https:\/\/shop.kustom.ch\/fr\/wp-json\/wp\/v2\/product_cat?post=593742"},{"taxonomy":"product_tag","embeddable":true,"href":"https:\/\/shop.kustom.ch\/fr\/wp-json\/wp\/v2\/product_tag?post=593742"}],"curies":[{"name":"wp","href":"https:\/\/api.w.org\/{rel}","templated":true}]}}