{"id":593625,"date":"2025-03-04T23:55:22","date_gmt":"2025-03-04T22:55:22","guid":{"rendered":"https:\/\/shop.kustom.ch\/?post_type=product&#038;p=593625"},"modified":"2026-03-31T08:54:30","modified_gmt":"2026-03-31T07:54:30","slug":"flammschutz-unterhemd","status":"publish","type":"product","link":"https:\/\/shop.kustom.ch\/fr\/produit\/flammschutz-unterhemd\/","title":{"rendered":"Maillot de corps ignifug\u00e9"},"content":{"rendered":"<p>Sous-maillot doux et confortable, fabriqu\u00e9 dans un mat\u00e9riau \u00e9tendu qui r\u00e9agit \u00e0 la chaleur et aux flammes pour garantir une protection permanente en cas de risque \u00e9lev\u00e9 de chaleur, de flammes et d'arcs \u00e9lectriques. Certifi\u00e9 selon les normes EN 1149-5, EN ISO 11612 A1, B1, C1, IEC 61482-2 classe 1. EBT 4,4 cal\/cm\u00b2, HAF : 69,1%.Maillot de corps doux et confortable qui, gr\u00e2ce \u00e0 son mat\u00e9riau ignifug\u00e9, offre une protection permanente contre, entre autres, la chaleur, les flammes et les arcs \u00e9lectriques. Certifi\u00e9 selon les normes EN 1149-5, EN ISO 11612, IEC 61482-2. EBT 4,4 cal\/cm\u00b2.<\/p>\n<p>FERMETURE : Finition des manches avec poignets. D\u00c9TAILS : col rond. CARACT\u00c9RISTIQUES PRINCIPALES : IEC 61482-2. TISSU : Homme. noir. Protection contre les flammes. INSTRUCTIONS DE LAVAGE : repassage - moyen. CERTIFICATION : EBT 4,4 cal\/cm\u00b2, HAF : 69,1%. EN 1149-5. ISO 11612 A1, B1, C1. IEC 61482-2, classe 1<\/p>\n<p>59% modacrylique, 39% coton, 2% antistatique, tricot c\u00f4tel\u00e9, ignifug\u00e9, antistatique, 220g\/m<\/p>","protected":false},"excerpt":{"rendered":"<p>Weiches, komfortables Unterhemd aus einem erweiterten Material, das auf Hitze und Flammen reagiert, um st\u00e4ndigen Schutz bei hohem Hitze-, Flammen- und Lichtbogenrisiko zu garantieren. Zertifiziert nach EN 1149-5, EN ISO 11612 A1, B1, C1, IEC 61482-2 Klasse 1. EBT 4,4 cal\/cm\u00b2, HAF: 69,1%.Weiches, komfortables Unterhemd, das dank seines flammfesten Materials einen dauerhaften Schutz u.a. gegen [&hellip;]<\/p>\n","protected":false},"featured_media":593678,"template":"","meta":[],"product_brand":[],"product_cat":[4206],"product_tag":[],"class_list":{"0":"post-593625","1":"product","2":"type-product","3":"status-publish","4":"has-post-thumbnail","6":"product_cat-underwear","7":"pa_brand-blaklaeder","8":"pa_brand-type-workwear","9":"pa_filter-color-schwarz","11":"first","12":"instock","13":"sale","14":"taxable","15":"shipping-taxable","16":"purchasable","17":"product-type-variable","18":"add-to-wishlist-before_image"},"exclude_global_add_ons":[],"addons":[],"acf":[],"_links":{"self":[{"href":"https:\/\/shop.kustom.ch\/fr\/wp-json\/wp\/v2\/product\/593625"}],"collection":[{"href":"https:\/\/shop.kustom.ch\/fr\/wp-json\/wp\/v2\/product"}],"about":[{"href":"https:\/\/shop.kustom.ch\/fr\/wp-json\/wp\/v2\/types\/product"}],"wp:featuredmedia":[{"embeddable":true,"href":"https:\/\/shop.kustom.ch\/fr\/wp-json\/wp\/v2\/media\/593678"}],"wp:attachment":[{"href":"https:\/\/shop.kustom.ch\/fr\/wp-json\/wp\/v2\/media?parent=593625"}],"wp:term":[{"taxonomy":"product_brand","embeddable":true,"href":"https:\/\/shop.kustom.ch\/fr\/wp-json\/wp\/v2\/product_brand?post=593625"},{"taxonomy":"product_cat","embeddable":true,"href":"https:\/\/shop.kustom.ch\/fr\/wp-json\/wp\/v2\/product_cat?post=593625"},{"taxonomy":"product_tag","embeddable":true,"href":"https:\/\/shop.kustom.ch\/fr\/wp-json\/wp\/v2\/product_tag?post=593625"}],"curies":[{"name":"wp","href":"https:\/\/api.w.org\/{rel}","templated":true}]}}