{"id":593601,"date":"2025-03-04T23:54:48","date_gmt":"2025-03-04T22:54:48","guid":{"rendered":"https:\/\/shop.kustom.ch\/?post_type=product&#038;p=593601"},"modified":"2026-03-31T08:54:25","modified_gmt":"2026-03-31T07:54:25","slug":"damen-uv-shirt-high-vis-langarm","status":"publish","type":"product","link":"https:\/\/shop.kustom.ch\/fr\/produit\/damen-uv-shirt-high-vis-langarm\/","title":{"rendered":"T-shirt UV femme haute visibilit\u00e9 manches longues"},"content":{"rendered":"<p>Le t-shirt l\u00e9ger \u00e0 manches longues High Vis pour femmes est compos\u00e9 d'un tissu tricot\u00e9 l\u00e9ger et structur\u00e9 pour l'a\u00e9ration. Le mat\u00e9riau poss\u00e8de des propri\u00e9t\u00e9s d'\u00e9vacuation de l'humidit\u00e9 pour une sensation agr\u00e9able et s\u00e8che sur le corps. Les larges bandes r\u00e9fl\u00e9chissantes extensibles offrent une haute visibilit\u00e9 et une libert\u00e9 de mouvement optimale. Certifi\u00e9 selon EN ISO 20471, XS-M classe 2, L-&gt; classe 3, v\u00eatements de protection haute visibilit\u00e9 et EN 13758-2 UPF 40+.<\/p>\n<p>DETAILS : Encolure en V. Fentes sur les c\u00f4t\u00e9s. Manches longues. FONCTIONNALIT\u00c9 : Mat\u00e9riau avec protection UV. Taille pour femme. TRAVAUX PRINCIPAUX : Travailleurs de la route et du b\u00e2timent. EN ISO 20471. REFLEX : Mat\u00e9riau r\u00e9fl\u00e9chissant sur le torse, les manches et les \u00e9paules. TISSU : Disponible pour hommes et femmes. Jaune haute visibilit\u00e9. Protection contre les UV. Protection contre la haute visibilit\u00e9. INSTRUCTIONS DE LAVAGE : Nombre de lavages : 50. S\u00e8che-linge - bas. CERTIFICATION : EN 13758-2 UPF 40 +. Groupe de certification C -&gt;M<\/p>\n<p>100% polyester, tricot birdseye, \u00e9vacuation de l'humidit\u00e9, protection UV, 130g\/m<\/p>","protected":false},"excerpt":{"rendered":"<p>Das lang\u00e4rmelige leichte High Vis Shirt f\u00fcr Damen besteht aus leichtem Strickgewebe mit Struktur f\u00fcr die Bel\u00fcftung. Das Material hat feuchtigkeitstransportierende Eigenschaften f\u00fcr ein angenehmes und trockenes Gef\u00fchl am K\u00f6rper. Die breiten dehnbaren Reflexstreifen bieten hohe Sichtbarkeit und optimale Bewegungsfreiheit. Zertifiziert nach EN ISO 20471, XS-M Klasse 2, L-&gt; Klasse 3, Schutzkleidung f\u00fcr hohe Sichtbarkeit [&hellip;]<\/p>\n","protected":false},"featured_media":593657,"template":"","meta":[],"product_brand":[],"product_cat":[4201],"product_tag":[],"class_list":{"0":"post-593601","1":"product","2":"type-product","3":"status-publish","4":"has-post-thumbnail","6":"product_cat-t-shirts","7":"pa_brand-blaklaeder","8":"pa_brand-type-workwear","9":"pa_filter-color-gelb","10":"pa_filter-color-orange","12":"first","13":"instock","14":"sale","15":"taxable","16":"shipping-taxable","17":"purchasable","18":"product-type-variable","19":"add-to-wishlist-before_image"},"exclude_global_add_ons":[],"addons":[],"acf":[],"_links":{"self":[{"href":"https:\/\/shop.kustom.ch\/fr\/wp-json\/wp\/v2\/product\/593601"}],"collection":[{"href":"https:\/\/shop.kustom.ch\/fr\/wp-json\/wp\/v2\/product"}],"about":[{"href":"https:\/\/shop.kustom.ch\/fr\/wp-json\/wp\/v2\/types\/product"}],"wp:featuredmedia":[{"embeddable":true,"href":"https:\/\/shop.kustom.ch\/fr\/wp-json\/wp\/v2\/media\/593657"}],"wp:attachment":[{"href":"https:\/\/shop.kustom.ch\/fr\/wp-json\/wp\/v2\/media?parent=593601"}],"wp:term":[{"taxonomy":"product_brand","embeddable":true,"href":"https:\/\/shop.kustom.ch\/fr\/wp-json\/wp\/v2\/product_brand?post=593601"},{"taxonomy":"product_cat","embeddable":true,"href":"https:\/\/shop.kustom.ch\/fr\/wp-json\/wp\/v2\/product_cat?post=593601"},{"taxonomy":"product_tag","embeddable":true,"href":"https:\/\/shop.kustom.ch\/fr\/wp-json\/wp\/v2\/product_tag?post=593601"}],"curies":[{"name":"wp","href":"https:\/\/api.w.org\/{rel}","templated":true}]}}