{"id":593600,"date":"2025-03-04T23:54:48","date_gmt":"2025-03-04T22:54:48","guid":{"rendered":"https:\/\/shop.kustom.ch\/?post_type=product&#038;p=593600"},"modified":"2026-03-31T08:54:25","modified_gmt":"2026-03-31T07:54:25","slug":"flammschutz-langarm-shirt-3","status":"publish","type":"product","link":"https:\/\/shop.kustom.ch\/fr\/produit\/flammschutz-langarm-shirt-3\/","title":{"rendered":"Chemise \u00e0 manches longues ignifug\u00e9e"},"content":{"rendered":"<p>T-shirt \u00e0 manches longues fabriqu\u00e9 dans un tissu robuste avec des propri\u00e9t\u00e9s de protection \u00e9lev\u00e9es dans la classe de haute visibilit\u00e9 1. Son confort doux et exceptionnel en fait un v\u00eatement presque imbattable. Certifi\u00e9 selon les normes EN 1149-5, EN ISO 20471, EN ISO 11612, IEC 61482-2. ATPV : 13,1 cal\/cm\u00b2.<\/p>\n<p>FERMETURE : Finition des manches avec poignets. D\u00c9TAILS : \u00c9tiquettes de certification ext\u00e9rieures. Col rond. Fentes sur les c\u00f4t\u00e9s. PRINCIPALES CARACT\u00c9RISTIQUES : Employ\u00e9 de service. IEC 61482-2. REFLEX : Bandes r\u00e9fl\u00e9chissantes de transfert ignifuges interrompues. TISSU : Hommes. Jaune. Anti-flamme. INSTRUCTIONS DE LAVAGE : Ne pas repasser. CERTIFICATION : EN 1149-5. EN ISO 11612 A1, B1, C1, E1, F1. EN ISO 20471, classe 1. IEC 61482-2, APC 1<\/p>\n<p>48% modacrylique, 42% coton, 5% aramide, 3% polyamide, 2% fibre antistatique, interlock, ignifug\u00e9, antistatique, 250 g\/m<\/p>","protected":false},"excerpt":{"rendered":"<p>Langarm-Shirt aus einem robusten Stoff mit hohen Schutzeigenschaften in der Warnschutzklasse 1. Sein weicher, aussergew\u00f6hnlicher Tragekomfort macht es zu einem nahezu unschlagbaren Kleidungsst\u00fcck. Zertifiziert nach EN 1149-5, EN ISO 20471, EN ISO 11612, IEC 61482-2. ATPV: 13,1 cal\/cm\u00b2. ABSCHLUSS: Armabschluss mit B\u00fcndchen. DETAILS: Aussenliegende Zertifizierungsetiketten. Rundhals. Schlitze an den Seiten. HAUPTEIGENSCHAFTEN: Service Mitarbeiter. IEC 61482-2. [&hellip;]<\/p>\n","protected":false},"featured_media":593656,"template":"","meta":[],"product_brand":[],"product_cat":[4201],"product_tag":[],"class_list":{"0":"post-593600","1":"product","2":"type-product","3":"status-publish","4":"has-post-thumbnail","6":"product_cat-t-shirts","7":"pa_brand-blaklaeder","8":"pa_brand-type-workwear","9":"pa_filter-color-blau","10":"pa_filter-color-gelb","12":"first","13":"instock","14":"sale","15":"taxable","16":"shipping-taxable","17":"purchasable","18":"product-type-variable","19":"add-to-wishlist-before_image"},"exclude_global_add_ons":[],"addons":[],"acf":[],"_links":{"self":[{"href":"https:\/\/shop.kustom.ch\/fr\/wp-json\/wp\/v2\/product\/593600"}],"collection":[{"href":"https:\/\/shop.kustom.ch\/fr\/wp-json\/wp\/v2\/product"}],"about":[{"href":"https:\/\/shop.kustom.ch\/fr\/wp-json\/wp\/v2\/types\/product"}],"wp:featuredmedia":[{"embeddable":true,"href":"https:\/\/shop.kustom.ch\/fr\/wp-json\/wp\/v2\/media\/593656"}],"wp:attachment":[{"href":"https:\/\/shop.kustom.ch\/fr\/wp-json\/wp\/v2\/media?parent=593600"}],"wp:term":[{"taxonomy":"product_brand","embeddable":true,"href":"https:\/\/shop.kustom.ch\/fr\/wp-json\/wp\/v2\/product_brand?post=593600"},{"taxonomy":"product_cat","embeddable":true,"href":"https:\/\/shop.kustom.ch\/fr\/wp-json\/wp\/v2\/product_cat?post=593600"},{"taxonomy":"product_tag","embeddable":true,"href":"https:\/\/shop.kustom.ch\/fr\/wp-json\/wp\/v2\/product_tag?post=593600"}],"curies":[{"name":"wp","href":"https:\/\/api.w.org\/{rel}","templated":true}]}}