{"id":593577,"date":"2025-03-04T23:54:15","date_gmt":"2025-03-04T22:54:15","guid":{"rendered":"https:\/\/shop.kustom.ch\/?post_type=product&#038;p=593577"},"modified":"2026-03-31T08:54:23","modified_gmt":"2026-03-31T07:54:23","slug":"flammschutz-langarm-shirt-2","status":"publish","type":"product","link":"https:\/\/shop.kustom.ch\/fr\/produit\/flammschutz-langarm-shirt-2\/","title":{"rendered":"Chemise ignifug\u00e9e \u00e0 manches longues"},"content":{"rendered":"<p>T-shirt ignifug\u00e9 \u00e0 manches longues. Certifi\u00e9 selon EN ISO 11612 A1, B1, C1, EN 1149-5.<\/p>\n<p>DETAILS : \u00c9tiquette \u00e0 l'ext\u00e9rieur. Col rond. CARACTERISTIQUES PRINCIPALES : Artisan. EN 1149-5. TISSU : Homme. Bleu. Protection contre les flammes. INSTRUCTIONS DE LAVAGE : 40\u00b0 C. CERTIFICATION : EN 1149-5. ISO 11612 A1, B1, C1<\/p>\n<p>59% modacrylique, 39% coton, 2% antistatique, single jersey, antistatique, ignifug\u00e9 180 g\/m<\/p>","protected":false},"excerpt":{"rendered":"<p>Flammhemmendes lang\u00e4rmeliges Shirt. Zertifiziert nach EN ISO 11612 A1, B1, C1, EN 1149-5. DETAILS: Etikett aussen. Rundhals. HAUPTEIGENSCHAFTEN: Handwerker. EN 1149-5. STOFF: Herren. blau. Flammschutz. WASCHANLEITUNG: 40\u00b0 C. ZERTIFIZIERUNG: EN 1149-5. ISO 11612 A1, B1, C1 59% Modacryl, 39% Baumwolle, 2% antistatisch, Single Jersey, antistatisch, flammhemmend 180 g\/m\u00b2<\/p>","protected":false},"featured_media":593623,"template":"","meta":[],"product_brand":[],"product_cat":[4201],"product_tag":[],"class_list":{"0":"post-593577","1":"product","2":"type-product","3":"status-publish","4":"has-post-thumbnail","6":"product_cat-t-shirts","7":"pa_brand-blaklaeder","8":"pa_brand-type-workwear","9":"pa_filter-color-blau","10":"pa_filter-color-schwarz","12":"first","13":"instock","14":"sale","15":"taxable","16":"shipping-taxable","17":"purchasable","18":"product-type-variable","19":"add-to-wishlist-before_image"},"exclude_global_add_ons":[],"addons":[],"acf":[],"_links":{"self":[{"href":"https:\/\/shop.kustom.ch\/fr\/wp-json\/wp\/v2\/product\/593577"}],"collection":[{"href":"https:\/\/shop.kustom.ch\/fr\/wp-json\/wp\/v2\/product"}],"about":[{"href":"https:\/\/shop.kustom.ch\/fr\/wp-json\/wp\/v2\/types\/product"}],"wp:featuredmedia":[{"embeddable":true,"href":"https:\/\/shop.kustom.ch\/fr\/wp-json\/wp\/v2\/media\/593623"}],"wp:attachment":[{"href":"https:\/\/shop.kustom.ch\/fr\/wp-json\/wp\/v2\/media?parent=593577"}],"wp:term":[{"taxonomy":"product_brand","embeddable":true,"href":"https:\/\/shop.kustom.ch\/fr\/wp-json\/wp\/v2\/product_brand?post=593577"},{"taxonomy":"product_cat","embeddable":true,"href":"https:\/\/shop.kustom.ch\/fr\/wp-json\/wp\/v2\/product_cat?post=593577"},{"taxonomy":"product_tag","embeddable":true,"href":"https:\/\/shop.kustom.ch\/fr\/wp-json\/wp\/v2\/product_tag?post=593577"}],"curies":[{"name":"wp","href":"https:\/\/api.w.org\/{rel}","templated":true}]}}