{"id":593553,"date":"2025-03-04T23:53:44","date_gmt":"2025-03-04T22:53:44","guid":{"rendered":"https:\/\/shop.kustom.ch\/?post_type=product&#038;p=593553"},"modified":"2026-03-31T08:54:17","modified_gmt":"2026-03-31T07:54:17","slug":"flammschutz-t-shirt","status":"publish","type":"product","link":"https:\/\/shop.kustom.ch\/fr\/produit\/flammschutz-t-shirt\/","title":{"rendered":"T-shirt ignifug\u00e9"},"content":{"rendered":"<p>T-shirt ignifug\u00e9 en tissu fin et a\u00e9r\u00e9, tr\u00e8s confortable. Encolure ronde et coutures renforc\u00e9es au cou et aux \u00e9paules. Certifi\u00e9 selon EN 1149-5, EN ISO 14116.<\/p>\n<p>D\u00c9TAILS : \u00c9tiquettes de certification ext\u00e9rieures. Col rond. CARACTERISTIQUES PRINCIPALES : \u00c9lectricien. EN ISO 14116. TISSU : Homme. bleu. Protection contre les flammes. INSTRUCTIONS DE LAVAGE : Ne pas nettoyer \u00e0 sec. CERTIFICATION : EN 1149-5. EN ISO 14116, indice 3<\/p>\n<p>60% modacrylique, 39% coton, 1% fibre antistatique, jersey simple, ignifug\u00e9, antistatique 210g\/m<\/p>","protected":false},"excerpt":{"rendered":"<p>Flammhemmendes T-Shirt aus einem d\u00fcnnen, luftigen Stoff, der sehr bequem ist. Runder Ausschnitt und verst\u00e4rkte Hals- und Schultern\u00e4hte. Zertifiziert nach EN 1149-5, EN ISO 14116. DETAILS: Aussenliegende Zertifizierungsetiketten. Rundhals. HAUPTEIGENSCHAFTEN: Elektriker. EN ISO 14116. STOFF: Herren. blau. Flammschutz. WASCHANLEITUNG: Nicht chemisch reinigen. ZERTIFIZIERUNG: EN 1149-5. EN ISO 14116, Index 3 60% Modacryl, 39% Baumwolle, 1% [&hellip;]<\/p>\n","protected":false},"featured_media":593622,"template":"","meta":[],"product_brand":[],"product_cat":[4201],"product_tag":[],"class_list":{"0":"post-593553","1":"product","2":"type-product","3":"status-publish","4":"has-post-thumbnail","6":"product_cat-t-shirts","7":"pa_brand-blaklaeder","8":"pa_brand-type-workwear","9":"pa_filter-color-blau","10":"pa_filter-color-schwarz","12":"first","13":"instock","14":"sale","15":"taxable","16":"shipping-taxable","17":"purchasable","18":"product-type-variable","19":"add-to-wishlist-before_image"},"exclude_global_add_ons":[],"addons":[],"acf":[],"_links":{"self":[{"href":"https:\/\/shop.kustom.ch\/fr\/wp-json\/wp\/v2\/product\/593553"}],"collection":[{"href":"https:\/\/shop.kustom.ch\/fr\/wp-json\/wp\/v2\/product"}],"about":[{"href":"https:\/\/shop.kustom.ch\/fr\/wp-json\/wp\/v2\/types\/product"}],"wp:featuredmedia":[{"embeddable":true,"href":"https:\/\/shop.kustom.ch\/fr\/wp-json\/wp\/v2\/media\/593622"}],"wp:attachment":[{"href":"https:\/\/shop.kustom.ch\/fr\/wp-json\/wp\/v2\/media?parent=593553"}],"wp:term":[{"taxonomy":"product_brand","embeddable":true,"href":"https:\/\/shop.kustom.ch\/fr\/wp-json\/wp\/v2\/product_brand?post=593553"},{"taxonomy":"product_cat","embeddable":true,"href":"https:\/\/shop.kustom.ch\/fr\/wp-json\/wp\/v2\/product_cat?post=593553"},{"taxonomy":"product_tag","embeddable":true,"href":"https:\/\/shop.kustom.ch\/fr\/wp-json\/wp\/v2\/product_tag?post=593553"}],"curies":[{"name":"wp","href":"https:\/\/api.w.org\/{rel}","templated":true}]}}