{"id":593535,"date":"2025-03-04T23:53:41","date_gmt":"2025-03-04T22:53:41","guid":{"rendered":"https:\/\/shop.kustom.ch\/?post_type=product&#038;p=593535"},"modified":"2026-03-31T08:54:16","modified_gmt":"2026-03-31T07:54:16","slug":"multinorm-langarm-shirt","status":"publish","type":"product","link":"https:\/\/shop.kustom.ch\/fr\/produit\/multinorm-langarm-shirt\/","title":{"rendered":"Chemise \u00e0 manches longues Multinorm"},"content":{"rendered":"<p>T-shirt \u00e0 manches longues dans une couleur haute visibilit\u00e9 et avec des propri\u00e9t\u00e9s ignifuges. La chemise a des poignets, des bandes r\u00e9fl\u00e9chissantes discontinues sur le corps et les manches, et son stretch int\u00e9gr\u00e9 permet une libert\u00e9 de mouvement totale. Certifi\u00e9 selon les normes EN 1149-5, EN ISO 20471, EN ISO 11612, IEC 61482-2. ATPV : 13,1 cal\/cm\u00b2.<\/p>\n<p>FERMETURE : Finition des manches avec poignets. D\u00c9TAILS : \u00c9tiquettes de certification ext\u00e9rieures. Col rond. CARACT\u00c9RISTIQUES PRINCIPALES : \u00c9lectricien. EN ISO 20471. REFLEX : Bandes r\u00e9fl\u00e9chissantes de transfert ignifuges interrompues. TISSU : Hommes. Jaune haute visibilit\u00e9. Protection contre les flammes. INSTRUCTIONS DE LAVAGE : Ne pas essorer. CERTIFICATION : EN 1149-5. EN ISO 11612 A1, B1, C1, E1, F1. EN ISO 20471, classe 3. ELIM - 12,2 cal\/cm\u00b2.<\/p>\n<p>48% modacrylique, 42% coton, 5% aramide, 3% polyamide, 2% fibre antistatique, interlock, ignifug\u00e9, antistatique, 250 g\/m<\/p>","protected":false},"excerpt":{"rendered":"<p>Lang\u00e4rmeliges Shirt in einer High Vis Farbe und mit flammhemmenden Eigenschaften. Das Shirt hat B\u00fcndchen, unterbrochene Reflexstreifen an K\u00f6rper und \u00c4rmeln, und sein eingearbeiteter Stretch erm\u00f6glicht volle Bewegungsfreiheit. Zertifiziert nach EN 1149-5, EN ISO 20471, EN ISO 11612, IEC 61482-2. ATPV: 13,1 cal\/cm\u00b2. ABSCHLUSS: Armabschluss mit B\u00fcndchen. DETAILS: Aussenliegende Zertifizierungsetiketten. Rundhals. HAUPTEIGENSCHAFTEN: Elektriker. EN ISO [&hellip;]<\/p>\n","protected":false},"featured_media":593596,"template":"","meta":[],"product_brand":[],"product_cat":[4201],"product_tag":[],"class_list":{"0":"post-593535","1":"product","2":"type-product","3":"status-publish","4":"has-post-thumbnail","6":"product_cat-t-shirts","7":"pa_brand-blaklaeder","8":"pa_brand-type-workwear","9":"pa_filter-color-gelb","11":"first","12":"instock","13":"sale","14":"taxable","15":"shipping-taxable","16":"purchasable","17":"product-type-variable","18":"add-to-wishlist-before_image"},"exclude_global_add_ons":[],"addons":[],"acf":[],"_links":{"self":[{"href":"https:\/\/shop.kustom.ch\/fr\/wp-json\/wp\/v2\/product\/593535"}],"collection":[{"href":"https:\/\/shop.kustom.ch\/fr\/wp-json\/wp\/v2\/product"}],"about":[{"href":"https:\/\/shop.kustom.ch\/fr\/wp-json\/wp\/v2\/types\/product"}],"wp:featuredmedia":[{"embeddable":true,"href":"https:\/\/shop.kustom.ch\/fr\/wp-json\/wp\/v2\/media\/593596"}],"wp:attachment":[{"href":"https:\/\/shop.kustom.ch\/fr\/wp-json\/wp\/v2\/media?parent=593535"}],"wp:term":[{"taxonomy":"product_brand","embeddable":true,"href":"https:\/\/shop.kustom.ch\/fr\/wp-json\/wp\/v2\/product_brand?post=593535"},{"taxonomy":"product_cat","embeddable":true,"href":"https:\/\/shop.kustom.ch\/fr\/wp-json\/wp\/v2\/product_cat?post=593535"},{"taxonomy":"product_tag","embeddable":true,"href":"https:\/\/shop.kustom.ch\/fr\/wp-json\/wp\/v2\/product_tag?post=593535"}],"curies":[{"name":"wp","href":"https:\/\/api.w.org\/{rel}","templated":true}]}}