{"id":593405,"date":"2025-03-04T23:51:13","date_gmt":"2025-03-04T22:51:13","guid":{"rendered":"https:\/\/shop.kustom.ch\/?post_type=product&#038;p=593405"},"modified":"2026-03-31T08:53:43","modified_gmt":"2026-03-31T07:53:43","slug":"hybrid-sweater","status":"publish","type":"product","link":"https:\/\/shop.kustom.ch\/fr\/produit\/hybrid-sweater\/","title":{"rendered":"Sweat hybride"},"content":{"rendered":"<p>Ce sweat-shirt est le nec plus ultra en mati\u00e8re de polyvalence. Il fonctionne aussi bien qu'une veste, selon ce que vous faites. Ce sweat-shirt a un devant matelass\u00e9 et n'est pas doubl\u00e9. C'est un excellent v\u00eatement \u00e0 imprimer avec le logo de votre entreprise.<\/p>\n<p>FERMETURE : Ceinture \u00e0 c\u00f4tes. Finition des manches avec poignets. D\u00c9TAILS : Bonnes surfaces pour les finitions. Capuche fixe. FERMETURE FRONTALE : Patte \u00e0 vent \u00e0 l'int\u00e9rieur. FONCTIONNALIT\u00c9 : Mati\u00e8re matelass\u00e9e sur le devant. CARACTERISTIQUES PRINCIPALES : Conducteur. Disponible pour hommes et femmes. TISSU : hommes. noir. profil. POCHES : Poches avant avec fermetures \u00e0 glissi\u00e8re. INSTRUCTIONS DE LAVAGE : 40\u00b0 C<\/p>\n<p>100% Polyester, molleton piqu\u00e9, bross\u00e9 d'un c\u00f4t\u00e9, 260 g\/m<\/p>","protected":false},"excerpt":{"rendered":"<p>Dieses Sweatshirt ist der ultimative Allrounder. Es funktioniert genauso gut wie eine Jacke, je nachdem, was Sie gerade tun. Diese Sweatshirt-Jacke hat eine gesteppte Vorderseite und ist ungef\u00fcttert. Ein hervorragendes Kleidungsst\u00fcck zum Bedrucken mit Ihrem Firmenlogo. ABSCHLUSS: Gerippter Bund. Armabschluss mit B\u00fcndchen. DETAILS: Gute Oberfl\u00e4chen f\u00fcr Veredelung. Feste Kapuze. FRONTVERSCHLUSS: Windleiste innen. FUNKTIONALIT\u00c4T: Wattiertes Material [&hellip;]<\/p>\n","protected":false},"featured_media":593451,"template":"","meta":[],"product_brand":[],"product_cat":[4184],"product_tag":[],"class_list":{"0":"post-593405","1":"product","2":"type-product","3":"status-publish","4":"has-post-thumbnail","6":"product_cat-hoodies-pullover","7":"pa_brand-blaklaeder","8":"pa_brand-type-workwear","9":"pa_filter-color-blau","10":"pa_filter-color-gelb","11":"pa_filter-color-grau","12":"pa_filter-color-gruen","13":"pa_filter-color-rot","14":"pa_filter-color-schwarz","16":"first","17":"instock","18":"sale","19":"taxable","20":"shipping-taxable","21":"purchasable","22":"product-type-variable","23":"add-to-wishlist-before_image"},"exclude_global_add_ons":[],"addons":[],"acf":[],"_links":{"self":[{"href":"https:\/\/shop.kustom.ch\/fr\/wp-json\/wp\/v2\/product\/593405"}],"collection":[{"href":"https:\/\/shop.kustom.ch\/fr\/wp-json\/wp\/v2\/product"}],"about":[{"href":"https:\/\/shop.kustom.ch\/fr\/wp-json\/wp\/v2\/types\/product"}],"wp:featuredmedia":[{"embeddable":true,"href":"https:\/\/shop.kustom.ch\/fr\/wp-json\/wp\/v2\/media\/593451"}],"wp:attachment":[{"href":"https:\/\/shop.kustom.ch\/fr\/wp-json\/wp\/v2\/media?parent=593405"}],"wp:term":[{"taxonomy":"product_brand","embeddable":true,"href":"https:\/\/shop.kustom.ch\/fr\/wp-json\/wp\/v2\/product_brand?post=593405"},{"taxonomy":"product_cat","embeddable":true,"href":"https:\/\/shop.kustom.ch\/fr\/wp-json\/wp\/v2\/product_cat?post=593405"},{"taxonomy":"product_tag","embeddable":true,"href":"https:\/\/shop.kustom.ch\/fr\/wp-json\/wp\/v2\/product_tag?post=593405"}],"curies":[{"name":"wp","href":"https:\/\/api.w.org\/{rel}","templated":true}]}}