{"id":593380,"date":"2025-03-04T23:50:38","date_gmt":"2025-03-04T22:50:38","guid":{"rendered":"https:\/\/shop.kustom.ch\/?post_type=product&#038;p=593380"},"modified":"2026-03-31T08:53:35","modified_gmt":"2026-03-31T07:53:35","slug":"flammschutz-langarm-shirt","status":"publish","type":"product","link":"https:\/\/shop.kustom.ch\/fr\/produit\/flammschutz-langarm-shirt\/","title":{"rendered":"Chemise \u00e0 manches longues ignifug\u00e9e"},"content":{"rendered":"<p>T-shirt \u00e0 manches longues en tissu robuste avec des propri\u00e9t\u00e9s de protection \u00e9lev\u00e9es. Ce v\u00eatement de base populaire et fonctionnel offre une visibilit\u00e9 accrue sans r\u00e9flecteurs et un confort doux et exceptionnel qui vous permet de travailler dans des conditions difficiles. Certifi\u00e9 selon les normes EN 1149-5, EN ISO 11612, IEC 61482-2. ATPV : 13,1 cal\/cm\u00b2.<\/p>\n<p>FERMETURE : Poignets en maille c\u00f4tel\u00e9e. D\u00c9TAILS : \u00c9tiquettes de certification ext\u00e9rieures. Col de la manchette. Fentes sur les c\u00f4t\u00e9s. CARACTERISTIQUES PRINCIPALES : Artisan. EN ISO 11612. TISSU : Homme. bleu. Protection contre les flammes. INSTRUCTIONS DE LAVAGE : ne pas essorer. CERTIFICATION : EN 1149-5. EN ISO 11612 A1, B1, C1, E1, F1. ATPV - 13,1 cal\/cm\u00b2<\/p>\n<p>48% modacrylique, 42% coton, 5% aramide, 3% polyamide, 2% fibre antistatique, interlock, ignifug\u00e9, antistatique, 250 g\/m<\/p>","protected":false},"excerpt":{"rendered":"<p>Lang\u00e4rmeliges Shirt aus einem robusten Stoff mit hohen Schutzeigenschaften. Dieses beliebte, funktionelle Basiskleidungsst\u00fcck bietet eine erh\u00f6hte Sichtbarkeit ohne Reflektoren und bietet weichen, herrausragenden Komfort, welcher es Ihnen erm\u00f6glicht, auch unter schwierigen Bedingungen zu arbeiten. Zertifiziert nach EN 1149-5, EN ISO 11612, IEC 61482-2. ATPV: 13,1 cal\/cm\u00b2. ABSCHLUSS: Rippstrickb\u00fcndchen. DETAILS: Aussenliegende Zertifizierungsetiketten. B\u00fcndchenhals. Schlitze an den [&hellip;]<\/p>\n","protected":false},"featured_media":593427,"template":"","meta":[],"product_brand":[],"product_cat":[4201],"product_tag":[],"class_list":{"0":"post-593380","1":"product","2":"type-product","3":"status-publish","4":"has-post-thumbnail","6":"product_cat-t-shirts","7":"pa_brand-blaklaeder","8":"pa_brand-type-workwear","9":"pa_filter-color-blau","10":"pa_filter-color-gelb","12":"first","13":"instock","14":"sale","15":"taxable","16":"shipping-taxable","17":"purchasable","18":"product-type-variable","19":"add-to-wishlist-before_image"},"exclude_global_add_ons":[],"addons":[],"acf":[],"_links":{"self":[{"href":"https:\/\/shop.kustom.ch\/fr\/wp-json\/wp\/v2\/product\/593380"}],"collection":[{"href":"https:\/\/shop.kustom.ch\/fr\/wp-json\/wp\/v2\/product"}],"about":[{"href":"https:\/\/shop.kustom.ch\/fr\/wp-json\/wp\/v2\/types\/product"}],"wp:featuredmedia":[{"embeddable":true,"href":"https:\/\/shop.kustom.ch\/fr\/wp-json\/wp\/v2\/media\/593427"}],"wp:attachment":[{"href":"https:\/\/shop.kustom.ch\/fr\/wp-json\/wp\/v2\/media?parent=593380"}],"wp:term":[{"taxonomy":"product_brand","embeddable":true,"href":"https:\/\/shop.kustom.ch\/fr\/wp-json\/wp\/v2\/product_brand?post=593380"},{"taxonomy":"product_cat","embeddable":true,"href":"https:\/\/shop.kustom.ch\/fr\/wp-json\/wp\/v2\/product_cat?post=593380"},{"taxonomy":"product_tag","embeddable":true,"href":"https:\/\/shop.kustom.ch\/fr\/wp-json\/wp\/v2\/product_tag?post=593380"}],"curies":[{"name":"wp","href":"https:\/\/api.w.org\/{rel}","templated":true}]}}