{"id":593278,"date":"2025-03-04T23:48:15","date_gmt":"2025-03-04T22:48:15","guid":{"rendered":"https:\/\/shop.kustom.ch\/?post_type=product&#038;p=593278"},"modified":"2026-03-31T09:14:46","modified_gmt":"2026-03-31T08:14:46","slug":"sweatshirt-limited-2","status":"publish","type":"product","link":"https:\/\/shop.kustom.ch\/fr\/produit\/sweatshirt-limited-2\/","title":{"rendered":"Sweat-shirt limited"},"content":{"rendered":"<p>Sweat-shirt styl\u00e9 \u00e0 la coupe unisexe. Convient comme v\u00eatement de travail et de loisirs. Le grand \u201aB\u2018 sur la poitrine montre que votre c\u0153ur est au bon endroit lorsqu'il s'agit de v\u00eatements de travail.<\/p>\n<p>FERMETURE : Ceinture \u00e0 c\u00f4tes. Finition des manches avec poignets. D\u00c9TAILS : Imprim\u00e9 sur la poitrine. Col rond. CARACTERISTIQUES PRINCIPALES : Poseur de sol. Homme. TISSU : Hommes. Noir. profil. INSTRUCTIONS DE LAVAGE : 40\u00b0 C<\/p>\n<p>100% Coton, French Terry, 320 g\/m<\/p>","protected":false},"excerpt":{"rendered":"<p>Stylisches Sweatshirt in Unisex-Passform. Geeignet als Arbeits- und Freizeitkleidung. Das grosse &#8218;B&#8216; auf der Brust zeigt, dass Ihr Herz an der richtigen Stelle sitzt, wenn es um Arbeitskleidung geht. ABSCHLUSS: Gerippter Bund. Armabschluss mit B\u00fcndchen. DETAILS: Aufdruck auf der Brust. Rundhals. HAUPTEIGENSCHAFTEN: Bodenleger. Herren. STOFF: Herren. schwarz. Profil. WASCHANLEITUNG: 40\u00b0 C 100% Baumwolle, French Terry, [&hellip;]<\/p>\n","protected":false},"featured_media":593331,"template":"","meta":[],"product_brand":[],"product_cat":[4184],"product_tag":[],"class_list":{"0":"post-593278","1":"product","2":"type-product","3":"status-publish","4":"has-post-thumbnail","6":"product_cat-hoodies-pullover","7":"pa_brand-blaklaeder","8":"pa_brand-type-workwear","9":"pa_filter-color-grau","10":"pa_filter-color-gruen","11":"pa_filter-color-schwarz","13":"first","14":"instock","15":"sale","16":"taxable","17":"shipping-taxable","18":"purchasable","19":"product-type-variable","20":"add-to-wishlist-before_image"},"exclude_global_add_ons":[],"addons":[],"acf":[],"_links":{"self":[{"href":"https:\/\/shop.kustom.ch\/fr\/wp-json\/wp\/v2\/product\/593278"}],"collection":[{"href":"https:\/\/shop.kustom.ch\/fr\/wp-json\/wp\/v2\/product"}],"about":[{"href":"https:\/\/shop.kustom.ch\/fr\/wp-json\/wp\/v2\/types\/product"}],"wp:featuredmedia":[{"embeddable":true,"href":"https:\/\/shop.kustom.ch\/fr\/wp-json\/wp\/v2\/media\/593331"}],"wp:attachment":[{"href":"https:\/\/shop.kustom.ch\/fr\/wp-json\/wp\/v2\/media?parent=593278"}],"wp:term":[{"taxonomy":"product_brand","embeddable":true,"href":"https:\/\/shop.kustom.ch\/fr\/wp-json\/wp\/v2\/product_brand?post=593278"},{"taxonomy":"product_cat","embeddable":true,"href":"https:\/\/shop.kustom.ch\/fr\/wp-json\/wp\/v2\/product_cat?post=593278"},{"taxonomy":"product_tag","embeddable":true,"href":"https:\/\/shop.kustom.ch\/fr\/wp-json\/wp\/v2\/product_tag?post=593278"}],"curies":[{"name":"wp","href":"https:\/\/api.w.org\/{rel}","templated":true}]}}