{"id":593257,"date":"2025-03-04T23:47:44","date_gmt":"2025-03-04T22:47:44","guid":{"rendered":"https:\/\/shop.kustom.ch\/?post_type=product&#038;p=593257"},"modified":"2026-03-31T09:14:32","modified_gmt":"2026-03-31T08:14:32","slug":"kappe-trucker-2","status":"publish","type":"product","link":"https:\/\/shop.kustom.ch\/fr\/produit\/kappe-trucker-2\/","title":{"rendered":"Casquette Trucker"},"content":{"rendered":"<p>Casquette classique dans un mat\u00e9riau fin et a\u00e9r\u00e9 avec un design trucker et baseball. La casquette a un bord incurv\u00e9, un r\u00e9glage par encliquetage et un design brod\u00e9 avec la triple couture de Bl\u00e5kl\u00e4der, qui symbolise la solidit\u00e9 de nos produits et la garantie \u00e0 vie des coutures.<\/p>\n<p>DETAILS : Logo Bl\u00e5kl\u00e4der tiss\u00e9 \u00e0 l'arri\u00e8re. R\u00e9glable avec snapback. CARACTERISTIQUES PRINCIPALES : Unisexe. MESURES : mesures 56-60 cm. INSTRUCTIONS DE LAVAGE : Ne pas nettoyer \u00e0 sec.<\/p>","protected":false},"excerpt":{"rendered":"<p>Klassische Kappe aus einem feinen, luftigen Material mit Trucker- und Baseball-Design. Die Kappe hat einen geschwungenen Rand, eine Schnappverschluss-Verstellung und ein besticktes Design mit Bl\u00e5kl\u00e4der&#8217;s Dreifachnaht, die die St\u00e4rke unserer Produkte und die lebenslange Garantie der N\u00e4hte symbolisiert. DETAILS: Gewebtes Bl\u00e5kl\u00e4der Logo hinten. Einstellbar mit Snapback. HAUPTEIGENSCHAFTEN: Unisex. MASSANGABE: Masse 56-60 cm. WASCHANLEITUNG: Nicht chemisch [&hellip;]<\/p>\n","protected":false},"featured_media":593298,"template":"","meta":[],"product_brand":[],"product_cat":[9643,4209],"product_tag":[],"class_list":{"0":"post-593257","1":"product","2":"type-product","3":"status-publish","4":"has-post-thumbnail","6":"product_cat-equipment","7":"product_cat-zubehoer","8":"pa_brand-blaklaeder","9":"pa_brand-type-workwear","10":"pa_filter-color-blau","11":"pa_filter-color-grau","13":"first","14":"instock","15":"sale","16":"taxable","17":"shipping-taxable","18":"purchasable","19":"product-type-variable","20":"add-to-wishlist-before_image"},"exclude_global_add_ons":[],"addons":[],"acf":[],"_links":{"self":[{"href":"https:\/\/shop.kustom.ch\/fr\/wp-json\/wp\/v2\/product\/593257"}],"collection":[{"href":"https:\/\/shop.kustom.ch\/fr\/wp-json\/wp\/v2\/product"}],"about":[{"href":"https:\/\/shop.kustom.ch\/fr\/wp-json\/wp\/v2\/types\/product"}],"wp:featuredmedia":[{"embeddable":true,"href":"https:\/\/shop.kustom.ch\/fr\/wp-json\/wp\/v2\/media\/593298"}],"wp:attachment":[{"href":"https:\/\/shop.kustom.ch\/fr\/wp-json\/wp\/v2\/media?parent=593257"}],"wp:term":[{"taxonomy":"product_brand","embeddable":true,"href":"https:\/\/shop.kustom.ch\/fr\/wp-json\/wp\/v2\/product_brand?post=593257"},{"taxonomy":"product_cat","embeddable":true,"href":"https:\/\/shop.kustom.ch\/fr\/wp-json\/wp\/v2\/product_cat?post=593257"},{"taxonomy":"product_tag","embeddable":true,"href":"https:\/\/shop.kustom.ch\/fr\/wp-json\/wp\/v2\/product_tag?post=593257"}],"curies":[{"name":"wp","href":"https:\/\/api.w.org\/{rel}","templated":true}]}}