{"id":593219,"date":"2025-03-04T23:46:36","date_gmt":"2025-03-04T22:46:36","guid":{"rendered":"https:\/\/shop.kustom.ch\/?post_type=product&#038;p=593219"},"modified":"2026-03-31T09:14:31","modified_gmt":"2026-03-31T08:14:31","slug":"damen-t-shirt-limited","status":"publish","type":"product","link":"https:\/\/shop.kustom.ch\/fr\/produit\/damen-t-shirt-limited\/","title":{"rendered":"T-shirt femme Limited"},"content":{"rendered":"<p>Un T-shirt en coton 100% avec un imprim\u00e9 Bl\u00e5kl\u00e4der de la collection Limited. Impression ton sur ton assortie \u00e0 la couleur du T-shirt.<\/p>\n<p>TISSU : femmes. vert<\/p>\n<p>100% Coton, jersey, 150 g\/m<\/p>","protected":false},"excerpt":{"rendered":"<p>Ein T-Shirt aus 100% Baumwolle mit Bl\u00e5kl\u00e4der-Druck aus der Limited-Kollektion. Ton-in-Ton Druck passend zur Farbe des T-Shirts. STOFF: Damen. gr\u00fcn 100% Baumwolle, Jersey, 150 g\/m\u00b2<\/p>","protected":false},"featured_media":593269,"template":"","meta":[],"product_brand":[],"product_cat":[4201],"product_tag":[],"class_list":{"0":"post-593219","1":"product","2":"type-product","3":"status-publish","4":"has-post-thumbnail","6":"product_cat-t-shirts","7":"pa_brand-blaklaeder","8":"pa_brand-type-workwear","9":"pa_filter-color-blau","10":"pa_filter-color-gruen","11":"pa_filter-color-orange","12":"pa_filter-color-schwarz","14":"first","15":"instock","16":"sale","17":"taxable","18":"shipping-taxable","19":"purchasable","20":"product-type-variable","21":"add-to-wishlist-before_image"},"exclude_global_add_ons":[],"addons":[],"acf":[],"_links":{"self":[{"href":"https:\/\/shop.kustom.ch\/fr\/wp-json\/wp\/v2\/product\/593219"}],"collection":[{"href":"https:\/\/shop.kustom.ch\/fr\/wp-json\/wp\/v2\/product"}],"about":[{"href":"https:\/\/shop.kustom.ch\/fr\/wp-json\/wp\/v2\/types\/product"}],"wp:featuredmedia":[{"embeddable":true,"href":"https:\/\/shop.kustom.ch\/fr\/wp-json\/wp\/v2\/media\/593269"}],"wp:attachment":[{"href":"https:\/\/shop.kustom.ch\/fr\/wp-json\/wp\/v2\/media?parent=593219"}],"wp:term":[{"taxonomy":"product_brand","embeddable":true,"href":"https:\/\/shop.kustom.ch\/fr\/wp-json\/wp\/v2\/product_brand?post=593219"},{"taxonomy":"product_cat","embeddable":true,"href":"https:\/\/shop.kustom.ch\/fr\/wp-json\/wp\/v2\/product_cat?post=593219"},{"taxonomy":"product_tag","embeddable":true,"href":"https:\/\/shop.kustom.ch\/fr\/wp-json\/wp\/v2\/product_tag?post=593219"}],"curies":[{"name":"wp","href":"https:\/\/api.w.org\/{rel}","templated":true}]}}