{"id":593174,"date":"2025-03-04T23:45:04","date_gmt":"2025-03-04T22:45:04","guid":{"rendered":"https:\/\/shop.kustom.ch\/?post_type=product&#038;p=593174"},"modified":"2026-03-31T09:14:30","modified_gmt":"2026-03-31T08:14:30","slug":"t-shirt-limited-2","status":"publish","type":"product","link":"https:\/\/shop.kustom.ch\/fr\/produit\/t-shirt-limited-2\/","title":{"rendered":"T-shirt Limited"},"content":{"rendered":"<p>Un T-shirt en coton 100% avec un imprim\u00e9 Bl\u00e5kl\u00e4der de la collection Limited. Impression ton sur ton assortie \u00e0 la couleur du T-shirt.<\/p>\n<p>TISSU : hommes. vert<\/p>\n<p>100% Coton, jersey, 150 g\/m<\/p>","protected":false},"excerpt":{"rendered":"<p>Ein T-Shirt aus 100% Baumwolle mit Bl\u00e5kl\u00e4der-Druck aus der Limited-Kollektion. Ton-in-Ton Druck passend zur Farbe des T-Shirts. STOFF: Herren. gr\u00fcn 100% Baumwolle, Jersey, 150 g\/m\u00b2<\/p>","protected":false},"featured_media":593249,"template":"","meta":[],"product_brand":[],"product_cat":[4201],"product_tag":[],"class_list":{"0":"post-593174","1":"product","2":"type-product","3":"status-publish","4":"has-post-thumbnail","6":"product_cat-t-shirts","7":"pa_brand-blaklaeder","8":"pa_brand-type-workwear","9":"pa_filter-color-blau","10":"pa_filter-color-gruen","11":"pa_filter-color-orange","12":"pa_filter-color-rot","13":"pa_filter-color-schwarz","15":"first","16":"instock","17":"sale","18":"taxable","19":"shipping-taxable","20":"purchasable","21":"product-type-variable","22":"add-to-wishlist-before_image"},"exclude_global_add_ons":[],"addons":[],"acf":[],"_links":{"self":[{"href":"https:\/\/shop.kustom.ch\/fr\/wp-json\/wp\/v2\/product\/593174"}],"collection":[{"href":"https:\/\/shop.kustom.ch\/fr\/wp-json\/wp\/v2\/product"}],"about":[{"href":"https:\/\/shop.kustom.ch\/fr\/wp-json\/wp\/v2\/types\/product"}],"wp:featuredmedia":[{"embeddable":true,"href":"https:\/\/shop.kustom.ch\/fr\/wp-json\/wp\/v2\/media\/593249"}],"wp:attachment":[{"href":"https:\/\/shop.kustom.ch\/fr\/wp-json\/wp\/v2\/media?parent=593174"}],"wp:term":[{"taxonomy":"product_brand","embeddable":true,"href":"https:\/\/shop.kustom.ch\/fr\/wp-json\/wp\/v2\/product_brand?post=593174"},{"taxonomy":"product_cat","embeddable":true,"href":"https:\/\/shop.kustom.ch\/fr\/wp-json\/wp\/v2\/product_cat?post=593174"},{"taxonomy":"product_tag","embeddable":true,"href":"https:\/\/shop.kustom.ch\/fr\/wp-json\/wp\/v2\/product_tag?post=593174"}],"curies":[{"name":"wp","href":"https:\/\/api.w.org\/{rel}","templated":true}]}}