{"id":593140,"date":"2025-03-04T23:44:23","date_gmt":"2025-03-04T22:44:23","guid":{"rendered":"https:\/\/shop.kustom.ch\/?post_type=product&#038;p=593140"},"modified":"2025-03-05T22:28:31","modified_gmt":"2025-03-05T21:28:31","slug":"trolley","status":"publish","type":"product","link":"https:\/\/shop.kustom.ch\/fr\/produit\/trolley\/","title":{"rendered":"Trolley"},"content":{"rendered":"<p>Un compagnon de voyage pratique, fabriqu\u00e9 dans un mat\u00e9riau robuste, r\u00e9sistant \u00e0 la salet\u00e9 et \u00e0 l'eau, avec des roues tout-terrain stables. Il roule aussi facilement dans le hall d'arriv\u00e9e que sur le chantier. Ce sac est robuste gr\u00e2ce \u00e0 son mat\u00e9riau extr\u00eamement durable. Il est \u00e9quip\u00e9 d'une poign\u00e9e t\u00e9lescopique et de compartiments de rangement pratiques.<\/p>\n<p>DETAILS : Poche pour carte d'identit\u00e9. Impression - multi-impression ton sur ton sur le devant. \u00c9tiquette Bl\u00e5kl\u00e4der tiss\u00e9e sur le c\u00f4t\u00e9. Poign\u00e9e t\u00e9lescopique int\u00e9gr\u00e9e. CARACTERISTIQUES PRINCIPALES : Unisexe. DIMENSIONS : 50x20x35 cm. SYMBOLES : Water repellent 2. POCHES : Poche int\u00e9rieure pour documents. Poche int\u00e9rieure avec fermeture \u00e9clair. Poche ext\u00e9rieure sur rabat. INSTRUCTIONS DE LAVAGE : Ne pas blanchir.<\/p>\n<p>100% Polyester enduit de PVC, imperm\u00e9able, 680 g\/m\u00b2.<\/p>","protected":false},"excerpt":{"rendered":"<p>Ein handlicher Reisebegleiter aus einem robusten, schmutz- und wasserabweisenden Material mit stabilen Offroad-R\u00e4dern. Er rollt genauso reibungslos durch die Ankunftshalle wie auf der Baustelle. Diese Tasche ist dank ihres extrem haltbaren Materials robust. Sie hat einen Teleskopgriff und ist mit praktischen Stauf\u00e4chern ausgestattet. DETAILS: Ausweistasche. Druck &#8211; Multiprint Ton in Ton vorne. Gewebtes Bl\u00e5kl\u00e4der Etikett [&hellip;]<\/p>\n","protected":false},"featured_media":593206,"template":"","meta":[],"product_brand":[],"product_cat":[9643,4209],"product_tag":[],"class_list":{"0":"post-593140","1":"product","2":"type-product","3":"status-publish","4":"has-post-thumbnail","6":"product_cat-equipment","7":"product_cat-zubehoer","8":"pa_brand-blaklaeder","9":"pa_brand-type-workwear","10":"pa_filter-color-schwarz","12":"first","13":"instock","14":"sale","15":"taxable","16":"shipping-taxable","17":"purchasable","18":"product-type-variable","19":"add-to-wishlist-before_image"},"exclude_global_add_ons":[],"addons":[],"acf":[],"_links":{"self":[{"href":"https:\/\/shop.kustom.ch\/fr\/wp-json\/wp\/v2\/product\/593140"}],"collection":[{"href":"https:\/\/shop.kustom.ch\/fr\/wp-json\/wp\/v2\/product"}],"about":[{"href":"https:\/\/shop.kustom.ch\/fr\/wp-json\/wp\/v2\/types\/product"}],"wp:featuredmedia":[{"embeddable":true,"href":"https:\/\/shop.kustom.ch\/fr\/wp-json\/wp\/v2\/media\/593206"}],"wp:attachment":[{"href":"https:\/\/shop.kustom.ch\/fr\/wp-json\/wp\/v2\/media?parent=593140"}],"wp:term":[{"taxonomy":"product_brand","embeddable":true,"href":"https:\/\/shop.kustom.ch\/fr\/wp-json\/wp\/v2\/product_brand?post=593140"},{"taxonomy":"product_cat","embeddable":true,"href":"https:\/\/shop.kustom.ch\/fr\/wp-json\/wp\/v2\/product_cat?post=593140"},{"taxonomy":"product_tag","embeddable":true,"href":"https:\/\/shop.kustom.ch\/fr\/wp-json\/wp\/v2\/product_tag?post=593140"}],"curies":[{"name":"wp","href":"https:\/\/api.w.org\/{rel}","templated":true}]}}