{"id":593083,"date":"2025-03-04T23:43:10","date_gmt":"2025-03-04T22:43:10","guid":{"rendered":"https:\/\/shop.kustom.ch\/?post_type=product&#038;p=593083"},"modified":"2026-03-31T09:14:15","modified_gmt":"2026-03-31T08:14:15","slug":"handwerker-kilt","status":"publish","type":"product","link":"https:\/\/shop.kustom.ch\/fr\/produit\/handwerker-kilt\/","title":{"rendered":"Kilt d'artisan"},"content":{"rendered":"<p>Le kilt a \u00e9t\u00e9 test\u00e9 pendant des si\u00e8cles sur des terrains accident\u00e9s. Un v\u00eatement de travail diff\u00e9rent pour ceux qui sont un peu plus aventureux.<\/p>\n<p>DETAILS : Boucle marteau sur le c\u00f4t\u00e9. Larges passants de ceinture \u00e0 l'arri\u00e8re et sur les c\u00f4t\u00e9s. Taille ajustable. CARACTERISTIQUES PRINCIPALES : Ferblantiers. Homme. TISSU : Hommes. Noir. Poches \u00e0 clous. Artisanat. POCHES : Poche sur la jambe avec rabat. Poches arri\u00e8re \u00e0 soufflet. Poche pour t\u00e9l\u00e9phone portable. Les poches \u00e0 clous peuvent \u00eatre ins\u00e9r\u00e9es dans les poches avant \u00e0 soufflet. Poches lat\u00e9rales. Poches avant avec soufflet. Poche m\u00e8tre avec porte-couteau et poche stylo. INSTRUCTIONS DE LAVAGE : repassage - moyen<\/p>\n<p>100% Coton, serg\u00e9, 370 g\/m<\/p>","protected":false},"excerpt":{"rendered":"<p>Der Kilt wurde jahrhundertelang in rauem Gel\u00e4nde getestet. Eine andere Arbeitskleidung f\u00fcr alle, die ein bisschen abenteuerlustiger sind. DETAILS: Hammerschlaufe an der Seite. Breite G\u00fcrtelschlaufen hinten und an den Seiten. Verstellbare Taille. HAUPTEIGENSCHAFTEN: Spengler. Herren. STOFF: Herren. schwarz. Nageltaschen. Handwerk. TASCHEN: Beintasche mit Patte. Ges\u00e4sstaschen mit Balg. Handytasche. Nageltaschen k\u00f6nnen in die Vordertaschen mit Balg [&hellip;]<\/p>\n","protected":false},"featured_media":593136,"template":"","meta":[],"product_brand":[],"product_cat":[4198],"product_tag":[],"class_list":{"0":"post-593083","1":"product","2":"type-product","3":"status-publish","4":"has-post-thumbnail","6":"product_cat-shorts","7":"pa_brand-blaklaeder","8":"pa_brand-type-workwear","9":"pa_filter-color-schwarz","11":"first","12":"instock","13":"sale","14":"taxable","15":"shipping-taxable","16":"purchasable","17":"product-type-variable","18":"add-to-wishlist-before_image"},"exclude_global_add_ons":[],"addons":[],"acf":[],"_links":{"self":[{"href":"https:\/\/shop.kustom.ch\/fr\/wp-json\/wp\/v2\/product\/593083"}],"collection":[{"href":"https:\/\/shop.kustom.ch\/fr\/wp-json\/wp\/v2\/product"}],"about":[{"href":"https:\/\/shop.kustom.ch\/fr\/wp-json\/wp\/v2\/types\/product"}],"wp:featuredmedia":[{"embeddable":true,"href":"https:\/\/shop.kustom.ch\/fr\/wp-json\/wp\/v2\/media\/593136"}],"wp:attachment":[{"href":"https:\/\/shop.kustom.ch\/fr\/wp-json\/wp\/v2\/media?parent=593083"}],"wp:term":[{"taxonomy":"product_brand","embeddable":true,"href":"https:\/\/shop.kustom.ch\/fr\/wp-json\/wp\/v2\/product_brand?post=593083"},{"taxonomy":"product_cat","embeddable":true,"href":"https:\/\/shop.kustom.ch\/fr\/wp-json\/wp\/v2\/product_cat?post=593083"},{"taxonomy":"product_tag","embeddable":true,"href":"https:\/\/shop.kustom.ch\/fr\/wp-json\/wp\/v2\/product_tag?post=593083"}],"curies":[{"name":"wp","href":"https:\/\/api.w.org\/{rel}","templated":true}]}}