{"id":593064,"date":"2025-03-04T23:42:36","date_gmt":"2025-03-04T22:42:36","guid":{"rendered":"https:\/\/shop.kustom.ch\/?post_type=product&#038;p=593064"},"modified":"2026-03-31T09:14:03","modified_gmt":"2026-03-31T08:14:03","slug":"high-vis-kombihose-2","status":"publish","type":"product","link":"https:\/\/shop.kustom.ch\/fr\/produit\/high-vis-kombihose-2\/","title":{"rendered":"Combinaison haute visibilit\u00e9"},"content":{"rendered":"<p>Un favori visible avec des poches genouill\u00e8res en CORDURA\u00ae. Deux poches poitrine libres avec sangles de s\u00e9curit\u00e9, une avec poche pour t\u00e9l\u00e9phone portable et une avec poche pour stylo. Deux poches \u00e0 clous d\u00e9tach\u00e9es peuvent \u00eatre ins\u00e9r\u00e9es dans les poches avant \u00e0 soufflet. Certifi\u00e9 selon la norme EN ISO 20471 classe 2 V\u00eatements de protection \u00e0 haute visibilit\u00e9.<\/p>\n<p>FERMETURE : Cordon de serrage au bas des jambes. D\u00c9TAILS : Boucle marteau de chaque c\u00f4t\u00e9. Larges passants pour la ceinture. \u00c9lastique \u00e0 la taille. FERMETURE FRONTALE : Fermeture \u00e0 glissi\u00e8re invisible \u00e0 double sens en plastique. FONCTIONNALIT\u00c9 : Mat\u00e9riau coupe-vent &amp; imperm\u00e9able avec respirabilit\u00e9, coutures soud\u00e9es. TYPE DE TRAVAIL PRINCIPAL : Travailleurs de la route et du b\u00e2timent. Hommes . EN 342. REFLEX : Mat\u00e9riau r\u00e9fl\u00e9chissant autour des jambes. TISSU : Hommes. Orange haute visibilit\u00e9. Poches rembourr\u00e9es aux genoux. Doublure matelass\u00e9e. Protection haute visibilit\u00e9. POCHES : Poche sur la jambe avec soufflet et rabat. Poches poitrine suspendues avec sangles de s\u00e9curit\u00e9, une avec poche pour t\u00e9l\u00e9phone portable et une avec poche pour stylo. Poche arri\u00e8re avec soufflet et rabat. Poche pour t\u00e9l\u00e9phone portable. Poches rembourr\u00e9es aux genoux. Les poches \u00e0 clous peuvent \u00eatre ins\u00e9r\u00e9es dans les poches avant \u00e0 soufflet. Poche m\u00e8tre avec poche suppl\u00e9mentaire. INSTRUCTIONS DE LAVAGE : Nombre de lavages : 20. Ne pas repasser. RENFORCEMENT : Renforc\u00e9 en CORDURA\u00ae au niveau des genoux. CERTIFICATION : EN 14404:2004+A1:2010 avec genouill\u00e8res 4027, 4057, 4058 et 4032. EN 342 avec art. 4851. EN 343, classe 3.1. Groupe de certification Y.<\/p>\n<p>100% Polyester, Oxford, enduit, imperm\u00e9able 15.000 mm, coupe-vent, respirant Ret 8,5, 200g\/m<\/p>","protected":false},"excerpt":{"rendered":"<p>Ein sichtbarer Favorit mit Kniepolstertaschen aus CORDURA\u00ae. Zwei lose Brusttaschen mit Sicherheitsriemen, eine mit Handytasche und eine mit Stifttasche. Zwei lose Nageltaschen k\u00f6nnen in die Vordertaschen mit Balg gesteckt werden. Zertifiziert nach EN ISO 20471 Klasse 2 Schutzkleidung mit hoher Sichtbarkeit. ABSCHLUSS: Kordelzug am Beinabschluss. DETAILS: Hammerschlaufe an beiden Seiten. Breite G\u00fcrtelschlaufen. Gummizug an der [&hellip;]<\/p>\n","protected":false},"featured_media":593104,"template":"","meta":[],"product_brand":[],"product_cat":[10454],"product_tag":[],"class_list":{"0":"post-593064","1":"product","2":"type-product","3":"status-publish","4":"has-post-thumbnail","6":"product_cat-overalls","7":"pa_brand-blaklaeder","8":"pa_brand-type-workwear","9":"pa_filter-color-blau","10":"pa_filter-color-orange","12":"first","13":"instock","14":"sale","15":"taxable","16":"shipping-taxable","17":"purchasable","18":"product-type-variable","19":"add-to-wishlist-before_image"},"exclude_global_add_ons":[],"addons":[],"acf":[],"_links":{"self":[{"href":"https:\/\/shop.kustom.ch\/fr\/wp-json\/wp\/v2\/product\/593064"}],"collection":[{"href":"https:\/\/shop.kustom.ch\/fr\/wp-json\/wp\/v2\/product"}],"about":[{"href":"https:\/\/shop.kustom.ch\/fr\/wp-json\/wp\/v2\/types\/product"}],"wp:featuredmedia":[{"embeddable":true,"href":"https:\/\/shop.kustom.ch\/fr\/wp-json\/wp\/v2\/media\/593104"}],"wp:attachment":[{"href":"https:\/\/shop.kustom.ch\/fr\/wp-json\/wp\/v2\/media?parent=593064"}],"wp:term":[{"taxonomy":"product_brand","embeddable":true,"href":"https:\/\/shop.kustom.ch\/fr\/wp-json\/wp\/v2\/product_brand?post=593064"},{"taxonomy":"product_cat","embeddable":true,"href":"https:\/\/shop.kustom.ch\/fr\/wp-json\/wp\/v2\/product_cat?post=593064"},{"taxonomy":"product_tag","embeddable":true,"href":"https:\/\/shop.kustom.ch\/fr\/wp-json\/wp\/v2\/product_tag?post=593064"}],"curies":[{"name":"wp","href":"https:\/\/api.w.org\/{rel}","templated":true}]}}