{"id":593033,"date":"2025-03-04T23:42:30","date_gmt":"2025-03-04T22:42:30","guid":{"rendered":"https:\/\/shop.kustom.ch\/?post_type=product&#038;p=593033"},"modified":"2026-03-31T09:14:00","modified_gmt":"2026-03-31T08:14:00","slug":"damen-handwerker-shorts-x1900-stretch","status":"publish","type":"product","link":"https:\/\/shop.kustom.ch\/fr\/produit\/damen-handwerker-shorts-x1900-stretch\/","title":{"rendered":"Short d'artisanat pour femme X1900 Stretch"},"content":{"rendered":"<p>Short robuste en tissu CORDURA\u00ae denim stretch, id\u00e9al pour les journ\u00e9es chaudes au travail. Les empi\u00e8cements en stretch \u00e0 l'entrejambe facilitent les mouvements et le short offre un niveau de confort \u00e9lev\u00e9 gr\u00e2ce \u00e0 sa taille \u00e9lastique.<\/p>\n<p>D\u00c9TAILS : Bouton en m\u00e9tal. Porte-couteau avec bouton. Fermeture \u00e9clair en m\u00e9tal \u00e0 l'entrejambe. Deux passants sur les c\u00f4t\u00e9s avec un bouton pour le porte-marteau. \u00c9lastique \u00e0 la taille. FONCTIONNALIT\u00c9 : stretch \u00e0 deux sens. Taille pour femme. CARACTERISTIQUES PRINCIPALES : Artisan. Disponible pour femmes et hommes. TISSU : Femme. Noir. Poches \u00e0 clous. Tissu stretch. POCHES : Poche sur la jambe avec soufflet et rabat avec fermeture velcro et poche int\u00e9rieure pour t\u00e9l\u00e9phone portable en mesh. Poche arri\u00e8re avec soufflet. Fermeture \u00e0 glissi\u00e8re pour poches \u00e0 clous fixes ou amovibles. Poches lat\u00e9rales. Poche m\u00e8tre renforc\u00e9e avec porte couteau et poche stylo. INSTRUCTIONS DE LAVAGE : repassage - bas. RENFORCEMENT : Poches \u00e0 clous, poches arri\u00e8re et poche m\u00e8tre renforc\u00e9es en CORDURA\u00ae.<\/p>\n<p>55% coton, 15% polyamide, 30% polyester, denim enduit, CORDURA\u00ae denim, stretch, 340 g\/m<\/p>","protected":false},"excerpt":{"rendered":"<p>Robuste Shorts aus CORDURA\u00ae Denim-Stretch Stoff, der ideal f\u00fcr heisse Tage bei der Arbeit ist. Die Stretch-Eins\u00e4tze im Schritt machen es einfacher, sich zu bewegen und die Shorts bieten dank der elastischen Taille ein hohes Level an Komfort. DETAILS: Metallknopf. Messerhalter mit Knopf. Metall-Reissverschluss im Schritt. Zwei Schlaufen an den Seiten mit einem Knopf f\u00fcr [&hellip;]<\/p>\n","protected":false},"featured_media":593074,"template":"","meta":[],"product_brand":[],"product_cat":[4198],"product_tag":[],"class_list":{"0":"post-593033","1":"product","2":"type-product","3":"status-publish","4":"has-post-thumbnail","6":"product_cat-shorts","7":"pa_brand-blaklaeder","8":"pa_brand-type-workwear","9":"pa_filter-color-blau","10":"pa_filter-color-schwarz","12":"first","13":"instock","14":"sale","15":"taxable","16":"shipping-taxable","17":"purchasable","18":"product-type-variable","19":"add-to-wishlist-before_image"},"exclude_global_add_ons":[],"addons":[],"acf":[],"_links":{"self":[{"href":"https:\/\/shop.kustom.ch\/fr\/wp-json\/wp\/v2\/product\/593033"}],"collection":[{"href":"https:\/\/shop.kustom.ch\/fr\/wp-json\/wp\/v2\/product"}],"about":[{"href":"https:\/\/shop.kustom.ch\/fr\/wp-json\/wp\/v2\/types\/product"}],"wp:featuredmedia":[{"embeddable":true,"href":"https:\/\/shop.kustom.ch\/fr\/wp-json\/wp\/v2\/media\/593074"}],"wp:attachment":[{"href":"https:\/\/shop.kustom.ch\/fr\/wp-json\/wp\/v2\/media?parent=593033"}],"wp:term":[{"taxonomy":"product_brand","embeddable":true,"href":"https:\/\/shop.kustom.ch\/fr\/wp-json\/wp\/v2\/product_brand?post=593033"},{"taxonomy":"product_cat","embeddable":true,"href":"https:\/\/shop.kustom.ch\/fr\/wp-json\/wp\/v2\/product_cat?post=593033"},{"taxonomy":"product_tag","embeddable":true,"href":"https:\/\/shop.kustom.ch\/fr\/wp-json\/wp\/v2\/product_tag?post=593033"}],"curies":[{"name":"wp","href":"https:\/\/api.w.org\/{rel}","templated":true}]}}