{"id":592872,"date":"2025-03-04T23:39:35","date_gmt":"2025-03-04T22:39:35","guid":{"rendered":"https:\/\/shop.kustom.ch\/?post_type=product&#038;p=592872"},"modified":"2026-03-31T09:13:30","modified_gmt":"2026-03-31T08:13:30","slug":"damen-unterhemd-warm-100-merinowolle","status":"publish","type":"product","link":"https:\/\/shop.kustom.ch\/fr\/produit\/damen-unterhemd-warm-100-merinowolle\/","title":{"rendered":"Maillot de corps femme CHAUD, 100% laine m\u00e9rinos"},"content":{"rendered":"<p>Ce sous-v\u00eatement long isolant garde le corps au chaud et au sec par temps froid. Ce sous-v\u00eatement long a \u00e9t\u00e9 con\u00e7u pour les femmes. Il est compos\u00e9 de laine m\u00e9rinos 100%, qui offre une excellente isolation et des propri\u00e9t\u00e9s de transport de la chaleur et de la s\u00e9cheresse. Recommand\u00e9 pour les temp\u00e9ratures comprises entre -5\u00b0C et -30\u00b0C.<\/p>\n<p>FERMETURE : Finition des manches avec poignets. DETAILS : Col c\u00f4tel\u00e9. Coutures contrast\u00e9es. FONCTIONNALIT\u00c9 : Temp\u00e9rature recommand\u00e9e -5\u00b0C \u00e0 -30\u00b0C. CARACT\u00c9RISTIQUES PRINCIPALES : Conducteur. Femmes . TISSU : Disponible pour les femmes et les hommes. noir. Vent \/ humidit\u00e9 \/ froid. INSTRUCTIONS DE LAVAGE : utiliser une lessive pour laine. Ne pas essorer.<\/p>\n<p>100% Laine, m\u00e9rinos, tricot c\u00f4tel\u00e9, r\u00e9gulation de l'humidit\u00e9, 200 g\/m<\/p>","protected":false},"excerpt":{"rendered":"<p>Diese isolierende lange Unterw\u00e4sche h\u00e4lt den K\u00f6rper warm und trocken bei kaltem Wetter. Die lange Unterw\u00e4sche wurde f\u00fcr Damen entwickelt, bestehend aus 100% Merinowolle, die ausgezeichnete Isolation und warm- und trockenhaltende transportierende Eigenschaften bietet. Empfohlen bei Temperaturen von -5\u00b0C bis -30\u00b0C. ABSCHLUSS: Armabschluss mit B\u00fcndchen. DETAILS: Gerippter Kragen. Kontrastn\u00e4hte. FUNKTIONALIT\u00c4T: Empfohlene Temperatur -5\u00b0C bis -30\u00b0C. [&hellip;]<\/p>\n","protected":false},"featured_media":592908,"template":"","meta":[],"product_brand":[],"product_cat":[4206],"product_tag":[],"class_list":{"0":"post-592872","1":"product","2":"type-product","3":"status-publish","4":"has-post-thumbnail","6":"product_cat-underwear","7":"pa_brand-blaklaeder","8":"pa_brand-type-workwear","9":"pa_filter-color-grau","10":"pa_filter-color-schwarz","12":"first","13":"instock","14":"sale","15":"taxable","16":"shipping-taxable","17":"purchasable","18":"product-type-variable","19":"add-to-wishlist-before_image"},"exclude_global_add_ons":[],"addons":[],"acf":[],"_links":{"self":[{"href":"https:\/\/shop.kustom.ch\/fr\/wp-json\/wp\/v2\/product\/592872"}],"collection":[{"href":"https:\/\/shop.kustom.ch\/fr\/wp-json\/wp\/v2\/product"}],"about":[{"href":"https:\/\/shop.kustom.ch\/fr\/wp-json\/wp\/v2\/types\/product"}],"wp:featuredmedia":[{"embeddable":true,"href":"https:\/\/shop.kustom.ch\/fr\/wp-json\/wp\/v2\/media\/592908"}],"wp:attachment":[{"href":"https:\/\/shop.kustom.ch\/fr\/wp-json\/wp\/v2\/media?parent=592872"}],"wp:term":[{"taxonomy":"product_brand","embeddable":true,"href":"https:\/\/shop.kustom.ch\/fr\/wp-json\/wp\/v2\/product_brand?post=592872"},{"taxonomy":"product_cat","embeddable":true,"href":"https:\/\/shop.kustom.ch\/fr\/wp-json\/wp\/v2\/product_cat?post=592872"},{"taxonomy":"product_tag","embeddable":true,"href":"https:\/\/shop.kustom.ch\/fr\/wp-json\/wp\/v2\/product_tag?post=592872"}],"curies":[{"name":"wp","href":"https:\/\/api.w.org\/{rel}","templated":true}]}}