{"id":592728,"date":"2025-03-04T23:37:41","date_gmt":"2025-03-04T22:37:41","guid":{"rendered":"https:\/\/shop.kustom.ch\/?post_type=product&#038;p=592728"},"modified":"2026-03-31T09:13:10","modified_gmt":"2026-03-31T08:13:10","slug":"damen-service-arbeitshose-mit-stretch","status":"publish","type":"product","link":"https:\/\/shop.kustom.ch\/fr\/produit\/damen-service-arbeitshose-mit-stretch\/","title":{"rendered":"Pantalon de travail de service pour femmes avec stretch"},"content":{"rendered":"<p>Pantalon de travail de service fonctionnel de forme f\u00e9minine avec des d\u00e9tails raffin\u00e9s. Ce pantalon est fonctionnel en termes de confort, d'utilisation et d'apparence. Le mat\u00e9riau ripstop est r\u00e9sistant, l\u00e9ger et robuste avec une bonne r\u00e9sistance \u00e0 la d\u00e9chirure. La taille \u00e9lastique et les empi\u00e8cements stretch au niveau des mollets et \u00e0 l'int\u00e9rieur des cuisses offrent une excellente libert\u00e9 de mouvement. Les poches de genouill\u00e8res sont renforc\u00e9es par du CORDURA\u00ae Stretch. Le pantalon ne gratte pas et poss\u00e8de des bandes r\u00e9fl\u00e9chissantes discr\u00e8tes, une poche pour t\u00e9l\u00e9phone portable en mesh et des poches pour couteau et m\u00e8tre pliant. Les jambes du pantalon peuvent \u00eatre rallong\u00e9es au niveau de l'ourlet.<\/p>\n<p>FERMETURE : Possibilit\u00e9 de rallonger l'ourlet de la jambe. D\u00c9TAILS : Anneau en D. Boucle marteau sur le c\u00f4t\u00e9. Boutons cach\u00e9s. Fermeture \u00e9clair en plastique \u00e0 l'entrejambe. \u00c9lastique \u00e0 la taille. FONCTIONNALIT\u00c9 : Inserts stretch \u00e0 l'entrejambe, au mollet et poche genouill\u00e8re. Jambes de pantalon \u00e0 la forme particuli\u00e8rement ergonomique. CARACT\u00c9RISTIQUES PRINCIPALES : Conducteur. EN 14004. REFLEX : D\u00e9tails r\u00e9fl\u00e9chissants. TISSU : Disponible pour hommes et femmes. Ne se raye pas. Unite. POCHES : Poche sur la jambe avec soufflet, poche pour stylo et poche pour t\u00e9l\u00e9phone portable \u00e0 l'int\u00e9rieur en mesh. Poches arri\u00e8re. Poches ext\u00e9rieures pour genouill\u00e8res. Poches lat\u00e9rales. Poche m\u00e8tre avec porte-couteau et poche stylo. INSTRUCTIONS DE LAVAGE : 60\u00b0 C. RENFORCEMENT : Poches genouill\u00e8res renforc\u00e9es en Cordura\u00ae Stretch. CERTIFICATION : EN 14404:2004+A1:2010 avec genouill\u00e8res 4027 et 4057.<\/p>\n<p>Coton 60%, polyester 40%, ripstop 250g\/m<\/p>","protected":false},"excerpt":{"rendered":"<p>Funktionelle Service Arbeitshose in Damenpassform mit raffinierten Details. Diese Hose ist in Bezug auf Komfort, Anwendung und Aussehen funktionell. Das Ripstop-Material ist strapazierf\u00e4hig, leicht und robust mit guter Reissfestigkeit. Die elastische Taille und die Stretch-Eins\u00e4tze an der Wade und an der Innenseite der Oberschenkel bieten hervorragende Bewegungsfreiheit. Die Kniepolstertaschen sind mit CORDURA\u00ae Stretch verst\u00e4rkt. Die [&hellip;]<\/p>\n","protected":false},"featured_media":592792,"template":"","meta":[],"product_brand":[],"product_cat":[4185],"product_tag":[],"class_list":{"0":"post-592728","1":"product","2":"type-product","3":"status-publish","4":"has-post-thumbnail","6":"product_cat-hosen","7":"pa_brand-blaklaeder","8":"pa_brand-type-workwear","9":"pa_filter-color-blau","10":"pa_filter-color-gelb","12":"first","13":"instock","14":"sale","15":"taxable","16":"shipping-taxable","17":"purchasable","18":"product-type-variable","19":"add-to-wishlist-before_image"},"exclude_global_add_ons":[],"addons":[],"acf":[],"_links":{"self":[{"href":"https:\/\/shop.kustom.ch\/fr\/wp-json\/wp\/v2\/product\/592728"}],"collection":[{"href":"https:\/\/shop.kustom.ch\/fr\/wp-json\/wp\/v2\/product"}],"about":[{"href":"https:\/\/shop.kustom.ch\/fr\/wp-json\/wp\/v2\/types\/product"}],"wp:featuredmedia":[{"embeddable":true,"href":"https:\/\/shop.kustom.ch\/fr\/wp-json\/wp\/v2\/media\/592792"}],"wp:attachment":[{"href":"https:\/\/shop.kustom.ch\/fr\/wp-json\/wp\/v2\/media?parent=592728"}],"wp:term":[{"taxonomy":"product_brand","embeddable":true,"href":"https:\/\/shop.kustom.ch\/fr\/wp-json\/wp\/v2\/product_brand?post=592728"},{"taxonomy":"product_cat","embeddable":true,"href":"https:\/\/shop.kustom.ch\/fr\/wp-json\/wp\/v2\/product_cat?post=592728"},{"taxonomy":"product_tag","embeddable":true,"href":"https:\/\/shop.kustom.ch\/fr\/wp-json\/wp\/v2\/product_tag?post=592728"}],"curies":[{"name":"wp","href":"https:\/\/api.w.org\/{rel}","templated":true}]}}