{"id":592540,"date":"2025-03-04T23:35:04","date_gmt":"2025-03-04T22:35:04","guid":{"rendered":"https:\/\/shop.kustom.ch\/?post_type=product&#038;p=592540"},"modified":"2026-03-31T09:12:38","modified_gmt":"2026-03-31T08:12:38","slug":"damen-high-vis-shorts-mit-stretch","status":"publish","type":"product","link":"https:\/\/shop.kustom.ch\/fr\/produit\/damen-high-vis-shorts-mit-stretch\/","title":{"rendered":"Short femme haute visibilit\u00e9 avec stretch"},"content":{"rendered":"<p>Short haute visibilit\u00e9 confortable et flexible avec une coupe f\u00e9minine. Il est dot\u00e9 d'inserts stretch \u00e0 l'entrejambe, au fessier et \u00e0 l'empi\u00e8cement. Bandes r\u00e9fl\u00e9chissantes, poche arri\u00e8re avec rabat, poche sur la cuisse, poche pour t\u00e9l\u00e9phone portable, poche pour carte d'identit\u00e9 et une poche m\u00e8tre renforc\u00e9e en CORDURA\u00ae et une poche \u00e0 clous. Certifi\u00e9 selon la norme EN ISO 20471, classe 1.<\/p>\n<p>D\u00c9TAILS : Coutures renforc\u00e9es \u00e0 l'entrejambe. Fermeture \u00e0 glissi\u00e8re en plastique \u00e0 l'entrejambe. Passants, dont un avec anneau en D. \u00c9lastique \u00e0 la taille. FONCTIONNALIT\u00c9 : Insert stretch \u00e0 l'entrejambe et aux fesses. Taille femme. CARACTERISTIQUES PRINCIPALES : Jardinier. Disponible pour hommes et femmes. EN ISO 20471. REFLEX : Bandes r\u00e9fl\u00e9chissantes de 60 mm de large. TISSU : Disponible pour hommes et femmes. Orange haute visibilit\u00e9. L\u00e9g\u00e8rement rembourr\u00e9e. Tissu extensible. POCHES : Poche sur la jambe avec soufflet, rabat et poche pour stylo, poche suppl\u00e9mentaire et poche pour t\u00e9l\u00e9phone portable. Poche arri\u00e8re, dont une avec rabat. Poches \u00e0 clous renforc\u00e9es en trois parties. Poches lat\u00e9rales. Poche m\u00e8tre renforc\u00e9e avec porte couteau et poche stylo. INSTRUCTIONS DE LAVAGE : Nombre de lavages : 50. Ne pas essorer. RENFORCEMENT : Poches \u00e0 clous et poche m\u00e8tre renforc\u00e9es en CORDURA\u00ae. CERTIFICATION : Groupe de certification V<\/p>\n<p>65% polyester, 35% coton, serg\u00e9, ext\u00e9rieur hydrofuge, 240g\/m<\/p>","protected":false},"excerpt":{"rendered":"<p>Bequeme und flexible High Vis Shorts mit weiblichem Schnitt. Sie hat Stretch-Eins\u00e4tze im Schritt, am Ges\u00e4ss und an der Passe. Reflexstreifen, Ges\u00e4sstasche mit Patte, Oberschenkeltasche, Handytasche, Ausweistasche und eine CORDURA\u00ae-verst\u00e4rkte Zollstocktasche und Nageltasche. Zertifiziert nach der Norm EN ISO 20471, Klasse 1. DETAILS: Verst\u00e4rkte N\u00e4hte am Schritt. Kunststoff-Reissverschluss im Schritt. Schlaufen, davon eine mit D-Ring. [&hellip;]<\/p>\n","protected":false},"featured_media":592572,"template":"","meta":[],"product_brand":[],"product_cat":[4198],"product_tag":[],"class_list":{"0":"post-592540","1":"product","2":"type-product","3":"status-publish","4":"has-post-thumbnail","6":"product_cat-shorts","7":"pa_brand-blaklaeder","8":"pa_brand-type-workwear","9":"pa_filter-color-orange","10":"pa_filter-color-rot","12":"first","13":"instock","14":"sale","15":"taxable","16":"shipping-taxable","17":"purchasable","18":"product-type-variable","19":"add-to-wishlist-before_image"},"exclude_global_add_ons":[],"addons":[],"acf":[],"_links":{"self":[{"href":"https:\/\/shop.kustom.ch\/fr\/wp-json\/wp\/v2\/product\/592540"}],"collection":[{"href":"https:\/\/shop.kustom.ch\/fr\/wp-json\/wp\/v2\/product"}],"about":[{"href":"https:\/\/shop.kustom.ch\/fr\/wp-json\/wp\/v2\/types\/product"}],"wp:featuredmedia":[{"embeddable":true,"href":"https:\/\/shop.kustom.ch\/fr\/wp-json\/wp\/v2\/media\/592572"}],"wp:attachment":[{"href":"https:\/\/shop.kustom.ch\/fr\/wp-json\/wp\/v2\/media?parent=592540"}],"wp:term":[{"taxonomy":"product_brand","embeddable":true,"href":"https:\/\/shop.kustom.ch\/fr\/wp-json\/wp\/v2\/product_brand?post=592540"},{"taxonomy":"product_cat","embeddable":true,"href":"https:\/\/shop.kustom.ch\/fr\/wp-json\/wp\/v2\/product_cat?post=592540"},{"taxonomy":"product_tag","embeddable":true,"href":"https:\/\/shop.kustom.ch\/fr\/wp-json\/wp\/v2\/product_tag?post=592540"}],"curies":[{"name":"wp","href":"https:\/\/api.w.org\/{rel}","templated":true}]}}