{"id":592521,"date":"2025-03-04T23:34:29","date_gmt":"2025-03-04T22:34:29","guid":{"rendered":"https:\/\/shop.kustom.ch\/?post_type=product&#038;p=592521"},"modified":"2026-03-31T09:12:28","modified_gmt":"2026-03-31T08:12:28","slug":"damen-multinorm-arbeitshose","status":"publish","type":"product","link":"https:\/\/shop.kustom.ch\/fr\/produit\/damen-multinorm-arbeitshose\/","title":{"rendered":"Pantalon de travail multi-normes pour femmes"},"content":{"rendered":"<p>Un pantalon multi-normes avec une coupe f\u00e9minine pour une protection maximale lors de travaux dans des environnements difficiles. Il poss\u00e8de un mat\u00e9riau r\u00e9sistant, une bonne coupe et des renforts suppl\u00e9mentaires au niveau des genoux. Le pantalon dispose de solutions de poches fonctionnelles pour les outils et de d\u00e9tails bien pens\u00e9s, comme un tissu fonc\u00e9 aux endroits expos\u00e9s aux salissures. Il poss\u00e8de des poches renforc\u00e9es aux genoux en Cordura\u00ae\/Kevlar\u00ae et prot\u00e8ge contre les \u00e9claboussures de produits chimiques liquides. Test\u00e9e pour le lavage industriel. Certifi\u00e9 selon les normes EN ISO 20471, EN 1149-5, IEC 61482-2, EN ISO 11611, EN ISO 11612, EN 13034, ATPV : 11.0 cal\/cm\u00b2.<\/p>\n<p>D\u00c9TAILS : poche d'identification amovible pour les v\u00eatements ignifuges. \u00c9tiquettes de certification ext\u00e9rieures. Passants pour la fermeture. FONCTIONNALIT\u00c9 : R\u00e9sistant \u00e0 l'huile, \u00e0 la salet\u00e9 et \u00e0 l'eau. PRINCIPALES CARACT\u00c9RISTIQUES : Artisan. EN 14004. REFLEX : Bandes r\u00e9fl\u00e9chissantes ignifuges avec doubles coutures. TISSU : Femme. Bleu. Poches pour genouill\u00e8res. Protection contre les flammes. POCHES : Poche sur la jambe avec soufflet, rabat et poche pour stylo, poche suppl\u00e9mentaire, poche pour t\u00e9l\u00e9phone portable et poche pour carte d'identit\u00e9. Poches arri\u00e8re \u00e0 rabat, cach\u00e9es par des boutons m\u00e9talliques. Poches rembourr\u00e9es aux genoux \u00e0 l'int\u00e9rieur. Poches avant avec rabat et bouton-pression. Poche m\u00e8tre renforc\u00e9e avec porte couteau et poche stylo. INSTRUCTIONS DE LAVAGE : PRO : convient au s\u00e9chage en tambour. CERTIFICATION : EN 1149-5. EN 13034 PB (6). EN 14404:2004+A1:2010 avec genouill\u00e8res 4027 et 4057. EN ISO 11611, classe 1 A1+A2. EN ISO 11612 A1, A2, B1, C1, E3, F1. EN ISO 20471, classe 1. IEC 61482-2, APC 1<\/p>\n<p>75% coton, 24% polyester, 1% antistatique, serg\u00e9, ignifug\u00e9, antistatique, 350 g\/m<\/p>","protected":false},"excerpt":{"rendered":"<p>Eine Multinorm Hose mit Damenschnitt f\u00fcr maximalen Schutz bei Arbeiten in rauen Umgebungen. Sie besitzt ein strapazierf\u00e4higes Material, eine gute Passform und zus\u00e4tzliche Verst\u00e4rkung im Kniebereich. Die Hose hat funktionelle Taschenl\u00f6sungen f\u00fcr Werkzeug und durchdachte Details wie ein dunkler Stoff an schmutzgef\u00e4hrdeten Stellen. Sie hat verst\u00e4rkte Kniepolstertaschen aus Cordura\u00ae\/Kevlar\u00ae und sch\u00fctzt vor Spritzern von fl\u00fcssigen [&hellip;]<\/p>\n","protected":false},"featured_media":592571,"template":"","meta":[],"product_brand":[],"product_cat":[4185],"product_tag":[],"class_list":{"0":"post-592521","1":"product","2":"type-product","3":"status-publish","4":"has-post-thumbnail","6":"product_cat-hosen","7":"pa_brand-blaklaeder","8":"pa_brand-type-workwear","9":"pa_filter-color-blau","10":"pa_filter-color-gelb","12":"first","13":"instock","14":"sale","15":"taxable","16":"shipping-taxable","17":"purchasable","18":"product-type-variable","19":"add-to-wishlist-before_image"},"exclude_global_add_ons":[],"addons":[],"acf":[],"_links":{"self":[{"href":"https:\/\/shop.kustom.ch\/fr\/wp-json\/wp\/v2\/product\/592521"}],"collection":[{"href":"https:\/\/shop.kustom.ch\/fr\/wp-json\/wp\/v2\/product"}],"about":[{"href":"https:\/\/shop.kustom.ch\/fr\/wp-json\/wp\/v2\/types\/product"}],"wp:featuredmedia":[{"embeddable":true,"href":"https:\/\/shop.kustom.ch\/fr\/wp-json\/wp\/v2\/media\/592571"}],"wp:attachment":[{"href":"https:\/\/shop.kustom.ch\/fr\/wp-json\/wp\/v2\/media?parent=592521"}],"wp:term":[{"taxonomy":"product_brand","embeddable":true,"href":"https:\/\/shop.kustom.ch\/fr\/wp-json\/wp\/v2\/product_brand?post=592521"},{"taxonomy":"product_cat","embeddable":true,"href":"https:\/\/shop.kustom.ch\/fr\/wp-json\/wp\/v2\/product_cat?post=592521"},{"taxonomy":"product_tag","embeddable":true,"href":"https:\/\/shop.kustom.ch\/fr\/wp-json\/wp\/v2\/product_tag?post=592521"}],"curies":[{"name":"wp","href":"https:\/\/api.w.org\/{rel}","templated":true}]}}