{"id":592442,"date":"2025-03-04T23:33:47","date_gmt":"2025-03-04T22:33:47","guid":{"rendered":"https:\/\/shop.kustom.ch\/?post_type=product&#038;p=592442"},"modified":"2026-03-31T09:12:20","modified_gmt":"2026-03-31T08:12:20","slug":"damen-service-softshell-winterhose","status":"publish","type":"product","link":"https:\/\/shop.kustom.ch\/fr\/produit\/damen-service-softshell-winterhose\/","title":{"rendered":"Pantalon d'hiver Service Softshell pour femmes"},"content":{"rendered":"<p>Pantalon de travail de service \u00e0 la coupe f\u00e9minine, con\u00e7u pour les v\u00eatements d'automne et d'hiver, enti\u00e8rement en tissu Softshell \u00e9lastique. Ce pantalon est non seulement souple, l\u00e9ger et hautement respirant, mais aussi suffisamment chaud pour les travaux en chambre froide et appr\u00e9ci\u00e9 des conducteurs qui montent et descendent r\u00e9guli\u00e8rement de leurs v\u00e9hicules.<\/p>\n<p>FERMETURE : Possibilit\u00e9 de rallonger l'ourlet de la jambe. D\u00c9TAILS : Bonnes surfaces pour les finitions. Bouton m\u00e9tallique recouvert de caoutchouc. Fermeture \u00e0 glissi\u00e8re en plastique \u00e0 l'entrejambe. \u00c9lastique \u00e0 la taille. FONCTIONNALIT\u00c9 : Stretch dans les deux sens. Jambes de pantalon particuli\u00e8rement ergonomiques. CARACTERISTIQUES PRINCIPALES : Conducteur. REFLEX : D\u00e9tails r\u00e9fl\u00e9chissants sur la jambe. TISSU : Disponible pour hommes et femmes. bleu. Stretch. Stretch. POCHES : Poches sur la jambe avec soufflet, fermeture \u00e0 glissi\u00e8re, poche pour stylo et couteau. Poche pour t\u00e9l\u00e9phone portable \u00e0 l'int\u00e9rieur. Poche m\u00e8tre \u00e0 l'int\u00e9rieur. INSTRUCTIONS DE LAVAGE : Ne pas blanchir.<\/p>\n<p>92% polyester, 8% \u00e9lasthanne, softshell 3 couches, imperm\u00e9able 11.000 mm, coupe-vent, respirant Ret 20,0, stretch, 255 g\/m<\/p>","protected":false},"excerpt":{"rendered":"<p>Service Arbeitshose mit femininem Schnitt, konzipiert f\u00fcr Herbst- und Winterbekleidung, komplett aus elastischem Softshell Stoff. Diese Hose ist nicht nur weich, leicht und hoch atmungsaktiv, sondern auch warm genug f\u00fcr Arbeiten in K\u00fchlr\u00e4umen und beliebt bei Fahrern, die immer wieder in und aus ihren Fahrzeugen steigen. ABSCHLUSS: Verl\u00e4ngerungsm\u00f6glichkeit am Beinsaum. DETAILS: Gute Oberfl\u00e4chen f\u00fcr Veredelung. [&hellip;]<\/p>\n","protected":false},"featured_media":0,"template":"","meta":[],"product_brand":[],"product_cat":[4185],"product_tag":[],"class_list":{"0":"post-592442","1":"product","2":"type-product","3":"status-publish","5":"product_cat-hosen","6":"pa_brand-blaklaeder","7":"pa_brand-type-workwear","8":"pa_filter-color-blau","9":"pa_filter-color-schwarz","11":"first","12":"instock","13":"sale","14":"taxable","15":"shipping-taxable","16":"purchasable","17":"product-type-variable","18":"add-to-wishlist-before_image"},"exclude_global_add_ons":[],"addons":[],"acf":[],"_links":{"self":[{"href":"https:\/\/shop.kustom.ch\/fr\/wp-json\/wp\/v2\/product\/592442"}],"collection":[{"href":"https:\/\/shop.kustom.ch\/fr\/wp-json\/wp\/v2\/product"}],"about":[{"href":"https:\/\/shop.kustom.ch\/fr\/wp-json\/wp\/v2\/types\/product"}],"wp:attachment":[{"href":"https:\/\/shop.kustom.ch\/fr\/wp-json\/wp\/v2\/media?parent=592442"}],"wp:term":[{"taxonomy":"product_brand","embeddable":true,"href":"https:\/\/shop.kustom.ch\/fr\/wp-json\/wp\/v2\/product_brand?post=592442"},{"taxonomy":"product_cat","embeddable":true,"href":"https:\/\/shop.kustom.ch\/fr\/wp-json\/wp\/v2\/product_cat?post=592442"},{"taxonomy":"product_tag","embeddable":true,"href":"https:\/\/shop.kustom.ch\/fr\/wp-json\/wp\/v2\/product_tag?post=592442"}],"curies":[{"name":"wp","href":"https:\/\/api.w.org\/{rel}","templated":true}]}}