{"id":592355,"date":"2025-03-04T23:32:35","date_gmt":"2025-03-04T22:32:35","guid":{"rendered":"https:\/\/shop.kustom.ch\/?post_type=product&#038;p=592355"},"modified":"2026-03-31T09:12:02","modified_gmt":"2026-03-31T08:12:02","slug":"damen-servicehose-mit-stretch","status":"publish","type":"product","link":"https:\/\/shop.kustom.ch\/fr\/produit\/damen-servicehose-mit-stretch\/","title":{"rendered":"Pantalon de service pour femmes avec stretch"},"content":{"rendered":"<p>Un pantalon de service\/transport flexible et r\u00e9sistant avec une coupe f\u00e9minine qui convient \u00e0 diff\u00e9rentes situations o\u00f9 le confort et la mobilit\u00e9 sont n\u00e9cessaires. Ce pantalon est dot\u00e9 d'un \u00e9lastique \u00e0 la taille et d'une coupe l\u00e9g\u00e8rement plus \u00e9troite, et il est \u00e9quip\u00e9 d'inserts stretch pour une flexibilit\u00e9 accrue. Les genoux renforc\u00e9s en CORDURA\u00ae augmentent encore la dur\u00e9e de vie du pantalon. Il peut \u00eatre rallong\u00e9 \u00e0 l'ourlet de la jambe. Le pantalon a deux poches \u00e0 l'arri\u00e8re, des poches \u00e0 soufflet \u00e0 l'avant et une poche sur la jambe qui convient bien pour ranger des documents. Les couleurs contrast\u00e9es de la poche sur la jambe et des coutures renforcent l'impression g\u00e9n\u00e9rale. Les d\u00e9tails noirs r\u00e9fl\u00e9chissants augmentent la visibilit\u00e9 du v\u00eatement. \u00c9galement disponible en mod\u00e8le homme 1456.<\/p>\n<p>FINITION : Possibilit\u00e9 de rallonger l'ourlet de la jambe. Bas de jambe avec renforts CORDURA\u00ae. D\u00c9TAILS : Anneau en D. Bouton en m\u00e9tal. Fermeture \u00e9clair en plastique \u00e0 l'entrejambe. \u00c9lastique \u00e0 la taille. FONCTIONNALIT\u00c9 : Tissu stretch sur le devant, \u00e0 l'empi\u00e8cement, \u00e0 l'avant et \u00e0 l'arri\u00e8re des genoux et \u00e0 l'entrejambe. Taille pour femme. CARACT\u00c9RISTIQUES PRINCIPALES : Conducteur. EN 14004. REFLEX : D\u00e9tails r\u00e9fl\u00e9chissants sur la jambe. TISSU : Femmes. Noir. Insert en stretch. Industrie \/ Service. POCHES : Poche sur la jambe avec soufflet, fermeture \u00e0 glissi\u00e8re, poche pour stylo et couteau. Poche pour documents. Poches arri\u00e8re. Poches rembourr\u00e9es aux genoux \u00e0 l'int\u00e9rieur. Poches lat\u00e9rales. INSTRUCTIONS DE LAVAGE : Ne pas blanchir. RENFORCEMENT : Renforc\u00e9 en CORDURA\u00ae au niveau des genoux. CERTIFICATION : EN 14404 2004+A1 2010, type 1, niveau 0 avec genouill\u00e8re art. 4057<\/p>\n<p>65% polyester, 35% coton, tissage fin , 166g\/m<\/p>","protected":false},"excerpt":{"rendered":"<p>Eine flexible und strapazierf\u00e4hige Service-\/Transporthose mit weiblicher Passform, die sich f\u00fcr verschiedene Situationen eignet, in denen Komfort und Beweglichkeit gefragt sind. Diese Hose hat einen Gummizug an der Taille und eine etwas schmalere Passform und ist mit Stretch-Eins\u00e4tzen f\u00fcr erh\u00f6hte Flexibilit\u00e4t ausgestattet. Die CORDURA\u00ae-verst\u00e4rkten Knie erh\u00f6hen die Lebensdauer der Hose zus\u00e4tzlich. Sie kann am Beinsaum [&hellip;]<\/p>\n","protected":false},"featured_media":592366,"template":"","meta":[],"product_brand":[],"product_cat":[4185],"product_tag":[],"class_list":{"0":"post-592355","1":"product","2":"type-product","3":"status-publish","4":"has-post-thumbnail","6":"product_cat-hosen","7":"pa_brand-blaklaeder","8":"pa_brand-type-workwear","9":"pa_filter-color-blau","10":"pa_filter-color-gelb","11":"pa_filter-color-grau","12":"pa_filter-color-rot","13":"pa_filter-color-schwarz","15":"first","16":"instock","17":"sale","18":"taxable","19":"shipping-taxable","20":"purchasable","21":"product-type-variable","22":"add-to-wishlist-before_image"},"exclude_global_add_ons":[],"addons":[],"acf":[],"_links":{"self":[{"href":"https:\/\/shop.kustom.ch\/fr\/wp-json\/wp\/v2\/product\/592355"}],"collection":[{"href":"https:\/\/shop.kustom.ch\/fr\/wp-json\/wp\/v2\/product"}],"about":[{"href":"https:\/\/shop.kustom.ch\/fr\/wp-json\/wp\/v2\/types\/product"}],"wp:featuredmedia":[{"embeddable":true,"href":"https:\/\/shop.kustom.ch\/fr\/wp-json\/wp\/v2\/media\/592366"}],"wp:attachment":[{"href":"https:\/\/shop.kustom.ch\/fr\/wp-json\/wp\/v2\/media?parent=592355"}],"wp:term":[{"taxonomy":"product_brand","embeddable":true,"href":"https:\/\/shop.kustom.ch\/fr\/wp-json\/wp\/v2\/product_brand?post=592355"},{"taxonomy":"product_cat","embeddable":true,"href":"https:\/\/shop.kustom.ch\/fr\/wp-json\/wp\/v2\/product_cat?post=592355"},{"taxonomy":"product_tag","embeddable":true,"href":"https:\/\/shop.kustom.ch\/fr\/wp-json\/wp\/v2\/product_tag?post=592355"}],"curies":[{"name":"wp","href":"https:\/\/api.w.org\/{rel}","templated":true}]}}