{"id":592318,"date":"2025-03-04T23:32:28","date_gmt":"2025-03-04T22:32:28","guid":{"rendered":"https:\/\/shop.kustom.ch\/?post_type=product&#038;p=592318"},"modified":"2026-03-31T09:11:54","modified_gmt":"2026-03-31T08:11:54","slug":"damen-chinohose-2-wege-stretch","status":"publish","type":"product","link":"https:\/\/shop.kustom.ch\/fr\/produit\/damen-chinohose-2-wege-stretch\/","title":{"rendered":"Pantalon chino pour femme, stretch \u00e0 2 voies"},"content":{"rendered":"<p>Pantalon chino avec une coupe l\u00e9g\u00e8rement plus fine et f\u00e9minine. Enti\u00e8rement r\u00e9alis\u00e9 en tissu stretch \u00e0 deux sens, il offre un plus grand confort lorsque tu travailles dans les magasins ou lorsque tu es sur le terrain. Le pantalon est con\u00e7u pour r\u00e9sister aux lavages industriels r\u00e9p\u00e9t\u00e9s et dispose d'une poche zipp\u00e9e intelligente.<\/p>\n<p>FERMETURE : Possibilit\u00e9 de rallonger l'ourlet de la jambe. D\u00c9TAILS : Boutons en plastique. Fermeture \u00e0 glissi\u00e8re en plastique \u00e0 l'entrejambe. FONCTIONNALIT\u00c9 : Stretch \u00e0 deux voies. Taille pour femme. CARACTERISTIQUES PRINCIPALES : Employ\u00e9 de service. TISSU : Disponible pour hommes et femmes. bleu. Tissu stretch. Industrie \/ Service. POCHES : Poches arri\u00e8re. Poche int\u00e9rieure avec poche zipp\u00e9e cach\u00e9e. INSTRUCTIONS DE LAVAGE : 70\u00b0 C<\/p>\n<p>63% polyester, 33% coton, 4% \u00e9lastofin, serg\u00e9, stretch, 245 g\/m<\/p>","protected":false},"excerpt":{"rendered":"<p>Chinohose mit einem etwas schlankeren, femininen Schnitt. Vollst\u00e4ndig aus 2-Wege-Stretch Stoff, um mehr Komfort bei der Arbeit in Gesch\u00e4ften oder im praktischen Einsatz zu bieten. Die Hose ist so entwickelt, dass sie wiederholten industriellen W\u00e4schen standh\u00e4lt und \u00fcber eine intelligente Reissverschlusstasche verf\u00fcgt. ABSCHLUSS: Verl\u00e4ngerungsm\u00f6glichkeit am Beinsaum. DETAILS: Kunststoff-Kn\u00f6pfe. Kunststoff-Reissverschluss im Schritt. FUNKTIONALIT\u00c4T: 2-Wege-Stretch. Damengr\u00f6sse. HAUPTEIGENSCHAFTEN: [&hellip;]<\/p>\n","protected":false},"featured_media":592364,"template":"","meta":[],"product_brand":[],"product_cat":[4185],"product_tag":[],"class_list":{"0":"post-592318","1":"product","2":"type-product","3":"status-publish","4":"has-post-thumbnail","6":"product_cat-hosen","7":"pa_brand-blaklaeder","8":"pa_brand-type-workwear","9":"pa_filter-color-blau","10":"pa_filter-color-schwarz","12":"first","13":"instock","14":"sale","15":"taxable","16":"shipping-taxable","17":"purchasable","18":"product-type-variable","19":"add-to-wishlist-before_image"},"exclude_global_add_ons":[],"addons":[],"acf":[],"_links":{"self":[{"href":"https:\/\/shop.kustom.ch\/fr\/wp-json\/wp\/v2\/product\/592318"}],"collection":[{"href":"https:\/\/shop.kustom.ch\/fr\/wp-json\/wp\/v2\/product"}],"about":[{"href":"https:\/\/shop.kustom.ch\/fr\/wp-json\/wp\/v2\/types\/product"}],"wp:featuredmedia":[{"embeddable":true,"href":"https:\/\/shop.kustom.ch\/fr\/wp-json\/wp\/v2\/media\/592364"}],"wp:attachment":[{"href":"https:\/\/shop.kustom.ch\/fr\/wp-json\/wp\/v2\/media?parent=592318"}],"wp:term":[{"taxonomy":"product_brand","embeddable":true,"href":"https:\/\/shop.kustom.ch\/fr\/wp-json\/wp\/v2\/product_brand?post=592318"},{"taxonomy":"product_cat","embeddable":true,"href":"https:\/\/shop.kustom.ch\/fr\/wp-json\/wp\/v2\/product_cat?post=592318"},{"taxonomy":"product_tag","embeddable":true,"href":"https:\/\/shop.kustom.ch\/fr\/wp-json\/wp\/v2\/product_tag?post=592318"}],"curies":[{"name":"wp","href":"https:\/\/api.w.org\/{rel}","templated":true}]}}