{"id":592256,"date":"2025-03-04T23:31:50","date_gmt":"2025-03-04T22:31:50","guid":{"rendered":"https:\/\/shop.kustom.ch\/?post_type=product&#038;p=592256"},"modified":"2026-03-31T09:11:49","modified_gmt":"2026-03-31T08:11:49","slug":"damen-high-vis-arbeitshose-mit-stretch-2","status":"publish","type":"product","link":"https:\/\/shop.kustom.ch\/fr\/produit\/damen-high-vis-arbeitshose-mit-stretch-2\/","title":{"rendered":"Pantalon de travail haute visibilit\u00e9 pour femmes avec stretch"},"content":{"rendered":"<p>Le pantalon de travail High Vis est adapt\u00e9 aux conditions de travail difficiles dans un environnement exigeant. Le pantalon est flexible et robuste avec une taille \u00e9lastique et des empi\u00e8cements stretch pour un ajustement confortable. Il dispose de plusieurs poches fonctionnelles et de d\u00e9tails bien pens\u00e9s pour une meilleure performance. La poche pour genouill\u00e8re a \u00e9t\u00e9 con\u00e7ue pour la genouill\u00e8re 4027 et est dot\u00e9e d'un tissu CORDURA\u00ae Stretch pour un meilleur confort lors du travail sur les genoux. Certifi\u00e9 EN ISO 20471 classe 2, v\u00eatement de protection \u00e0 haute visibilit\u00e9.<\/p>\n<p>FERMETURE : Possibilit\u00e9 de rallonger l'ourlet de la jambe. D\u00c9TAILS : fermeture \u00e9clair en plastique \u00e0 l'entrejambe. Passants, dont un avec anneau en D. \u00c9lastique \u00e0 la taille. FONCTIONNALIT\u00c9 : Inserts stretch \u00e0 l'entrejambe, aux genoux et au fessier. Jambes de pantalon particuli\u00e8rement ergonomiques. CARACT\u00c9RISTIQUES PRINCIPALES : Artisan. EN 14004. REFLEX : Mat\u00e9riau r\u00e9fl\u00e9chissant tout autour des jambes. TISSU : Disponible pour hommes et femmes. Orange haute visibilit\u00e9. Poches pour genouill\u00e8res. Protection haute visibilit\u00e9. POCHES : Poche sur la jambe avec soufflet, fermeture \u00e0 glissi\u00e8re, poche pour stylo et couteau. Poche arri\u00e8re, dont une avec rabat. Poche pour t\u00e9l\u00e9phone portable \u00e0 l'int\u00e9rieur. Poches ext\u00e9rieures pour genouill\u00e8res. Poches \u00e0 clous renforc\u00e9es en trois parties. Poches lat\u00e9rales. Poche m\u00e8tre renforc\u00e9e avec porte couteau et poche stylo. INSTRUCTIONS DE LAVAGE : Nombre de lavages : 50. Repassage - bas. RENFORCEMENT : Poches genouill\u00e8res renforc\u00e9es en Cordura\u00ae Stretch. CERTIFICATION : EN 14404:2004+A1:2010 avec genouill\u00e8res 4027, 4057, 4058 et 4032. EN ISO 20471, classe 2.<\/p>\n<p>65% polyester, 35% coton, serg\u00e9, ext\u00e9rieur hydrofuge, 240g\/m<\/p>","protected":false},"excerpt":{"rendered":"<p>Die High Vis Arbeitshose ist geeignet f\u00fcr harte Arbeitsbedingungen in fordernder Umgebung. Die Hose ist flexibel und robust mit einer elastischen Taille und Stretch-Eins\u00e4tzen f\u00fcr einen bequemen Sitz. Sie hat verschiedene funktionelle Taschen und durchdachte Details f\u00fcr eine verbesserte Leistung. Die Kniepolstertasche wurde f\u00fcr das Kniepolster 4027 entwickelt und ist mit CORDURA\u00ae Stretch Stoff f\u00fcr [&hellip;]<\/p>\n","protected":false},"featured_media":592308,"template":"","meta":[],"product_brand":[],"product_cat":[4185],"product_tag":[],"class_list":{"0":"post-592256","1":"product","2":"type-product","3":"status-publish","4":"has-post-thumbnail","6":"product_cat-hosen","7":"pa_brand-blaklaeder","8":"pa_brand-type-workwear","9":"pa_filter-color-blau","10":"pa_filter-color-orange","12":"first","13":"instock","14":"sale","15":"taxable","16":"shipping-taxable","17":"purchasable","18":"product-type-variable","19":"add-to-wishlist-before_image"},"exclude_global_add_ons":[],"addons":[],"acf":[],"_links":{"self":[{"href":"https:\/\/shop.kustom.ch\/fr\/wp-json\/wp\/v2\/product\/592256"}],"collection":[{"href":"https:\/\/shop.kustom.ch\/fr\/wp-json\/wp\/v2\/product"}],"about":[{"href":"https:\/\/shop.kustom.ch\/fr\/wp-json\/wp\/v2\/types\/product"}],"wp:featuredmedia":[{"embeddable":true,"href":"https:\/\/shop.kustom.ch\/fr\/wp-json\/wp\/v2\/media\/592308"}],"wp:attachment":[{"href":"https:\/\/shop.kustom.ch\/fr\/wp-json\/wp\/v2\/media?parent=592256"}],"wp:term":[{"taxonomy":"product_brand","embeddable":true,"href":"https:\/\/shop.kustom.ch\/fr\/wp-json\/wp\/v2\/product_brand?post=592256"},{"taxonomy":"product_cat","embeddable":true,"href":"https:\/\/shop.kustom.ch\/fr\/wp-json\/wp\/v2\/product_cat?post=592256"},{"taxonomy":"product_tag","embeddable":true,"href":"https:\/\/shop.kustom.ch\/fr\/wp-json\/wp\/v2\/product_tag?post=592256"}],"curies":[{"name":"wp","href":"https:\/\/api.w.org\/{rel}","templated":true}]}}