{"id":591750,"date":"2025-03-04T23:26:11","date_gmt":"2025-03-04T22:26:11","guid":{"rendered":"https:\/\/shop.kustom.ch\/?post_type=product&#038;p=591750"},"modified":"2026-03-31T09:11:04","modified_gmt":"2026-03-31T08:11:04","slug":"damen-service-arbeitshose-denim-stretch","status":"publish","type":"product","link":"https:\/\/shop.kustom.ch\/fr\/produit\/damen-service-arbeitshose-denim-stretch\/","title":{"rendered":"Pantalon de travail pour femmes Denim Stretch"},"content":{"rendered":"<p>Pantalon de travail de service qui fait passer la performance au niveau sup\u00e9rieur. Pantalon en denim stretch avec inserts en stretch 4 directions \u00e0 l'avant, \u00e0 l'arri\u00e8re, \u00e0 l'entrejambe et aux genoux. La taille \u00e9lastique rend ce pantalon tr\u00e8s confortable. Ce pantalon est enti\u00e8rement r\u00e9sistant aux \u00e9raflures.<\/p>\n<p>FERMETURE : Possibilit\u00e9 de rallonger l'ourlet de la jambe. D\u00c9TAILS : Boutons cach\u00e9s. Fermeture \u00e0 glissi\u00e8re en plastique \u00e0 l'entrejambe. \u00c9lastique \u00e0 la taille. FONCTIONNALIT\u00c9 : Stretch \u00e0 deux sens. Coupe slim. CARACT\u00c9RISTIQUES PRINCIPALES : pouvoir nettoyant. EN 14004. TISSU : Disponible pour hommes et femmes. bleu. Poches pour genouill\u00e8res. Tissu stretch. POCHES : Poches sur les jambes avec soufflet, poche pour stylo et couteau. Rabat avec boutons magn\u00e9tiques cach\u00e9s. Poche pour t\u00e9l\u00e9phone portable \u00e0 l'int\u00e9rieur. Poches rembourr\u00e9es aux genoux \u00e0 l'int\u00e9rieur. Poches lat\u00e9rales. Poche m\u00e8tre \u00e0 l'int\u00e9rieur. INSTRUCTIONS DE LAVAGE : repassage - bas. CERTIFICATION : EN 14404:2004+A1:2010 avec genouill\u00e8re 4057<\/p>\n<p>80% coton, 17% polyamide, 3% \u00e9lasthanne, denim enduit, CORDURA\u00ae Denim Stretch, 300 g\/m<\/p>","protected":false},"excerpt":{"rendered":"<p>Service Arbeitshose, die Performance auf die n\u00e4chste Stufe hebt. Hose aus Denim Stretch mit Stretch Eins\u00e4tzen aus 4-Wege-Stretch an der Vorderseite, R\u00fcckseite, im Schritt und an den Knien. Die elastische Taille macht diese Hose sehr bequem. Diese Hose ist vollst\u00e4ndig kratzerresistent. ABSCHLUSS: Verl\u00e4ngerungsm\u00f6glichkeit am Beinsaum. DETAILS: Verdeckte Kn\u00f6pfe. Kunststoff-Reissverschluss im Schritt. Gummizug an der Taille. [&hellip;]<\/p>\n","protected":false},"featured_media":591778,"template":"","meta":[],"product_brand":[],"product_cat":[4185],"product_tag":[],"class_list":{"0":"post-591750","1":"product","2":"type-product","3":"status-publish","4":"has-post-thumbnail","6":"product_cat-hosen","7":"pa_brand-blaklaeder","8":"pa_brand-type-workwear","9":"pa_filter-color-blau","10":"pa_filter-color-schwarz","12":"first","13":"instock","14":"sale","15":"taxable","16":"shipping-taxable","17":"purchasable","18":"product-type-variable","19":"add-to-wishlist-before_image"},"exclude_global_add_ons":[],"addons":[],"acf":[],"_links":{"self":[{"href":"https:\/\/shop.kustom.ch\/fr\/wp-json\/wp\/v2\/product\/591750"}],"collection":[{"href":"https:\/\/shop.kustom.ch\/fr\/wp-json\/wp\/v2\/product"}],"about":[{"href":"https:\/\/shop.kustom.ch\/fr\/wp-json\/wp\/v2\/types\/product"}],"wp:featuredmedia":[{"embeddable":true,"href":"https:\/\/shop.kustom.ch\/fr\/wp-json\/wp\/v2\/media\/591778"}],"wp:attachment":[{"href":"https:\/\/shop.kustom.ch\/fr\/wp-json\/wp\/v2\/media?parent=591750"}],"wp:term":[{"taxonomy":"product_brand","embeddable":true,"href":"https:\/\/shop.kustom.ch\/fr\/wp-json\/wp\/v2\/product_brand?post=591750"},{"taxonomy":"product_cat","embeddable":true,"href":"https:\/\/shop.kustom.ch\/fr\/wp-json\/wp\/v2\/product_cat?post=591750"},{"taxonomy":"product_tag","embeddable":true,"href":"https:\/\/shop.kustom.ch\/fr\/wp-json\/wp\/v2\/product_tag?post=591750"}],"curies":[{"name":"wp","href":"https:\/\/api.w.org\/{rel}","templated":true}]}}