{"id":591648,"date":"2025-03-04T23:24:48","date_gmt":"2025-03-04T22:24:48","guid":{"rendered":"https:\/\/shop.kustom.ch\/?post_type=product&#038;p=591648"},"modified":"2026-03-31T09:10:50","modified_gmt":"2026-03-31T08:10:50","slug":"damen-industrie-arbeitshose-stretch-2","status":"publish","type":"product","link":"https:\/\/shop.kustom.ch\/fr\/produit\/damen-industrie-arbeitshose-stretch-2\/","title":{"rendered":"Pantalon de travail industriel stretch pour femmes"},"content":{"rendered":"<p>Ce pantalon de travail pour femme fait partie de la nouvelle collection industrielle avec stretch de Bl\u00e5kl\u00e4der. Adapt\u00e9 au lavage industriel, ce pantalon r\u00e9sistant aux \u00e9raflures est enti\u00e8rement fabriqu\u00e9 dans un tissu stretch \u00e0 deux sens et poss\u00e8de une taille \u00e9lastique qui le rend encore plus confortable. Les caract\u00e9ristiques cach\u00e9es comprennent une poche int\u00e9rieure pour m\u00e8tre pliant, une poche de s\u00e9curit\u00e9 zipp\u00e9e et des boutons-pression, ce qui rend ce pantalon extr\u00eamement fiable pour travailler dans des environnements avec des surfaces sensibles. Des bandes r\u00e9fl\u00e9chissantes assurent une visibilit\u00e9 suppl\u00e9mentaire en cas de besoin.<\/p>\n<p>FERMETURE : Possibilit\u00e9 de rallonger l'ourlet de la jambe. D\u00c9TAILS : Anneau en D. Boutons-pression en m\u00e9tal. Couture int\u00e9rieure de la jambe avec triple couture. Fermeture \u00e9clair en plastique \u00e0 l'entrejambe. \u00c9lastique \u00e0 la taille. FONCTIONNALIT\u00c9 : Stretch dans les deux sens. Jambes de pantalon de forme particuli\u00e8rement ergonomique. PRINCIPALES CARACT\u00c9RISTIQUES : manutentionnaires. REFLEX : D\u00e9tails r\u00e9fl\u00e9chissants sur la jambe. TISSU : Disponible pour hommes et femmes. Stretch . Stretch. POCHES : Poches sur la jambe avec soufflet et rabat, boutons m\u00e9talliques cach\u00e9s. Poche arri\u00e8re, une avec rabat. Poche pour t\u00e9l\u00e9phone portable \u00e0 l'int\u00e9rieur. Poches de pantalon avec poche \u00e0 fermeture \u00e9clair. Poche m\u00e8tre \u00e0 l'int\u00e9rieur. INSTRUCTIONS DE LAVAGE : Ne pas blanchir. LAVAGE : lavage industriel EN ISO 15797<\/p>\n<p>63% polyester, 33% coton, 4% \u00e9lastofin, serg\u00e9, stretch, 260 g\/m<\/p>","protected":false},"excerpt":{"rendered":"<p>Diese Damen Arbeitshose ist Teil der neuen Industriekollektion mit Stretch von Bl\u00e5kl\u00e4der. Geeignet f\u00fcr die Industriew\u00e4sche, besteht diese kratzerresistente Hose vollst\u00e4ndig aus 2-Wege-Stretch Material und hat einen elastischen Bund, der f\u00fcr noch mehr Tragekomfort sorgt. Zu den verdeckten Eigenschaften geh\u00f6ren eine Zollstock-Innentasche, eine Sicherheitstasche mit Reissverschluss und Druckkn\u00f6pfe, die diese \u00e4usserst zuverl\u00e4ssige Hose f\u00fcr das [&hellip;]<\/p>\n","protected":false},"featured_media":591661,"template":"","meta":[],"product_brand":[],"product_cat":[4185],"product_tag":[],"class_list":{"0":"post-591648","1":"product","2":"type-product","3":"status-publish","4":"has-post-thumbnail","6":"product_cat-hosen","7":"pa_brand-blaklaeder","8":"pa_brand-type-workwear","9":"pa_filter-color-blau","10":"pa_filter-color-gelb","12":"first","13":"instock","14":"sale","15":"taxable","16":"shipping-taxable","17":"purchasable","18":"product-type-variable","19":"add-to-wishlist-before_image"},"exclude_global_add_ons":[],"addons":[],"acf":[],"_links":{"self":[{"href":"https:\/\/shop.kustom.ch\/fr\/wp-json\/wp\/v2\/product\/591648"}],"collection":[{"href":"https:\/\/shop.kustom.ch\/fr\/wp-json\/wp\/v2\/product"}],"about":[{"href":"https:\/\/shop.kustom.ch\/fr\/wp-json\/wp\/v2\/types\/product"}],"wp:featuredmedia":[{"embeddable":true,"href":"https:\/\/shop.kustom.ch\/fr\/wp-json\/wp\/v2\/media\/591661"}],"wp:attachment":[{"href":"https:\/\/shop.kustom.ch\/fr\/wp-json\/wp\/v2\/media?parent=591648"}],"wp:term":[{"taxonomy":"product_brand","embeddable":true,"href":"https:\/\/shop.kustom.ch\/fr\/wp-json\/wp\/v2\/product_brand?post=591648"},{"taxonomy":"product_cat","embeddable":true,"href":"https:\/\/shop.kustom.ch\/fr\/wp-json\/wp\/v2\/product_cat?post=591648"},{"taxonomy":"product_tag","embeddable":true,"href":"https:\/\/shop.kustom.ch\/fr\/wp-json\/wp\/v2\/product_tag?post=591648"}],"curies":[{"name":"wp","href":"https:\/\/api.w.org\/{rel}","templated":true}]}}