{"id":591609,"date":"2025-03-04T23:24:14","date_gmt":"2025-03-04T22:24:14","guid":{"rendered":"https:\/\/shop.kustom.ch\/?post_type=product&#038;p=591609"},"modified":"2026-03-31T09:10:42","modified_gmt":"2026-03-31T08:10:42","slug":"damen-service-arbeitshose-stretch","status":"publish","type":"product","link":"https:\/\/shop.kustom.ch\/fr\/produit\/damen-service-arbeitshose-stretch\/","title":{"rendered":"Pantalon de travail de service stretch pour femmes"},"content":{"rendered":"<p>Un pantalon de service pour femmes, fabriqu\u00e9 en CORDURA\u00ae Denim Stretch robuste. Le pantalon a une taille \u00e9lastique, ne se raye pas et le tissu est solide et doux. Il poss\u00e8de des poches intelligemment plac\u00e9es, des jambes pr\u00e9form\u00e9es pour un meilleur confort et des d\u00e9tails r\u00e9fl\u00e9chissants noirs pour une meilleure visibilit\u00e9. Le v\u00eatement peut \u00eatre lav\u00e9 pour une sensation plus douce.<\/p>\n<p>DETAILS : Boutons cach\u00e9s. Couture double \u00e0 l'entrejambe. Fermeture \u00e0 glissi\u00e8re m\u00e9tallique \u00e0 l'entrejambe. Broderie Bl\u00e5kl\u00e4der \u00e0 l'arri\u00e8re. \u00c9lastique \u00e0 la taille. FONCTIONNALIT\u00c9 : Stretch dans les deux sens. Jambes de pantalon particuli\u00e8rement ergonomiques. CARACT\u00c9RISTIQUES PRINCIPALES : Artisan. EN 14004. REFLEX : D\u00e9tails r\u00e9fl\u00e9chissants sur la jambe. TISSU : Femme. Bleu. Poches pour genouill\u00e8res. Industrie \/ Service. POCHES : Poche sur la jambe avec soufflet, poche pour stylo et poche pour t\u00e9l\u00e9phone portable \u00e0 l'int\u00e9rieur en mesh. Poches arri\u00e8re. Poches genouill\u00e8res \u00e0 l'int\u00e9rieur. Poche pour la monnaie. Poches lat\u00e9rales. INSTRUCTIONS DE LAVAGE : Ne pas nettoyer \u00e0 sec. CERTIFICATION : EN 14404 2004+A1 2010, type 1, niveau 0 avec genouill\u00e8re art. 4057<\/p>\n<p>55% coton, 15% polyamide, 30% polyester, denim enduit, CORDURA\u00ae denim, stretch, 340 g\/m<\/p>","protected":false},"excerpt":{"rendered":"<p>Eine Service Hose f\u00fcr Damen, die aus robustem CORDURA\u00ae Denim Stretch besteht. Die Hose hat eine elastische Taille, ist kratzfrei und der Stoff ist stark und weich. Sie hat clever platzierte Taschen, vorgeformte Beine f\u00fcr besseren Komfort und schwarze Reflexdetails f\u00fcr bessere Sichtbarkeit. Das Kleidungsst\u00fcck kann f\u00fcr ein weicheres Gef\u00fchl gewaschen werden. DETAILS: Verdeckte Kn\u00f6pfe. [&hellip;]<\/p>\n","protected":false},"featured_media":591659,"template":"","meta":[],"product_brand":[],"product_cat":[4185],"product_tag":[],"class_list":{"0":"post-591609","1":"product","2":"type-product","3":"status-publish","4":"has-post-thumbnail","6":"product_cat-hosen","7":"pa_brand-blaklaeder","8":"pa_brand-type-workwear","9":"pa_filter-color-blau","10":"pa_filter-color-schwarz","12":"first","13":"instock","14":"sale","15":"taxable","16":"shipping-taxable","17":"purchasable","18":"product-type-variable","19":"add-to-wishlist-before_image"},"exclude_global_add_ons":[],"addons":[],"acf":[],"_links":{"self":[{"href":"https:\/\/shop.kustom.ch\/fr\/wp-json\/wp\/v2\/product\/591609"}],"collection":[{"href":"https:\/\/shop.kustom.ch\/fr\/wp-json\/wp\/v2\/product"}],"about":[{"href":"https:\/\/shop.kustom.ch\/fr\/wp-json\/wp\/v2\/types\/product"}],"wp:featuredmedia":[{"embeddable":true,"href":"https:\/\/shop.kustom.ch\/fr\/wp-json\/wp\/v2\/media\/591659"}],"wp:attachment":[{"href":"https:\/\/shop.kustom.ch\/fr\/wp-json\/wp\/v2\/media?parent=591609"}],"wp:term":[{"taxonomy":"product_brand","embeddable":true,"href":"https:\/\/shop.kustom.ch\/fr\/wp-json\/wp\/v2\/product_brand?post=591609"},{"taxonomy":"product_cat","embeddable":true,"href":"https:\/\/shop.kustom.ch\/fr\/wp-json\/wp\/v2\/product_cat?post=591609"},{"taxonomy":"product_tag","embeddable":true,"href":"https:\/\/shop.kustom.ch\/fr\/wp-json\/wp\/v2\/product_tag?post=591609"}],"curies":[{"name":"wp","href":"https:\/\/api.w.org\/{rel}","templated":true}]}}